{"id":1126,"date":"2020-05-06T18:38:44","date_gmt":"2020-05-06T18:38:44","guid":{"rendered":"https:\/\/mellifera.qodeinteractive.com\/?page_id=1126"},"modified":"2025-07-13T17:02:51","modified_gmt":"2025-07-13T14:02:51","slug":"about-us","status":"publish","type":"page","link":"https:\/\/balinyurdu.com\/?page_id=1126","title":{"rendered":"Hakk\u0131m\u0131zda"},"content":{"rendered":"\t\t<div data-elementor-type=\"wp-page\" data-elementor-id=\"1126\" class=\"elementor elementor-1126\">\n\t\t\t\t\t\t<section class=\"elementor-section elementor-top-section elementor-element elementor-element-c8f43aa elementor-section-boxed elementor-section-height-default elementor-section-height-default\" data-id=\"c8f43aa\" data-element_type=\"section\" data-settings=\"{&quot;background_background&quot;:&quot;classic&quot;}\">\n\t\t\t\t\t\t<div class=\"elementor-container elementor-column-gap-default\">\n\t\t\t\t\t<div class=\"elementor-column elementor-col-50 elementor-top-column elementor-element elementor-element-070f7e3\" data-id=\"070f7e3\" data-element_type=\"column\">\n\t\t\t<div class=\"elementor-widget-wrap elementor-element-populated\">\n\t\t\t\t\n\n\t\t<div class=\"elementor-element elementor-element-8a263f3 elementor-widget elementor-widget-text-editor\" data-id=\"8a263f3\" data-element_type=\"widget\" data-widget_type=\"text-editor.default\">\n\t\t\t\t\t\t\t\t\t<p>Neden <span style=\"color: #d3a863;\"><strong>Bal\u0131n Yurdu?<\/strong><\/span><\/p>\t\t\t\t\t\t\t\t<\/div>\n\t\t\t\t<div class=\"elementor-element elementor-element-e3a5c1b elementor-invisible elementor-widget elementor-widget-image\" data-id=\"e3a5c1b\" data-element_type=\"widget\" data-settings=\"{&quot;_animation&quot;:&quot;fadeIn&quot;}\" data-widget_type=\"image.default\">\n\t\t\t\t\t\t\t\t\t\t\t\t\t\t\t<img fetchpriority=\"high\" decoding=\"async\" width=\"308\" height=\"574\" src=\"https:\/\/balinyurdu.com\/wp-content\/uploads\/2020\/04\/h2-img-3.jpg\" class=\"attachment-large size-large wp-image-253\" alt=\"sdds\" srcset=\"https:\/\/balinyurdu.com\/wp-content\/uploads\/2020\/04\/h2-img-3.jpg 308w, https:\/\/balinyurdu.com\/wp-content\/uploads\/2020\/04\/h2-img-3-161x300.jpg 161w\" sizes=\"(max-width: 308px) 100vw, 308px\" \/>\t\t\t\t\t\t\t\t\t\t\t\t\t\t\t<\/div>\n\t\t\t\t\t<\/div>\n\t\t<\/div>\n\t\t\t\t<div class=\"elementor-column elementor-col-50 elementor-top-column elementor-element elementor-element-1ea368b\" data-id=\"1ea368b\" data-element_type=\"column\">\n\t\t\t<div class=\"elementor-widget-wrap elementor-element-populated\">\n\t\t\t\t\t\t<div class=\"elementor-element elementor-element-6f97452 elementor-widget elementor-widget-wp-widget-text\" data-id=\"6f97452\" data-element_type=\"widget\" data-widget_type=\"wp-widget-text.default\">\n\t\t\t\t<div class=\"elementor-widget-container\">\n\t\t\t\t\t\t\t\t<div class=\"textwidget\"><p>\u00dcr\u00fcnlerimizin \u00dcretiminde Kesinlikle Zararl\u0131 Katk\u0131 Maddesi Bulunmamaktad\u0131r. Sa\u011fl\u0131\u011f\u0131n\u0131z Bizim \u0130\u00e7in \u00d6nemlidir.<\/p>\n<p>Bal\u0131n yurdu G\u0131da \u00dcr\u00fcnleri Firmas\u0131 olarak siz de\u011ferli m\u00fc\u015fterilerimize helal ve temiz \u00fcr\u00fcnler satmak gayesiyle ticaret hayat\u0131m\u0131za ba\u015flad\u0131k. \u00dcr\u00fcnlerimiz do\u011fal, kaliteli ve g\u00fcvenilirdir.<\/p>\n<\/div>\n\t\t\t\t\t\t<\/div>\n\t\t\t\t<\/div>\n\t\t\t\t<section class=\"elementor-section elementor-inner-section elementor-element elementor-element-6867a23 elementor-section-full_width elementor-section-height-default elementor-section-height-default\" data-id=\"6867a23\" data-element_type=\"section\">\n\t\t\t\t\t\t<div class=\"elementor-container elementor-column-gap-default\">\n\t\t\t\t\t<div class=\"elementor-column elementor-col-50 elementor-inner-column elementor-element elementor-element-23bac84\" data-id=\"23bac84\" data-element_type=\"column\">\n\t\t\t<div class=\"elementor-widget-wrap elementor-element-populated\">\n\t\t\t\t\t\t<div class=\"elementor-element elementor-element-401d6a1 elementor-widget elementor-widget-image\" data-id=\"401d6a1\" data-element_type=\"widget\" data-widget_type=\"image.default\">\n\t\t\t\t\t\t\t\t\t\t\t\t<figure class=\"wp-caption\">\n\t\t\t\t\t\t\t\t\t\t<img decoding=\"async\" width=\"600\" height=\"827\" src=\"https:\/\/balinyurdu.com\/wp-content\/uploads\/2020\/04\/h2-img-1.jpg\" class=\"attachment-large size-large wp-image-244\" alt=\"sdf\" srcset=\"https:\/\/balinyurdu.com\/wp-content\/uploads\/2020\/04\/h2-img-1.jpg 600w, https:\/\/balinyurdu.com\/wp-content\/uploads\/2020\/04\/h2-img-1-218x300.jpg 218w\" sizes=\"(max-width: 600px) 100vw, 600px\" \/>\t\t\t\t\t\t\t\t\t\t\t<figcaption class=\"widget-image-caption wp-caption-text\">\"Bright as a sunflower.\"<\/figcaption>\n\t\t\t\t\t\t\t\t\t\t<\/figure>\n\t\t\t\t\t\t\t\t\t<\/div>\n\t\t\t\t\t<\/div>\n\t\t<\/div>\n\t\t\t\t<div class=\"elementor-column elementor-col-50 elementor-inner-column elementor-element elementor-element-0ca2d0d\" data-id=\"0ca2d0d\" data-element_type=\"column\">\n\t\t\t<div class=\"elementor-widget-wrap elementor-element-populated\">\n\t\t\t\t\t\t<div class=\"elementor-element elementor-element-c2fa451 elementor-widget elementor-widget-image\" data-id=\"c2fa451\" data-element_type=\"widget\" data-widget_type=\"image.default\">\n\t\t\t\t\t\t\t\t\t\t\t\t<figure class=\"wp-caption\">\n\t\t\t\t\t\t\t\t\t\t<img decoding=\"async\" width=\"600\" height=\"827\" src=\"https:\/\/balinyurdu.com\/wp-content\/uploads\/2020\/04\/h2-img-2.jpg\" class=\"attachment-large size-large wp-image-245\" alt=\"sdf\" srcset=\"https:\/\/balinyurdu.com\/wp-content\/uploads\/2020\/04\/h2-img-2.jpg 600w, https:\/\/balinyurdu.com\/wp-content\/uploads\/2020\/04\/h2-img-2-218x300.jpg 218w\" sizes=\"(max-width: 600px) 100vw, 600px\" \/>\t\t\t\t\t\t\t\t\t\t\t<figcaption class=\"widget-image-caption wp-caption-text\">\"Garden sweet garden.\"<\/figcaption>\n\t\t\t\t\t\t\t\t\t\t<\/figure>\n\t\t\t\t\t\t\t\t\t<\/div>\n\t\t\t\t\t<\/div>\n\t\t<\/div>\n\t\t\t\t\t<\/div>\n\t\t<\/section>\n\t\t\t\t<div class=\"elementor-element elementor-element-5df1972 elementor-widget elementor-widget-wp-widget-text\" data-id=\"5df1972\" data-element_type=\"widget\" data-widget_type=\"wp-widget-text.default\">\n\t\t\t\t<div class=\"elementor-widget-container\">\n\t\t\t\t\t\t\t\t<div class=\"textwidget\"><p>\u00dcr\u00fcnlerimiz i\u00e7erisinde hakiki bal, bulunmaktad\u0131r. Ayr\u0131ca satm\u0131\u015f oldu\u011fumuz t\u00fcm \u00fcr\u00fcnlerimizin do\u011fal olmas\u0131na dikkat ediyoruz. \u00dcr\u00fcnlerimizi direkt \u00fcreticilerden alarak sizlere uygun fiyatlarla sunuyoruz. M\u00fc\u015fteri memnuniyetini \u00f6nemsiyoruz.<\/p>\n<p>Bal\u0131n yurdu G\u0131da olarak 2020 y\u0131l\u0131nda a\u00e7\u0131ld\u0131k. G\u0131da sekt\u00f6r\u00fcnde yeni bir firma olmam\u0131za ra\u011fmen size en iyi hizmeti vermeyi, misyon ve vizyonumuzdan \u00f6d\u00fcn vermeden, en kaliteli ve katk\u0131s\u0131z do\u011fal \u00fcr\u00fcnlerle sizi bulu\u015fturmay\u0131 ve daha sa\u011fl\u0131kl\u0131 bir hayat ya\u015faman\u0131z i\u00e7in \u00e7al\u0131\u015fmay\u0131 hedefledik.<\/p>\n<\/div>\n\t\t\t\t\t\t<\/div>\n\t\t\t\t<\/div>\n\t\t\t\t\t<\/div>\n\t\t<\/div>\n\t\t\t\t\t<\/div>\n\t\t<\/section>\n\t\t\t\t<section class=\"elementor-section elementor-top-section elementor-element elementor-element-10eab67 elementor-section-full_width elementor-section-height-default elementor-section-height-default\" data-id=\"10eab67\" data-element_type=\"section\" data-settings=\"{&quot;background_background&quot;:&quot;classic&quot;}\">\n\t\t\t\t\t\t<div class=\"elementor-container elementor-column-gap-default\">\n\t\t\t\t\t<div class=\"elementor-column elementor-col-100 elementor-top-column elementor-element elementor-element-2bec7a4\" data-id=\"2bec7a4\" data-element_type=\"column\">\n\t\t\t<div class=\"elementor-widget-wrap\">\n\t\t\t\t\t\t\t<\/div>\n\t\t<\/div>\n\t\t\t\t\t<\/div>\n\t\t<\/section>\n\t\t\t\t<\/div>\n\t\t","protected":false},"excerpt":{"rendered":"<p>Neden Bal\u0131n Yurdu? Do\u011fal &amp; Lezzetli &#8220;Bright as a sunflower.&#8221; &#8220;Garden sweet garden.&#8221;<\/p>\n","protected":false},"author":1,"featured_media":0,"parent":0,"menu_order":0,"comment_status":"closed","ping_status":"closed","template":"page-full-width.php","meta":{"footnotes":""},"class_list":["post-1126","page","type-page","status-publish","hentry"],"_links":{"self":[{"href":"https:\/\/balinyurdu.com\/index.php?rest_route=\/wp\/v2\/pages\/1126","targetHints":{"allow":["GET"]}}],"collection":[{"href":"https:\/\/balinyurdu.com\/index.php?rest_route=\/wp\/v2\/pages"}],"about":[{"href":"https:\/\/balinyurdu.com\/index.php?rest_route=\/wp\/v2\/types\/page"}],"author":[{"embeddable":true,"href":"https:\/\/balinyurdu.com\/index.php?rest_route=\/wp\/v2\/users\/1"}],"replies":[{"embeddable":true,"href":"https:\/\/balinyurdu.com\/index.php?rest_route=%2Fwp%2Fv2%2Fcomments&post=1126"}],"version-history":[{"count":7,"href":"https:\/\/balinyurdu.com\/index.php?rest_route=\/wp\/v2\/pages\/1126\/revisions"}],"predecessor-version":[{"id":2792,"href":"https:\/\/balinyurdu.com\/index.php?rest_route=\/wp\/v2\/pages\/1126\/revisions\/2792"}],"wp:attachment":[{"href":"https:\/\/balinyurdu.com\/index.php?rest_route=%2Fwp%2Fv2%2Fmedia&parent=1126"}],"curies":[{"name":"wp","href":"https:\/\/api.w.org\/{rel}","templated":true}]}}