{"id":1319,"date":"2020-05-13T13:15:38","date_gmt":"2020-05-13T13:15:38","guid":{"rendered":"https:\/\/mellifera.qodeinteractive.com\/?page_id=1319"},"modified":"2025-07-13T16:58:39","modified_gmt":"2025-07-13T13:58:39","slug":"contact-us","status":"publish","type":"page","link":"https:\/\/balinyurdu.com\/?page_id=1319","title":{"rendered":"\u0130leti\u015fim"},"content":{"rendered":"\t\t<div data-elementor-type=\"wp-page\" data-elementor-id=\"1319\" class=\"elementor elementor-1319\">\n\t\t\t\t\t\t<section class=\"elementor-section elementor-top-section elementor-element elementor-element-387e530 elementor-section-boxed elementor-section-height-default elementor-section-height-default\" data-id=\"387e530\" data-element_type=\"section\">\n\t\t\t\t\t\t<div class=\"elementor-container elementor-column-gap-default\">\n\t\t\t\t\t<div class=\"elementor-column elementor-col-50 elementor-top-column elementor-element elementor-element-4c6103d\" data-id=\"4c6103d\" data-element_type=\"column\">\n\t\t\t<div class=\"elementor-widget-wrap elementor-element-populated\">\n\t\t\t\t\n\n\t\t<div class=\"elementor-element elementor-element-edfbeca elementor-widget elementor-widget-wp-widget-text\" data-id=\"edfbeca\" data-element_type=\"widget\" data-widget_type=\"wp-widget-text.default\">\n\t\t\t\t<div class=\"elementor-widget-container\">\n\t\t\t\t\t\t\t\t<div class=\"textwidget\"><div id=\"sppb-addon-wrapper-1569319691647\" class=\"sppb-addon-wrapper\">\n<div id=\"sppb-addon-1569319691647\" class=\"clearfix \">\n<div class=\"sppb-addon sppb-addon-header sppb-text-left\">\n<p class=\"sppb-addon-title\">Bal\u0131n Yurdu Firmas\u0131 Olarak Siz De\u011ferli M\u00fc\u015fterilerimize Helal ve Temiz \u00dcr\u00fcnler Satmak Gayesiyle Ticaret Hayat\u0131m\u0131za Ba\u015flad\u0131k. \u00dcr\u00fcnlerimiz Do\u011fal, Kaliteli ve G\u00fcvenilirdir. \u00dcr\u00fcnlerimiz \u0130\u00e7erisinde Hakiki Bal ve \u00dcr\u00fcnleri Bulunmaktad\u0131r. \u00dcr\u00fcnlerimizi Direkt \u00dcreticilerden Alarak Sizlere Uygun Fiyatlarla Sunuyoruz. B\u00f6ylece \u00dcreticiler \u0130le T\u00fcketiciler Aras\u0131nda G\u00fcvenli ve Sa\u011flam Bir K\u00f6pr\u00fc Olu\u015fturuyoruz. M\u00fc\u015fteri Memnuniyetini \u00d6nemsiyoruz.<\/p>\n<\/div>\n<\/div>\n<\/div>\n<div id=\"sppb-addon-wrapper-1569319691646\" class=\"sppb-addon-wrapper\">\n<div id=\"sppb-addon-1569319691646\" class=\"clearfix \">\n<div class=\"sppb-addon sppb-addon-header sppb-text-left\">\n<p class=\"sppb-addon-title\"><strong>\u00dcr\u00fcnlerimizin \u00dcretiminde Kesinlikle Zararl\u0131 Katk\u0131 Maddesi Bulunmamaktad\u0131r. Sa\u011fl\u0131\u011f\u0131n\u0131z Bizim \u0130\u00e7in \u00d6nemlidir.<\/strong><\/p>\n<\/div>\n<\/div>\n<\/div>\n<div class=\"notranslate\"><\/div>\n<\/div>\n\t\t\t\t\t\t<\/div>\n\t\t\t\t<\/div>\n\t\t\t\t<div class=\"elementor-element elementor-element-743c82b elementor-widget__width-initial elementor-view-default elementor-widget elementor-widget-icon\" data-id=\"743c82b\" data-element_type=\"widget\" data-widget_type=\"icon.default\">\n\t\t\t\t\t\t\t<div class=\"elementor-icon-wrapper\">\n\t\t\t<div class=\"elementor-icon\">\n\t\t\t<svg aria-hidden=\"true\" class=\"e-font-icon-svg e-fas-map-marker-alt\" viewBox=\"0 0 384 512\" xmlns=\"http:\/\/www.w3.org\/2000\/svg\"><path d=\"M172.268 501.67C26.97 291.031 0 269.413 0 192 0 85.961 85.961 0 192 0s192 85.961 192 192c0 77.413-26.97 99.031-172.268 309.67-9.535 13.774-29.93 13.773-39.464 0zM192 272c44.183 0 80-35.817 80-80s-35.817-80-80-80-80 35.817-80 80 35.817 80 80 80z\"><\/path><\/svg>\t\t\t<\/div>\n\t\t<\/div>\n\t\t\t\t\t\t<\/div>\n\t\t\t\t<div class=\"elementor-element elementor-element-8028860 elementor-widget__width-initial elementor-widget elementor-widget-heading\" data-id=\"8028860\" data-element_type=\"widget\" data-widget_type=\"heading.default\">\n\t\t\t\t\t<div class=\"elementor-heading-title elementor-size-default\">\u0130nk\u0131lap Mh. At\u0131lgan Sk. No:16 \u00dcmraniye\/\u0130stanbul<\/div>\t\t\t\t<\/div>\n\t\t\t\t<div class=\"elementor-element elementor-element-7c93f14 elementor-widget__width-initial elementor-view-default elementor-widget elementor-widget-icon\" data-id=\"7c93f14\" data-element_type=\"widget\" data-widget_type=\"icon.default\">\n\t\t\t\t\t\t\t<div class=\"elementor-icon-wrapper\">\n\t\t\t<div class=\"elementor-icon\">\n\t\t\t<svg aria-hidden=\"true\" class=\"e-font-icon-svg e-fas-phone-alt\" viewBox=\"0 0 512 512\" xmlns=\"http:\/\/www.w3.org\/2000\/svg\"><path d=\"M497.39 361.8l-112-48a24 24 0 0 0-28 6.9l-49.6 60.6A370.66 370.66 0 0 1 130.6 204.11l60.6-49.6a23.94 23.94 0 0 0 6.9-28l-48-112A24.16 24.16 0 0 0 122.6.61l-104 24A24 24 0 0 0 0 48c0 256.5 207.9 464 464 464a24 24 0 0 0 23.4-18.6l24-104a24.29 24.29 0 0 0-14.01-27.6z\"><\/path><\/svg>\t\t\t<\/div>\n\t\t<\/div>\n\t\t\t\t\t\t<\/div>\n\t\t\t\t<div class=\"elementor-element elementor-element-2da522a elementor-widget__width-initial elementor-widget elementor-widget-heading\" data-id=\"2da522a\" data-element_type=\"widget\" data-widget_type=\"heading.default\">\n\t\t\t\t\t<div class=\"elementor-heading-title elementor-size-default\">+90 541 727 1981<\/div>\t\t\t\t<\/div>\n\t\t\t\t<div class=\"elementor-element elementor-element-0c5b304 elementor-widget__width-initial elementor-view-default elementor-widget elementor-widget-icon\" data-id=\"0c5b304\" data-element_type=\"widget\" data-widget_type=\"icon.default\">\n\t\t\t\t\t\t\t<div class=\"elementor-icon-wrapper\">\n\t\t\t<div class=\"elementor-icon\">\n\t\t\t<svg aria-hidden=\"true\" class=\"e-font-icon-svg e-fas-mail-bulk\" viewBox=\"0 0 576 512\" xmlns=\"http:\/\/www.w3.org\/2000\/svg\"><path d=\"M160 448c-25.6 0-51.2-22.4-64-32-64-44.8-83.2-60.8-96-70.4V480c0 17.67 14.33 32 32 32h256c17.67 0 32-14.33 32-32V345.6c-12.8 9.6-32 25.6-96 70.4-12.8 9.6-38.4 32-64 32zm128-192H32c-17.67 0-32 14.33-32 32v16c25.6 19.2 22.4 19.2 115.2 86.4 9.6 6.4 28.8 25.6 44.8 25.6s35.2-19.2 44.8-22.4c92.8-67.2 89.6-67.2 115.2-86.4V288c0-17.67-14.33-32-32-32zm256-96H224c-17.67 0-32 14.33-32 32v32h96c33.21 0 60.59 25.42 63.71 57.82l.29-.22V416h192c17.67 0 32-14.33 32-32V192c0-17.67-14.33-32-32-32zm-32 128h-64v-64h64v64zm-352-96c0-35.29 28.71-64 64-64h224V32c0-17.67-14.33-32-32-32H96C78.33 0 64 14.33 64 32v192h96v-32z\"><\/path><\/svg>\t\t\t<\/div>\n\t\t<\/div>\n\t\t\t\t\t\t<\/div>\n\t\t\t\t<div class=\"elementor-element elementor-element-f981fa3 elementor-widget__width-initial elementor-widget elementor-widget-heading\" data-id=\"f981fa3\" data-element_type=\"widget\" data-widget_type=\"heading.default\">\n\t\t\t\t\t<div class=\"elementor-heading-title elementor-size-default\">balinyurdu@gmail.com<\/div>\t\t\t\t<\/div>\n\t\t\t\t<div class=\"elementor-element elementor-element-7a7f09c elementor-widget elementor-widget-image\" data-id=\"7a7f09c\" data-element_type=\"widget\" data-widget_type=\"image.default\">\n\t\t\t\t\t\t\t\t\t\t\t\t\t\t\t<img fetchpriority=\"high\" decoding=\"async\" width=\"300\" height=\"167\" src=\"https:\/\/balinyurdu.com\/wp-content\/uploads\/2025\/07\/logo23-300x167.png\" class=\"attachment-medium size-medium wp-image-2764\" alt=\"Bal\u0131n Yurdu\" srcset=\"https:\/\/balinyurdu.com\/wp-content\/uploads\/2025\/07\/logo23-300x167.png 300w, https:\/\/balinyurdu.com\/wp-content\/uploads\/2025\/07\/logo23-600x333.png 600w, https:\/\/balinyurdu.com\/wp-content\/uploads\/2025\/07\/logo23.png 709w\" sizes=\"(max-width: 300px) 100vw, 300px\" \/>\t\t\t\t\t\t\t\t\t\t\t\t\t\t\t<\/div>\n\t\t\t\t\t<\/div>\n\t\t<\/div>\n\t\t\t\t<div class=\"elementor-column elementor-col-50 elementor-top-column elementor-element elementor-element-dc3830b\" data-id=\"dc3830b\" data-element_type=\"column\" data-settings=\"{&quot;background_background&quot;:&quot;classic&quot;}\">\n\t\t\t<div class=\"elementor-widget-wrap\">\n\t\t\t\t\t\t\t<\/div>\n\t\t<\/div>\n\t\t\t\t\t<\/div>\n\t\t<\/section>\n\t\t\t\t<section class=\"elementor-section elementor-top-section elementor-element elementor-element-d9efa3c elementor-section-full_width elementor-section-height-default elementor-section-height-default\" data-id=\"d9efa3c\" data-element_type=\"section\">\n\t\t\t\t\t\t<div class=\"elementor-container elementor-column-gap-default\">\n\t\t\t\t\t<div class=\"elementor-column elementor-col-100 elementor-top-column elementor-element elementor-element-a62bb13\" data-id=\"a62bb13\" data-element_type=\"column\">\n\t\t\t<div class=\"elementor-widget-wrap\">\n\t\t\t\t\t\t\t<\/div>\n\t\t<\/div>\n\t\t\t\t\t<\/div>\n\t\t<\/section>\n\t\t\t\t<\/div>\n\t\t","protected":false},"excerpt":{"rendered":"<p>\u0130leti\u015fim bilgilerimiz \u0130nk\u0131lap Mh. At\u0131lgan Sk. No:16 \u00dcmraniye\/\u0130stanbul +90 541 727 1981 balinyurdu@gmail.com Posta<\/p>\n","protected":false},"author":1,"featured_media":0,"parent":0,"menu_order":0,"comment_status":"closed","ping_status":"closed","template":"page-full-width.php","meta":{"footnotes":""},"class_list":["post-1319","page","type-page","status-publish","hentry"],"_links":{"self":[{"href":"https:\/\/balinyurdu.com\/index.php?rest_route=\/wp\/v2\/pages\/1319","targetHints":{"allow":["GET"]}}],"collection":[{"href":"https:\/\/balinyurdu.com\/index.php?rest_route=\/wp\/v2\/pages"}],"about":[{"href":"https:\/\/balinyurdu.com\/index.php?rest_route=\/wp\/v2\/types\/page"}],"author":[{"embeddable":true,"href":"https:\/\/balinyurdu.com\/index.php?rest_route=\/wp\/v2\/users\/1"}],"replies":[{"embeddable":true,"href":"https:\/\/balinyurdu.com\/index.php?rest_route=%2Fwp%2Fv2%2Fcomments&post=1319"}],"version-history":[{"count":16,"href":"https:\/\/balinyurdu.com\/index.php?rest_route=\/wp\/v2\/pages\/1319\/revisions"}],"predecessor-version":[{"id":2785,"href":"https:\/\/balinyurdu.com\/index.php?rest_route=\/wp\/v2\/pages\/1319\/revisions\/2785"}],"wp:attachment":[{"href":"https:\/\/balinyurdu.com\/index.php?rest_route=%2Fwp%2Fv2%2Fmedia&parent=1319"}],"curies":[{"name":"wp","href":"https:\/\/api.w.org\/{rel}","templated":true}]}}