{"id":78,"date":"2023-04-28T07:54:47","date_gmt":"2023-04-28T07:54:47","guid":{"rendered":"http:\/\/source.wpopal.com\/beezi\/contact-us\/"},"modified":"2025-07-15T18:11:54","modified_gmt":"2025-07-15T15:11:54","slug":"contact-us-2","status":"publish","type":"page","link":"https:\/\/balinyurdu.com\/?page_id=78","title":{"rendered":"\u0130leti\u015fim"},"content":{"rendered":"\t\t<div data-elementor-type=\"wp-page\" data-elementor-id=\"78\" class=\"elementor elementor-78\">\n\t\t\t\t<div class=\"elementor-element elementor-element-13f9e20 e-flex e-con-boxed e-con e-parent\" data-id=\"13f9e20\" data-element_type=\"container\">\n\t\t\t\t\t<div class=\"e-con-inner\">\n\t\t\t\t<div class=\"elementor-element elementor-element-9a04e69 elementor-widget elementor-widget-heading\" data-id=\"9a04e69\" data-element_type=\"widget\" data-widget_type=\"heading.default\">\n\t\t\t\t\t<h2 class=\"elementor-heading-title elementor-size-default\">Bal\u0131n Yurdu \u0130leti\u015fim Bilgileri<\/h2>\t\t\t\t<\/div>\n\t\t\t\t<div class=\"elementor-element elementor-element-9d470fb elementor-absolute elementor-hidden-mobile elementor-hidden-mobile_extra elementor-widget elementor-widget-image\" data-id=\"9d470fb\" data-element_type=\"widget\" data-settings=\"{&quot;_position&quot;:&quot;absolute&quot;}\" data-widget_type=\"image.default\">\n\t\t\t\t\t\t\t\t\t\t\t\t\t\t\t<img decoding=\"async\" src=\"https:\/\/balinyurdu.com\/wp-content\/uploads\/2023\/05\/h1-discover02.png\" title=\"h1-discover02\" alt=\"h1-discover02\" loading=\"lazy\" \/>\t\t\t\t\t\t\t\t\t\t\t\t\t\t\t<\/div>\n\t\t\t\t<div class=\"elementor-element elementor-element-30a5921 elementor-absolute e-transform elementor-widget-mobile__width-initial elementor-hidden-mobile elementor-hidden-mobile_extra elementor-widget elementor-widget-image\" data-id=\"30a5921\" data-element_type=\"widget\" data-settings=\"{&quot;_position&quot;:&quot;absolute&quot;,&quot;_transform_flipX_effect&quot;:&quot;transform&quot;}\" data-widget_type=\"image.default\">\n\t\t\t\t\t\t\t\t\t\t\t\t\t\t\t<img decoding=\"async\" src=\"https:\/\/balinyurdu.com\/wp-content\/uploads\/2023\/05\/Vector02.svg\" title=\"Vector02\" alt=\"Vector02\" loading=\"lazy\" \/>\t\t\t\t\t\t\t\t\t\t\t\t\t\t\t<\/div>\n\t\t\t\t\t<\/div>\n\t\t\t\t<\/div>\n\t\t<div class=\"elementor-element elementor-element-d873755 e-flex e-con-boxed e-con e-parent\" data-id=\"d873755\" data-element_type=\"container\">\n\t\t\t\t\t<div class=\"e-con-inner\">\n\t\t<div class=\"elementor-element elementor-element-0cce0ae e-con-full e-flex e-con e-child\" data-id=\"0cce0ae\" data-element_type=\"container\">\n\t\t\t\t<div class=\"elementor-element elementor-element-2cf419f elementor-widget elementor-widget-heading\" data-id=\"2cf419f\" data-element_type=\"widget\" data-widget_type=\"heading.default\">\n\t\t\t\t\t<h2 class=\"elementor-heading-title elementor-size-default\">\u0130leti\u015fim<\/h2>\t\t\t\t<\/div>\n\t\t<div class=\"elementor-element elementor-element-00f9984 e-flex e-con-boxed e-con e-child\" data-id=\"00f9984\" data-element_type=\"container\">\n\t\t\t\t\t<div class=\"e-con-inner\">\n\t\t\n\n\t\t<div class=\"elementor-element elementor-element-250f9e1 elementor-widget elementor-widget-text-editor\" data-id=\"250f9e1\" data-element_type=\"widget\" data-widget_type=\"text-editor.default\">\n\t\t\t\t\t\t\t\t\t<p>Telefon: +90 (541) 727-1981<\/p>\t\t\t\t\t\t\t\t<\/div>\n\t\t\t\t<div class=\"elementor-element elementor-element-d9545df elementor-widget elementor-widget-text-editor\" data-id=\"d9545df\" data-element_type=\"widget\" data-widget_type=\"text-editor.default\">\n\t\t\t\t\t\t\t\t\t<p>E: satis@balinyurdu.com<\/p>\t\t\t\t\t\t\t\t<\/div>\n\t\t\t\t\t<\/div>\n\t\t\t\t<\/div>\n\t\t<div class=\"elementor-element elementor-element-bc72ca8 e-flex e-con-boxed e-con e-child\" data-id=\"bc72ca8\" data-element_type=\"container\">\n\t\t\t\t\t<div class=\"e-con-inner\">\n\t\t\t\t<div class=\"elementor-element elementor-element-9081f3e elementor-widget__width-initial elementor-widget-tablet_extra__width-inherit elementor-widget-tablet__width-inherit elementor-widget elementor-widget-text-editor\" data-id=\"9081f3e\" data-element_type=\"widget\" data-widget_type=\"text-editor.default\">\n\t\t\t\t\t\t\t\t\t<p>bir problem oldu\u011funda Bizimle ileti\u015fim kurun l\u00fctfen<\/p>\t\t\t\t\t\t\t\t<\/div>\n\t\t\t\t\t<\/div>\n\t\t\t\t<\/div>\n\t\t\t\t<\/div>\n\t\t<div class=\"elementor-element elementor-element-f3213db e-con-full e-flex e-con e-child\" data-id=\"f3213db\" data-element_type=\"container\">\n\t\t\t\t<div class=\"elementor-element elementor-element-3c5bf2b elementor-widget elementor-widget-heading\" data-id=\"3c5bf2b\" data-element_type=\"widget\" data-widget_type=\"heading.default\">\n\t\t\t\t\t<h2 class=\"elementor-heading-title elementor-size-default\">\u00c7al\u0131\u015fma Saatleri<\/h2>\t\t\t\t<\/div>\n\t\t<div class=\"elementor-element elementor-element-38cca5e e-flex e-con-boxed e-con e-child\" data-id=\"38cca5e\" data-element_type=\"container\">\n\t\t\t\t\t<div class=\"e-con-inner\">\n\t\t\t\t<div class=\"elementor-element elementor-element-5dffc4b elementor-widget elementor-widget-text-editor\" data-id=\"5dffc4b\" data-element_type=\"widget\" data-widget_type=\"text-editor.default\">\n\t\t\t\t\t\t\t\t\t<p>Y\u0131ll\u0131k \u00c7al\u0131\u015fma saatlerimiz<\/p>\t\t\t\t\t\t\t\t<\/div>\n\t\t\t\t\t<\/div>\n\t\t\t\t<\/div>\n\t\t<div class=\"elementor-element elementor-element-d798c36 e-flex e-con-boxed e-con e-child\" data-id=\"d798c36\" data-element_type=\"container\">\n\t\t\t\t\t<div class=\"e-con-inner\">\n\t\t\t\t<div class=\"elementor-element elementor-element-640eafd elementor-widget elementor-widget-text-editor\" data-id=\"640eafd\" data-element_type=\"widget\" data-widget_type=\"text-editor.default\">\n\t\t\t\t\t\t\t\t\t<p>Pzt &#8211; Cmt: <a style=\"color: #033d50;\">7.00 am &#8211; 8.00 pm<\/a><\/p>\t\t\t\t\t\t\t\t<\/div>\n\t\t\t\t<div class=\"elementor-element elementor-element-55be07c elementor-widget elementor-widget-text-editor\" data-id=\"55be07c\" data-element_type=\"widget\" data-widget_type=\"text-editor.default\">\n\t\t\t\t\t\t\t\t\t<p>Pazar: <a style=\"color: #033d50;\">8.00 am &#8211; 6.00 pm<\/a><\/p>\t\t\t\t\t\t\t\t<\/div>\n\t\t\t\t\t<\/div>\n\t\t\t\t<\/div>\n\t\t\t\t<\/div>\n\t\t<div class=\"elementor-element elementor-element-404a18e e-con-full e-flex e-con e-child\" data-id=\"404a18e\" data-element_type=\"container\">\n\t\t\t\t<div class=\"elementor-element elementor-element-8279bd2 elementor-widget elementor-widget-heading\" data-id=\"8279bd2\" data-element_type=\"widget\" data-widget_type=\"heading.default\">\n\t\t\t\t\t<h2 class=\"elementor-heading-title elementor-size-default\">Adres<\/h2>\t\t\t\t<\/div>\n\t\t<div class=\"elementor-element elementor-element-b23a4ee e-flex e-con-boxed e-con e-child\" data-id=\"b23a4ee\" data-element_type=\"container\">\n\t\t\t\t\t<div class=\"e-con-inner\">\n\t\t\t\t<div class=\"elementor-element elementor-element-0e8e307 elementor-widget__width-initial elementor-widget-tablet__width-inherit elementor-widget elementor-widget-text-editor\" data-id=\"0e8e307\" data-element_type=\"widget\" data-widget_type=\"text-editor.default\">\n\t\t\t\t\t\t\t\t\t<p>\u0130nk\u0131lap Mh. At\u0131lgan Sk. No:16 \u00dcmraniye\/\u0130stanbul<\/p>\t\t\t\t\t\t\t\t<\/div>\n\t\t\t\t\t<\/div>\n\t\t\t\t<\/div>\n\t\t<div class=\"elementor-element elementor-element-8b2d466 e-flex e-con-boxed e-con e-child\" data-id=\"8b2d466\" data-element_type=\"container\">\n\t\t\t\t\t<div class=\"e-con-inner\">\n\t\t\t\t<div class=\"elementor-element elementor-element-26d7d94 elementor-widget elementor-widget-text-editor\" data-id=\"26d7d94\" data-element_type=\"widget\" data-widget_type=\"text-editor.default\">\n\t\t\t\t\t\t\t\t\t<p><span class=\"HwtZe\" lang=\"tr\"><span class=\"jCAhz ChMk0b\"><span class=\"ryNqvb\">Ana caddenin en \u00fcst k\u0131sm\u0131nda bulunan Bal\u0131n yurdu , harika bir bal i\u00e7ece\u011fi, mum ve do\u011fal bal g\u00fczellik \u00fcr\u00fcnleri yelpazesi sunuyor.<\/span><\/span><\/span><\/p>\t\t\t\t\t\t\t\t<\/div>\n\t\t\t\t\t<\/div>\n\t\t\t\t<\/div>\n\t\t\t\t<\/div>\n\t\t\t\t\t<\/div>\n\t\t\t\t<\/div>\n\t\t<div class=\"elementor-element elementor-element-7020937 e-flex e-con-boxed e-con e-parent\" data-id=\"7020937\" data-element_type=\"container\">\n\t\t\t\t\t<div class=\"e-con-inner\">\n\t\t\t\t<div class=\"elementor-element elementor-element-74470fb elementor-widget elementor-widget-heading\" data-id=\"74470fb\" data-element_type=\"widget\" data-widget_type=\"heading.default\">\n\t\t\t\t\t<h2 class=\"elementor-heading-title elementor-size-default\">Mesaj\u0131n\u0131z<\/h2>\t\t\t\t<\/div>\n\t\t\t\t<div class=\"elementor-element elementor-element-fd29192 elementor-widget elementor-widget-text-editor\" data-id=\"fd29192\" data-element_type=\"widget\" data-widget_type=\"text-editor.default\">\n\t\t\t\t\t\t\t\t\t<p><span class=\"HwtZe\" lang=\"tr\"><span class=\"jCAhz ChMk0b\"><span class=\"ryNqvb\">Bizden hizmet almak i\u00e7in bizimle g\u00f6r\u00fc\u015fmek \u00fczere t\u00fcm bilgi detaylar\u0131n\u0131 doldurun<\/span><\/span><\/span><\/p>\t\t\t\t\t\t\t\t<\/div>\n\t\t\t\t<div class=\"elementor-element elementor-element-54f1bdc contact-form-align-center elementor-widget__width-initial elementor-widget elementor-widget-beezi-contactform\" data-id=\"54f1bdc\" data-element_type=\"widget\" data-widget_type=\"beezi-contactform.default\">\n\t\t\t\t<div class=\"elementor-widget-container\">\n\t\t\t\t\t\n<div class=\"wpcf7 no-js\" id=\"wpcf7-f6-o1\" lang=\"en-US\" dir=\"ltr\" data-wpcf7-id=\"6\">\n<div class=\"screen-reader-response\"><p role=\"status\" aria-live=\"polite\" aria-atomic=\"true\"><\/p> <ul><\/ul><\/div>\n<form action=\"\/index.php?rest_route=%2Fwp%2Fv2%2Fpages%2F78#wpcf7-f6-o1\" method=\"post\" class=\"wpcf7-form init\" aria-label=\"Contact form\" novalidate=\"novalidate\" data-status=\"init\">\n<fieldset class=\"hidden-fields-container\"><input type=\"hidden\" name=\"_wpcf7\" value=\"6\" \/><input type=\"hidden\" name=\"_wpcf7_version\" value=\"6.1\" \/><input type=\"hidden\" name=\"_wpcf7_locale\" value=\"en_US\" \/><input type=\"hidden\" name=\"_wpcf7_unit_tag\" value=\"wpcf7-f6-o1\" \/><input type=\"hidden\" name=\"_wpcf7_container_post\" value=\"0\" \/><input type=\"hidden\" name=\"_wpcf7_posted_data_hash\" value=\"\" \/>\n<\/fieldset>\n<p><span class=\"wpcf7-form-control-wrap\" data-name=\"your-name\"><input size=\"40\" maxlength=\"400\" class=\"wpcf7-form-control wpcf7-text wpcf7-validates-as-required\" autocomplete=\"name\" aria-required=\"true\" aria-invalid=\"false\" placeholder=\"Name *\" value=\"\" type=\"text\" name=\"your-name\" \/><\/span><br \/>\n<span class=\"wpcf7-form-control-wrap\" data-name=\"your-phone\"><input size=\"40\" maxlength=\"400\" class=\"wpcf7-form-control wpcf7-text wpcf7-validates-as-required\" aria-required=\"true\" aria-invalid=\"false\" placeholder=\"Phone *\" value=\"\" type=\"text\" name=\"your-phone\" \/><\/span><br \/>\n<span class=\"wpcf7-form-control-wrap\" data-name=\"your-email\"><input size=\"40\" maxlength=\"400\" class=\"wpcf7-form-control wpcf7-email wpcf7-validates-as-required wpcf7-text wpcf7-validates-as-email\" autocomplete=\"email\" aria-required=\"true\" aria-invalid=\"false\" placeholder=\"Email *\" value=\"\" type=\"email\" name=\"your-email\" \/><\/span><br \/>\n<span class=\"wpcf7-form-control-wrap\" data-name=\"your-message\"><textarea cols=\"40\" rows=\"3\" maxlength=\"2000\" class=\"wpcf7-form-control wpcf7-textarea\" aria-invalid=\"false\" placeholder=\"Enter your message...\" name=\"your-message\"><\/textarea><\/span><br \/>\n<button type=\"submit\" value=\"Submit\"><span>Submit<\/span><\/button>\n<\/p><div class=\"wpcf7-response-output\" aria-hidden=\"true\"><\/div>\n<\/form>\n<\/div>\n\t\t\t\t<\/div>\n\t\t\t\t<\/div>\n\t\t\t\t<div class=\"elementor-element elementor-element-d6c5656 elementor-absolute elementor-widget-mobile__width-initial elementor-hidden-mobile elementor-hidden-mobile_extra elementor-widget elementor-widget-image\" data-id=\"d6c5656\" data-element_type=\"widget\" data-settings=\"{&quot;_position&quot;:&quot;absolute&quot;}\" data-widget_type=\"image.default\">\n\t\t\t\t\t\t\t\t\t\t\t\t\t\t\t<img decoding=\"async\" src=\"https:\/\/balinyurdu.com\/wp-content\/uploads\/2023\/05\/h1-discover03.svg\" title=\"h1-discover03\" alt=\"h1-discover03\" loading=\"lazy\" \/>\t\t\t\t\t\t\t\t\t\t\t\t\t\t\t<\/div>\n\t\t\t\t\t<\/div>\n\t\t\t\t<\/div>\n\t\t\t\t<\/div>\n\t\t","protected":false},"excerpt":{"rendered":"<p>Bal\u0131n Yurdu \u0130leti\u015fim Bilgileri \u0130leti\u015fim Telefon: +90 (541) 727-1981 E: satis@balinyurdu.com bir problem oldu\u011funda Bizimle ileti\u015fim kurun l\u00fctfen \u00c7al\u0131\u015fma Saatleri Y\u0131ll\u0131k \u00c7al\u0131\u015fma saatlerimiz Pzt &#8211; Cmt: 7.00 am &#8211; 8.00 pm Pazar: 8.00 am &#8211; 6.00 pm Adres \u0130nk\u0131lap Mh. At\u0131lgan Sk. No:16 \u00dcmraniye\/\u0130stanbul Ana caddenin en \u00fcst k\u0131sm\u0131nda bulunan Bal\u0131n yurdu , harika bir [&hellip;]<\/p>\n","protected":false},"author":2,"featured_media":0,"parent":0,"menu_order":0,"comment_status":"closed","ping_status":"closed","template":"","meta":{"footnotes":""},"class_list":["post-78","page","type-page","status-publish","hentry"],"_links":{"self":[{"href":"https:\/\/balinyurdu.com\/index.php?rest_route=\/wp\/v2\/pages\/78","targetHints":{"allow":["GET"]}}],"collection":[{"href":"https:\/\/balinyurdu.com\/index.php?rest_route=\/wp\/v2\/pages"}],"about":[{"href":"https:\/\/balinyurdu.com\/index.php?rest_route=\/wp\/v2\/types\/page"}],"author":[{"embeddable":true,"href":"https:\/\/balinyurdu.com\/index.php?rest_route=\/wp\/v2\/users\/2"}],"replies":[{"embeddable":true,"href":"https:\/\/balinyurdu.com\/index.php?rest_route=%2Fwp%2Fv2%2Fcomments&post=78"}],"version-history":[{"count":22,"href":"https:\/\/balinyurdu.com\/index.php?rest_route=\/wp\/v2\/pages\/78\/revisions"}],"predecessor-version":[{"id":8190,"href":"https:\/\/balinyurdu.com\/index.php?rest_route=\/wp\/v2\/pages\/78\/revisions\/8190"}],"wp:attachment":[{"href":"https:\/\/balinyurdu.com\/index.php?rest_route=%2Fwp%2Fv2%2Fmedia&parent=78"}],"curies":[{"name":"wp","href":"https:\/\/api.w.org\/{rel}","templated":true}]}}