{"id":8410,"date":"2025-07-28T15:58:51","date_gmt":"2025-07-28T12:58:51","guid":{"rendered":"https:\/\/balinyurdu.com\/?page_id=8410"},"modified":"2025-07-28T15:58:52","modified_gmt":"2025-07-28T12:58:52","slug":"teslimat-kosullari","status":"publish","type":"page","link":"https:\/\/balinyurdu.com\/?page_id=8410","title":{"rendered":"Teslimat ko\u015fullar\u0131"},"content":{"rendered":"\n<p>Sipari\u015fleriniz, banka onay\u0131 al\u0131nd\u0131ktan sonra 3 i\u015f g\u00fcn\u00fc (Pazartesi-Cuma) i\u00e7erisinde kargoya teslim edilir. Teslimat adresinin uzakl\u0131\u011f\u0131na g\u00f6re de kargo \u015firketi 1-3 g\u00fcn i\u00e7erisinde sipari\u015finizi size ula\u015ft\u0131racakt\u0131r.<\/p>\n\n\n\n<p>\u00d6zel \u00fcretim \u00fcr\u00fcnlerin teslim s\u00fcreleri imalat zaman\u0131na g\u00f6re farkl\u0131l\u0131k g\u00f6stermektedir. Bu t\u00fcr \u00fcr\u00fcnlerin teslimat bilgileri ve s\u00fcreleri \u00fcr\u00fcn sayfalar\u0131nda belirtilmi\u015ftir.<\/p>\n\n\n\n<p>Taraf\u0131m\u0131zdan kaynaklanan bir aksilik olmas\u0131 halinde ise size \u00fcyelik bilgilerinizden yola \u00e7\u0131k\u0131larak haber verilecektir. Bu y\u00fczden \u00fcyelik bilgilerinizin eksiksiz ve do\u011fru olmas\u0131 \u00f6nemlidir. Bayram ve tatil g\u00fcnlerinde teslimat yap\u0131lmamaktad\u0131r.<\/p>\n\n\n\n<p>Se\u00e7ti\u011finiz \u00fcr\u00fcnlerin tamam\u0131 anla\u015fmal\u0131 oldu\u011fumuz&nbsp; kargo \u015firketleri taraf\u0131ndan Hasan Ta\u015ftekin Bal\u0131nyurdu garantisi ile size teslim edilecektir.<\/p>\n\n\n\n<p>Sat\u0131n ald\u0131\u011f\u0131n\u0131z \u00fcr\u00fcnler bir teyit e-posta&#8217;s\u0131 ile taraf\u0131n\u0131za bildirilecektir. Se\u00e7ti\u011finiz \u00fcr\u00fcnlerden herhangi birinin stokta mevcut olmamas\u0131 durumunda konu ile ilgili bir e-posta size yollanacak ve \u00fcr\u00fcn\u00fcn ilk stoklara girece\u011fi tarih taraf\u0131n\u0131za bildirilecektir.<\/p>\n\n\n\n<p>Balinyurdu.com.tr on-line al\u0131\u015fveri\u015f sitesidir. Ayn\u0131 anda birden \u00e7ok kullan\u0131c\u0131ya al\u0131\u015fveri\u015f yapma imkan\u0131 tan\u0131r. Enderde olsa t\u00fcketicinin ayn\u0131 \u00fcr\u00fcn\u00fc almas\u0131 s\u00f6z konusudur ve \u00fcr\u00fcn stoklarda t\u00fckenmektedir bu durumda ;<\/p>\n\n\n\n<p>\u00d6demesini internet \u00fczerinden yapt\u0131n\u0131z \u00fcr\u00fcn e\u011fer stoklarm\u0131zda kalmam\u0131\u015f ise en az 4 (D\u00f6rt) en fazla 30 (otuz) g\u00fcn bekeleme s\u00fcresi vard\u0131r. \u00dcr\u00fcn bu tarihleri aras\u0131nda t\u00fcketiciye verilemez ise yapt\u0131\u011f\u0131 \u00f6deme kendisine iade edilir.<\/p>\n","protected":false},"excerpt":{"rendered":"<p>Sipari\u015fleriniz, banka onay\u0131 al\u0131nd\u0131ktan sonra 3 i\u015f g\u00fcn\u00fc (Pazartesi-Cuma) i\u00e7erisinde kargoya teslim edilir. Teslimat adresinin uzakl\u0131\u011f\u0131na g\u00f6re de kargo \u015firketi 1-3 g\u00fcn i\u00e7erisinde sipari\u015finizi size ula\u015ft\u0131racakt\u0131r. \u00d6zel \u00fcretim \u00fcr\u00fcnlerin teslim s\u00fcreleri imalat zaman\u0131na g\u00f6re farkl\u0131l\u0131k g\u00f6stermektedir. Bu t\u00fcr \u00fcr\u00fcnlerin teslimat bilgileri ve s\u00fcreleri \u00fcr\u00fcn sayfalar\u0131nda belirtilmi\u015ftir. Taraf\u0131m\u0131zdan kaynaklanan bir aksilik olmas\u0131 halinde ise size \u00fcyelik [&hellip;]<\/p>\n","protected":false},"author":1,"featured_media":0,"parent":0,"menu_order":0,"comment_status":"closed","ping_status":"closed","template":"","meta":{"footnotes":""},"class_list":["post-8410","page","type-page","status-publish","hentry"],"_links":{"self":[{"href":"https:\/\/balinyurdu.com\/index.php?rest_route=\/wp\/v2\/pages\/8410","targetHints":{"allow":["GET"]}}],"collection":[{"href":"https:\/\/balinyurdu.com\/index.php?rest_route=\/wp\/v2\/pages"}],"about":[{"href":"https:\/\/balinyurdu.com\/index.php?rest_route=\/wp\/v2\/types\/page"}],"author":[{"embeddable":true,"href":"https:\/\/balinyurdu.com\/index.php?rest_route=\/wp\/v2\/users\/1"}],"replies":[{"embeddable":true,"href":"https:\/\/balinyurdu.com\/index.php?rest_route=%2Fwp%2Fv2%2Fcomments&post=8410"}],"version-history":[{"count":1,"href":"https:\/\/balinyurdu.com\/index.php?rest_route=\/wp\/v2\/pages\/8410\/revisions"}],"predecessor-version":[{"id":8411,"href":"https:\/\/balinyurdu.com\/index.php?rest_route=\/wp\/v2\/pages\/8410\/revisions\/8411"}],"wp:attachment":[{"href":"https:\/\/balinyurdu.com\/index.php?rest_route=%2Fwp%2Fv2%2Fmedia&parent=8410"}],"curies":[{"name":"wp","href":"https:\/\/api.w.org\/{rel}","templated":true}]}}