{"id":7994,"date":"2025-07-15T15:52:54","date_gmt":"2025-07-15T12:52:54","guid":{"rendered":"https:\/\/balinyurdu.com\/?post_type=product&#038;p=7994"},"modified":"2025-08-02T21:46:39","modified_gmt":"2025-08-02T18:46:39","slug":"cerceve-petek-bali","status":"publish","type":"product","link":"https:\/\/balinyurdu.com\/?product=cerceve-petek-bali","title":{"rendered":"B\u0130NG\u00d6L \u00c7ER\u00c7EVE PETEK BALI 1 KG"},"content":{"rendered":"<div class=\"avatar-container ng-tns-c2817488784-19 ng-trigger ng-trigger-scaleDown\">\n<div class=\"avatar-container ng-tns-c2817488784-19 ng-trigger ng-trigger-scaleDown\">\n<div class=\"avatar_spinner_animation ng-tns-c2817488784-19 ng-star-inserted\">\n<p><strong>Bal\u0131nyurdu ve Balk\u0131z i\u00e7in Bing\u00f6l \u00c7er\u00e7eve Bal\u0131: Do\u011fan\u0131n G\u00fcvencesiyle Sofralar\u0131n\u0131za<\/strong><\/p>\n<p>Bal\u0131nyurdu ve Balk\u0131z, sofralar\u0131n\u0131za sundu\u011fumuz her \u00fcr\u00fcn\u00fcn do\u011fall\u0131\u011f\u0131na ve kalitesine verdi\u011finiz de\u011feri biliyor. Bu y\u00fczden size \u00f6zel bir \u00f6nerimiz var: Bing\u00f6l \u00c7er\u00e7eve Bal\u0131. T\u00fcrkiye&#8217;nin en bakir co\u011frafyalar\u0131ndan Bing\u00f6l&#8217;\u00fcn y\u00fcksek yaylalar\u0131nda, ar\u0131lar\u0131n \u00e7al\u0131\u015fkanl\u0131\u011f\u0131yl peteklerde \u00fcretilen bu bal, Rabbimizin bize sundu\u011fu en saf arma\u011fanlardan biri.<\/p>\n<p>Bing\u00f6l \u00c7er\u00e7eve Bal\u0131, herhangi bir i\u015fleme tabi tutulmadan, pete\u011fiyle birlikte sunulur. Bu, bal\u0131n t\u00fcm besin de\u011ferlerini, enzimlerini ve antioksidanlar\u0131n\u0131 ilk g\u00fcnk\u00fc gibi korudu\u011fu anlam\u0131na gelir. Ar\u0131lar\u0131n eme\u011fiyle olu\u015fan petekler, bal\u0131n lezzetini ve aromas\u0131n\u0131 e\u015fsiz k\u0131lar. Her bir \u00e7er\u00e7evede, Bing\u00f6l&#8217;\u00fcn zengin \u00e7i\u00e7ek floras\u0131ndan gelen binbir \u00e7e\u015fidin kokusunu ve tad\u0131n\u0131 bulacaks\u0131n\u0131z.<\/p>\n<p>Bal\u0131nyurdu ve Balk\u0131z olarak, sofralar\u0131n\u0131za getirdi\u011fimiz \u00fcr\u00fcnlerdeki do\u011fall\u0131k ve g\u00fcvenilirlik aray\u0131\u015f\u0131n\u0131z\u0131 kar\u015f\u0131l\u0131yoruz. Bing\u00f6l \u00c7er\u00e7eve Bal\u0131, sadece bir tatl\u0131 de\u011fil, ayn\u0131 zamanda sa\u011fl\u0131kl\u0131 bir ya\u015fam tarz\u0131n\u0131n ve do\u011faya duyulan sayg\u0131n\u0131n bir g\u00f6stergesidir. Sabah kahvalt\u0131lar\u0131n\u0131zda, tatl\u0131lar\u0131n\u0131zda veya sadece bir ka\u015f\u0131kla bile, bu e\u015fsiz bal\u0131n size ve sevdiklerinize sunaca\u011f\u0131 lezzet ve sa\u011fl\u0131kla tan\u0131\u015f\u0131n.<\/p>\n<\/div>\n<\/div>\n<div class=\"avatar_spinner_animation ng-tns-c2817488784-19 ng-star-inserted\">\n<div class=\"avatar-container ng-tns-c2817488784-19 ng-trigger ng-trigger-scaleDown\"><\/div>\n<div class=\"avatar_spinner_animation ng-tns-c2817488784-19 ng-star-inserted\"><\/div>\n<\/div>\n<\/div>\n<div class=\"avatar_spinner_animation ng-tns-c2817488784-19 ng-star-inserted\"><\/div>\n","protected":false},"excerpt":{"rendered":"<p>Bal\u0131nyurdu ve Balk\u0131z i\u00e7in Bing\u00f6l \u00c7er\u00e7eve Bal\u0131: Do\u011fan\u0131n G\u00fcvencesiyle Sofralar\u0131n\u0131za Bal\u0131nyurdu ve Balk\u0131z, sofralar\u0131n\u0131za sundu\u011fumuz her \u00fcr\u00fcn\u00fcn do\u011fall\u0131\u011f\u0131na ve kalitesine verdi\u011finiz de\u011feri biliyor. Bu y\u00fczden size \u00f6zel bir \u00f6nerimiz var: Bing\u00f6l \u00c7er\u00e7eve Bal\u0131. T\u00fcrkiye&#8217;nin en bakir co\u011frafyalar\u0131ndan Bing\u00f6l&#8217;\u00fcn y\u00fcksek yaylalar\u0131nda, ar\u0131lar\u0131n \u00e7al\u0131\u015fkanl\u0131\u011f\u0131yl peteklerde \u00fcretilen bu bal, Rabbimizin bize sundu\u011fu en saf arma\u011fanlardan biri. Bing\u00f6l \u00c7er\u00e7eve [&hellip;]<\/p>\n","protected":false},"featured_media":8407,"comment_status":"open","ping_status":"closed","template":"","meta":[],"product_cat":[15,104],"product_tag":[],"class_list":{"0":"post-7994","1":"product","2":"type-product","3":"status-publish","4":"has-post-thumbnail","6":"product_cat-genel","7":"product_cat-cerceve","9":"first","10":"instock","11":"sale","12":"taxable","13":"shipping-taxable","14":"purchasable","15":"product-type-simple"},"_links":{"self":[{"href":"https:\/\/balinyurdu.com\/index.php?rest_route=\/wp\/v2\/product\/7994","targetHints":{"allow":["GET"]}}],"collection":[{"href":"https:\/\/balinyurdu.com\/index.php?rest_route=\/wp\/v2\/product"}],"about":[{"href":"https:\/\/balinyurdu.com\/index.php?rest_route=\/wp\/v2\/types\/product"}],"replies":[{"embeddable":true,"href":"https:\/\/balinyurdu.com\/index.php?rest_route=%2Fwp%2Fv2%2Fcomments&post=7994"}],"wp:featuredmedia":[{"embeddable":true,"href":"https:\/\/balinyurdu.com\/index.php?rest_route=\/wp\/v2\/media\/8407"}],"wp:attachment":[{"href":"https:\/\/balinyurdu.com\/index.php?rest_route=%2Fwp%2Fv2%2Fmedia&parent=7994"}],"wp:term":[{"taxonomy":"product_cat","embeddable":true,"href":"https:\/\/balinyurdu.com\/index.php?rest_route=%2Fwp%2Fv2%2Fproduct_cat&post=7994"},{"taxonomy":"product_tag","embeddable":true,"href":"https:\/\/balinyurdu.com\/index.php?rest_route=%2Fwp%2Fv2%2Fproduct_tag&post=7994"}],"curies":[{"name":"wp","href":"https:\/\/api.w.org\/{rel}","templated":true}]}}