{"id":8007,"date":"2025-07-15T16:32:11","date_gmt":"2025-07-15T13:32:11","guid":{"rendered":"https:\/\/balinyurdu.com\/?post_type=product&#038;p=8007"},"modified":"2025-08-02T22:01:32","modified_gmt":"2025-08-02T19:01:32","slug":"suzme-cicek-bali-850-gr","status":"publish","type":"product","link":"https:\/\/balinyurdu.com\/?product=suzme-cicek-bali-850-gr","title":{"rendered":"TOKAT S\u00dcZME \u00c7\u0130\u00c7EK BALI 850 GR"},"content":{"rendered":"<div id=\"model-response-message-contentr_8f371e7cbc094a35\" class=\"markdown markdown-main-panel enable-updated-hr-color\" dir=\"ltr\">\n<hr \/>\n<p>&nbsp;<\/p>\n<h2>Bal\u0131nyurdu ve Balk\u0131z i\u00e7in Tokat \u00c7aml\u0131bel Yaylas\u0131 S\u00fczme Bal\u0131: Do\u011fan\u0131n Berrak Arma\u011fan\u0131<\/h2>\n<p>&nbsp;<\/p>\n<p>Bal\u0131nyurdu ve Balk\u0131z olarak sofralar\u0131n\u0131za her zaman en saf ve en do\u011fal lezzetleri ta\u015f\u0131ma arzumuzla, sizlere <b>Tokat \u00c7aml\u0131bel Yaylas\u0131 S\u00fczme Bal\u0131<\/b>&#8216;n\u0131 sunmaktan mutluluk duyuyoruz. Tokat&#8217;\u0131n nefes kesen do\u011fal g\u00fczelliklere sahip \u00c7aml\u0131bel Yaylas\u0131, zengin ve \u00e7e\u015fitli bitki \u00f6rt\u00fcs\u00fcyle ar\u0131lar\u0131m\u0131z i\u00e7in e\u015fsiz bir cennet sunuyor. Bu el de\u011fmemi\u015f co\u011frafyada, ar\u0131lar\u0131m\u0131z\u0131n \u00f6zenle toplad\u0131\u011f\u0131 nektarlar, \u015feffaf ve alt\u0131n sar\u0131s\u0131 bir mucizeye d\u00f6n\u00fc\u015f\u00fcyor.<\/p>\n<p>\u00c7aml\u0131bel Yaylas\u0131&#8217;n\u0131n y\u00fcksek rak\u0131ml\u0131 ve tertemiz havas\u0131nda \u00fcretilen s\u00fczme bal\u0131m\u0131z, herhangi bir katk\u0131 maddesi i\u00e7ermez. Do\u011fal peteklerinden \u00f6zenle s\u00fcz\u00fclerek elde edilen bu bal, t\u00fcm vitamin, mineral ve antioksidanlar\u0131n\u0131 koruyarak sofralar\u0131n\u0131za ula\u015f\u0131yor. Her ka\u015f\u0131kta, yaylan\u0131n binbir \u00e7i\u00e7e\u011finden gelen e\u015fsiz aromalar\u0131 ve o b\u00f6lgeye \u00f6zg\u00fc berrak tad\u0131 hissedeceksiniz.<\/p>\n<p>Bal\u0131nyurdu ve Balk\u0131z g\u00fcvencesiyle sundu\u011fumuz Tokat \u00c7aml\u0131bel Yaylas\u0131 S\u00fczme Bal\u0131, kahvalt\u0131lar\u0131n\u0131zdan tatl\u0131lar\u0131n\u0131za, sa\u011fl\u0131kl\u0131 at\u0131\u015ft\u0131rmal\u0131klar\u0131n\u0131zdan s\u0131cak i\u00e7eceklerinize kadar her an\u0131n\u0131za lezzet katacak. Do\u011fan\u0131n kalbinden gelen bu berrak arma\u011fanla, hem sa\u011fl\u0131\u011f\u0131n\u0131z\u0131 destekleyecek hem de damaklar\u0131n\u0131zda unutulmaz bir iz b\u0131rakacaks\u0131n\u0131z.<\/p>\n<hr \/>\n<\/div>\n","protected":false},"excerpt":{"rendered":"<p>&nbsp; Bal\u0131nyurdu ve Balk\u0131z i\u00e7in Tokat \u00c7aml\u0131bel Yaylas\u0131 S\u00fczme Bal\u0131: Do\u011fan\u0131n Berrak Arma\u011fan\u0131 &nbsp; Bal\u0131nyurdu ve Balk\u0131z olarak sofralar\u0131n\u0131za her zaman en saf ve en do\u011fal lezzetleri ta\u015f\u0131ma arzumuzla, sizlere Tokat \u00c7aml\u0131bel Yaylas\u0131 S\u00fczme Bal\u0131&#8216;n\u0131 sunmaktan mutluluk duyuyoruz. Tokat&#8217;\u0131n nefes kesen do\u011fal g\u00fczelliklere sahip \u00c7aml\u0131bel Yaylas\u0131, zengin ve \u00e7e\u015fitli bitki \u00f6rt\u00fcs\u00fcyle ar\u0131lar\u0131m\u0131z i\u00e7in e\u015fsiz bir [&hellip;]<\/p>\n","protected":false},"featured_media":8304,"comment_status":"open","ping_status":"closed","template":"","meta":[],"product_cat":[15,105],"product_tag":[],"class_list":{"0":"post-8007","1":"product","2":"type-product","3":"status-publish","4":"has-post-thumbnail","6":"product_cat-genel","7":"product_cat-tokatcamlibel","9":"first","10":"instock","11":"sale","12":"taxable","13":"shipping-taxable","14":"purchasable","15":"product-type-simple"},"_links":{"self":[{"href":"https:\/\/balinyurdu.com\/index.php?rest_route=\/wp\/v2\/product\/8007","targetHints":{"allow":["GET"]}}],"collection":[{"href":"https:\/\/balinyurdu.com\/index.php?rest_route=\/wp\/v2\/product"}],"about":[{"href":"https:\/\/balinyurdu.com\/index.php?rest_route=\/wp\/v2\/types\/product"}],"replies":[{"embeddable":true,"href":"https:\/\/balinyurdu.com\/index.php?rest_route=%2Fwp%2Fv2%2Fcomments&post=8007"}],"wp:featuredmedia":[{"embeddable":true,"href":"https:\/\/balinyurdu.com\/index.php?rest_route=\/wp\/v2\/media\/8304"}],"wp:attachment":[{"href":"https:\/\/balinyurdu.com\/index.php?rest_route=%2Fwp%2Fv2%2Fmedia&parent=8007"}],"wp:term":[{"taxonomy":"product_cat","embeddable":true,"href":"https:\/\/balinyurdu.com\/index.php?rest_route=%2Fwp%2Fv2%2Fproduct_cat&post=8007"},{"taxonomy":"product_tag","embeddable":true,"href":"https:\/\/balinyurdu.com\/index.php?rest_route=%2Fwp%2Fv2%2Fproduct_tag&post=8007"}],"curies":[{"name":"wp","href":"https:\/\/api.w.org\/{rel}","templated":true}]}}