{"id":8289,"date":"2025-07-15T19:59:13","date_gmt":"2025-07-15T16:59:13","guid":{"rendered":"https:\/\/balinyurdu.com\/?post_type=product&#038;p=8289"},"modified":"2025-08-12T21:08:49","modified_gmt":"2025-08-12T18:08:49","slug":"cerceve-tokat-petek-bali","status":"publish","type":"product","link":"https:\/\/balinyurdu.com\/?product=cerceve-tokat-petek-bali","title":{"rendered":"TOKAT \u00c7ER\u00c7EVE PETEK BALI 1 KG"},"content":{"rendered":"<p>Bal\u0131nyurdu Tokat \u00c7aml\u0131bel Yaylas\u0131 Petek \u00c7i\u00e7ek Bal\u0131<\/p>\n<p>Tokat\u2019\u0131n e\u015fsiz do\u011fas\u0131 ve serin havas\u0131yla \u00fcnl\u00fc \u00c7aml\u0131bel Yaylas\u0131, y\u00fczlerce \u00e7i\u00e7ek t\u00fcr\u00fcn\u00fc bir araya getirir. \u0130\u015fte bu zengin florada nektar toplayan ar\u0131lar, do\u011fall\u0131\u011f\u0131n\u0131 ve safl\u0131\u011f\u0131n\u0131 koruyan, tamamen katk\u0131s\u0131z Bal\u0131nyurdu Petek \u00c7i\u00e7ek Bal\u0131n\u0131 \u00fcretir.<\/p>\n<p>\ud83d\udc1d Do\u011frudan pete\u011finden sofran\u0131za<br \/>\n\ud83c\udf38 Zengin \u00e7i\u00e7ek aromas\u0131 ve yo\u011fun yayla lezzeti<br \/>\n\u2705 Katk\u0131s\u0131z, do\u011fal ve g\u00fcvenilir<\/p>\n<p>Her lokmas\u0131nda yayla \u00e7i\u00e7eklerinin kokusunu, tertemiz da\u011f havas\u0131n\u0131 ve do\u011fan\u0131n \u00f6z\u00fcn\u00fc hissedeceksiniz. Hem kahvalt\u0131lar\u0131n\u0131za e\u015fsiz bir tat katar, hem de \u015fifa dolu bir do\u011fal kaynak sunar.<\/p>\n","protected":false},"excerpt":{"rendered":"<p>Bal\u0131nyurdu Tokat \u00c7aml\u0131bel Yaylas\u0131 Petek \u00c7i\u00e7ek Bal\u0131 Tokat\u2019\u0131n e\u015fsiz do\u011fas\u0131 ve serin havas\u0131yla \u00fcnl\u00fc \u00c7aml\u0131bel Yaylas\u0131, y\u00fczlerce \u00e7i\u00e7ek t\u00fcr\u00fcn\u00fc bir araya getirir. \u0130\u015fte bu zengin florada nektar toplayan ar\u0131lar, do\u011fall\u0131\u011f\u0131n\u0131 ve safl\u0131\u011f\u0131n\u0131 koruyan, tamamen katk\u0131s\u0131z Bal\u0131nyurdu Petek \u00c7i\u00e7ek Bal\u0131n\u0131 \u00fcretir. \ud83d\udc1d Do\u011frudan pete\u011finden sofran\u0131za \ud83c\udf38 Zengin \u00e7i\u00e7ek aromas\u0131 ve yo\u011fun yayla lezzeti \u2705 Katk\u0131s\u0131z, do\u011fal [&hellip;]<\/p>\n","protected":false},"featured_media":3892,"comment_status":"open","ping_status":"closed","template":"","meta":[],"product_cat":[15,105],"product_tag":[],"class_list":{"0":"post-8289","1":"product","2":"type-product","3":"status-publish","4":"has-post-thumbnail","6":"product_brand-balinyurdu","7":"product_cat-genel","8":"product_cat-tokatcamlibel","10":"first","11":"instock","12":"sale","13":"taxable","14":"shipping-taxable","15":"purchasable","16":"product-type-simple"},"_links":{"self":[{"href":"https:\/\/balinyurdu.com\/index.php?rest_route=\/wp\/v2\/product\/8289","targetHints":{"allow":["GET"]}}],"collection":[{"href":"https:\/\/balinyurdu.com\/index.php?rest_route=\/wp\/v2\/product"}],"about":[{"href":"https:\/\/balinyurdu.com\/index.php?rest_route=\/wp\/v2\/types\/product"}],"replies":[{"embeddable":true,"href":"https:\/\/balinyurdu.com\/index.php?rest_route=%2Fwp%2Fv2%2Fcomments&post=8289"}],"wp:featuredmedia":[{"embeddable":true,"href":"https:\/\/balinyurdu.com\/index.php?rest_route=\/wp\/v2\/media\/3892"}],"wp:attachment":[{"href":"https:\/\/balinyurdu.com\/index.php?rest_route=%2Fwp%2Fv2%2Fmedia&parent=8289"}],"wp:term":[{"taxonomy":"product_cat","embeddable":true,"href":"https:\/\/balinyurdu.com\/index.php?rest_route=%2Fwp%2Fv2%2Fproduct_cat&post=8289"},{"taxonomy":"product_tag","embeddable":true,"href":"https:\/\/balinyurdu.com\/index.php?rest_route=%2Fwp%2Fv2%2Fproduct_tag&post=8289"}],"curies":[{"name":"wp","href":"https:\/\/api.w.org\/{rel}","templated":true}]}}