{"id":8293,"date":"2025-07-15T20:27:32","date_gmt":"2025-07-15T17:27:32","guid":{"rendered":"https:\/\/balinyurdu.com\/?post_type=product&#038;p=8293"},"modified":"2025-08-09T15:44:21","modified_gmt":"2025-08-09T12:44:21","slug":"saf-kestane-bali-kastamonu","status":"publish","type":"product","link":"https:\/\/balinyurdu.com\/?product=saf-kestane-bali-kastamonu","title":{"rendered":"KASTAMONU KESTANE BALI 850 GR"},"content":{"rendered":"<p>\ud83d\udc1d Bal\u0131nyurdu Kastamonu Saf Kestane Bal\u0131 \u2013 Orman\u0131n \u015eifa Dolu Hediyesi<\/p>\n<p>Merhaba! Ben Balk\u0131z \ud83d\udc1d<br \/>\nBu kez sizi Kastamonu\u2019nun e\u015fsiz kestane ormanlar\u0131na g\u00f6t\u00fcr\u00fcyorum. Buradaki zengin bitki \u00f6rt\u00fcs\u00fcnden toplad\u0131\u011f\u0131m nektar, yo\u011fun aromal\u0131 ve \u015fifa dolu Bal\u0131nyurdu Kastamonu Saf Kestane Bal\u0131na d\u00f6n\u00fc\u015f\u00fcyor.<\/p>\n<p>\ud83c\udf33 Kastamonu\u2019nun do\u011fal kestane ormanlar\u0131ndan<br \/>\n\ud83c\udf6f Yo\u011fun, hafif ac\u0131ms\u0131 ve karakteristik bir tat<br \/>\n\ud83d\udcaa Ba\u011f\u0131\u015f\u0131kl\u0131k sistemini destekleyen g\u00fc\u00e7l\u00fc bir do\u011fal \u015fifa kayna\u011f\u0131<\/p>\n<p>Bir ka\u015f\u0131k tatt\u0131\u011f\u0131n\u0131zda Kastamonu ormanlar\u0131n\u0131n kokusunu ve do\u011fan\u0131n derin aromalar\u0131n\u0131 hissedeceksiniz. Kahvalt\u0131larda, yo\u011furtla, s\u00fctle ya da \u015fifa niyetine tek ba\u015f\u0131na t\u00fcketebilirsiniz.<\/p>\n<p>Bal\u0131nyurdu Kastamonu Saf Kestane Bal\u0131, do\u011fall\u0131\u011f\u0131 ve kalitesiyle sofralar\u0131n\u0131za g\u00fcvenle geliyor.<\/p>\n","protected":false},"excerpt":{"rendered":"<p>\ud83d\udc1d Bal\u0131nyurdu Kastamonu Saf Kestane Bal\u0131 \u2013 Orman\u0131n \u015eifa Dolu Hediyesi Merhaba! Ben Balk\u0131z \ud83d\udc1d Bu kez sizi Kastamonu\u2019nun e\u015fsiz kestane ormanlar\u0131na g\u00f6t\u00fcr\u00fcyorum. Buradaki zengin bitki \u00f6rt\u00fcs\u00fcnden toplad\u0131\u011f\u0131m nektar, yo\u011fun aromal\u0131 ve \u015fifa dolu Bal\u0131nyurdu Kastamonu Saf Kestane Bal\u0131na d\u00f6n\u00fc\u015f\u00fcyor. \ud83c\udf33 Kastamonu\u2019nun do\u011fal kestane ormanlar\u0131ndan \ud83c\udf6f Yo\u011fun, hafif ac\u0131ms\u0131 ve karakteristik bir tat \ud83d\udcaa Ba\u011f\u0131\u015f\u0131kl\u0131k [&hellip;]<\/p>\n","protected":false},"featured_media":8301,"comment_status":"open","ping_status":"closed","template":"","meta":[],"product_cat":[15,106],"product_tag":[],"class_list":{"0":"post-8293","1":"product","2":"type-product","3":"status-publish","4":"has-post-thumbnail","6":"product_brand-balinyurdu","7":"product_cat-genel","8":"product_cat-ozelballar","10":"first","11":"instock","12":"sale","13":"taxable","14":"shipping-taxable","15":"purchasable","16":"product-type-simple"},"_links":{"self":[{"href":"https:\/\/balinyurdu.com\/index.php?rest_route=\/wp\/v2\/product\/8293","targetHints":{"allow":["GET"]}}],"collection":[{"href":"https:\/\/balinyurdu.com\/index.php?rest_route=\/wp\/v2\/product"}],"about":[{"href":"https:\/\/balinyurdu.com\/index.php?rest_route=\/wp\/v2\/types\/product"}],"replies":[{"embeddable":true,"href":"https:\/\/balinyurdu.com\/index.php?rest_route=%2Fwp%2Fv2%2Fcomments&post=8293"}],"wp:featuredmedia":[{"embeddable":true,"href":"https:\/\/balinyurdu.com\/index.php?rest_route=\/wp\/v2\/media\/8301"}],"wp:attachment":[{"href":"https:\/\/balinyurdu.com\/index.php?rest_route=%2Fwp%2Fv2%2Fmedia&parent=8293"}],"wp:term":[{"taxonomy":"product_cat","embeddable":true,"href":"https:\/\/balinyurdu.com\/index.php?rest_route=%2Fwp%2Fv2%2Fproduct_cat&post=8293"},{"taxonomy":"product_tag","embeddable":true,"href":"https:\/\/balinyurdu.com\/index.php?rest_route=%2Fwp%2Fv2%2Fproduct_tag&post=8293"}],"curies":[{"name":"wp","href":"https:\/\/api.w.org\/{rel}","templated":true}]}}