{"id":8295,"date":"2025-07-15T21:25:52","date_gmt":"2025-07-15T18:25:52","guid":{"rendered":"https:\/\/balinyurdu.com\/?post_type=product&#038;p=8295"},"modified":"2025-08-26T12:36:19","modified_gmt":"2025-08-26T09:36:19","slug":"karakovan-bingol-petek-bali-1-kg","status":"publish","type":"product","link":"https:\/\/balinyurdu.com\/?product=karakovan-bingol-petek-bali-1-kg","title":{"rendered":"B\u0130NG\u00d6L KARAKOVAN PETEK BAL 1 KG"},"content":{"rendered":"<p>\ud83d\udccd Bal\u0131nyurdu\u2019dan Bing\u00f6l Karakovan Petek Bal\u0131 \ud83d\udc1d\u2728<\/p>\n<p>Merhaba, ben Balk\u0131z! \ud83c\udf6f Do\u011fan\u0131n en saf ve do\u011fal lezzetini sizinle bulu\u015fturmaya geldim. \u0130\u015fte kar\u015f\u0131n\u0131zda Bing\u00f6l Karakovan Petek Bal\u0131\u2026<\/p>\n<p style=\"text-align: center;\">\ud83c\udf3f Do\u011fal Yaylalardan Gelen \u015eifa<br \/>\nBing\u00f6l\u2019\u00fcn y\u00fcksek rak\u0131ml\u0131 yaylalar\u0131nda, hi\u00e7bir katk\u0131 ve ila\u00e7lama olmadan yeti\u015fen \u00e7i\u00e7eklerin nektar\u0131ndan \u00fcretilen bu bal, tamamen do\u011fal karakovanlarda olgunla\u015f\u0131yor. Ar\u0131lar, peteklerini insan eli de\u011fmeden kendi \u00f6r\u00fcyor ve bal, do\u011fan\u0131n kendi ritminde olgunla\u015f\u0131yor.<\/p>\n<p>\ud83c\udf6f Neden Karakovan Petek Bal\u0131?<br \/>\n\u2705 Katk\u0131s\u0131z ve i\u015flem g\u00f6rmemi\u015f<br \/>\n\u2705 Petek dokusu tamamen ar\u0131ya ait<br \/>\n\u2705 Zengin aroma ve yo\u011fun lezzet<br \/>\n\u2705 Do\u011fal \u015fifa kayna\u011f\u0131 vitamin ve mineraller<\/p>\n<p>\ud83d\udc9b Bal\u0131nyurdu g\u00fcvencesiyle en saf haliyle sofralar\u0131n\u0131za geliyor. Balk\u0131z olarak size s\u00f6z veriyorum; yalan yok, hile yok! Yaln\u0131zca do\u011fadan gelen saf lezzet var.<\/p>\n<p>\ud83c\udf38 Bing\u00f6l\u2019\u00fcn yaylalar\u0131ndan sofran\u0131za\u2026<br \/>\nBir ka\u015f\u0131k al\u0131n ve do\u011fan\u0131n en \u00f6zel arma\u011fan\u0131n\u0131 hissedin!<\/p>\n<p>\ud83d\udc49 Bal\u0131nyurdu &amp; Balk\u0131z olarak sizi bu e\u015fsiz lezzetle bulu\u015fturmaktan mutluluk duyuyoruz.<\/p>\n","protected":false},"excerpt":{"rendered":"<p>\ud83d\udccd Bal\u0131nyurdu\u2019dan Bing\u00f6l Karakovan Petek Bal\u0131 \ud83d\udc1d\u2728 Merhaba, ben Balk\u0131z! \ud83c\udf6f Do\u011fan\u0131n en saf ve do\u011fal lezzetini sizinle bulu\u015fturmaya geldim. \u0130\u015fte kar\u015f\u0131n\u0131zda Bing\u00f6l Karakovan Petek Bal\u0131\u2026 \ud83c\udf3f Do\u011fal Yaylalardan Gelen \u015eifa Bing\u00f6l\u2019\u00fcn y\u00fcksek rak\u0131ml\u0131 yaylalar\u0131nda, hi\u00e7bir katk\u0131 ve ila\u00e7lama olmadan yeti\u015fen \u00e7i\u00e7eklerin nektar\u0131ndan \u00fcretilen bu bal, tamamen do\u011fal karakovanlarda olgunla\u015f\u0131yor. Ar\u0131lar, peteklerini insan eli de\u011fmeden [&hellip;]<\/p>\n","protected":false},"featured_media":8310,"comment_status":"open","ping_status":"closed","template":"","meta":[],"product_cat":[15,64],"product_tag":[],"class_list":{"0":"post-8295","1":"product","2":"type-product","3":"status-publish","4":"has-post-thumbnail","6":"product_brand-balinyurdu","7":"product_cat-genel","8":"product_cat-bingol-yoresi-urunleri","10":"first","11":"instock","12":"sale","13":"taxable","14":"shipping-taxable","15":"purchasable","16":"product-type-simple"},"_links":{"self":[{"href":"https:\/\/balinyurdu.com\/index.php?rest_route=\/wp\/v2\/product\/8295","targetHints":{"allow":["GET"]}}],"collection":[{"href":"https:\/\/balinyurdu.com\/index.php?rest_route=\/wp\/v2\/product"}],"about":[{"href":"https:\/\/balinyurdu.com\/index.php?rest_route=\/wp\/v2\/types\/product"}],"replies":[{"embeddable":true,"href":"https:\/\/balinyurdu.com\/index.php?rest_route=%2Fwp%2Fv2%2Fcomments&post=8295"}],"wp:featuredmedia":[{"embeddable":true,"href":"https:\/\/balinyurdu.com\/index.php?rest_route=\/wp\/v2\/media\/8310"}],"wp:attachment":[{"href":"https:\/\/balinyurdu.com\/index.php?rest_route=%2Fwp%2Fv2%2Fmedia&parent=8295"}],"wp:term":[{"taxonomy":"product_cat","embeddable":true,"href":"https:\/\/balinyurdu.com\/index.php?rest_route=%2Fwp%2Fv2%2Fproduct_cat&post=8295"},{"taxonomy":"product_tag","embeddable":true,"href":"https:\/\/balinyurdu.com\/index.php?rest_route=%2Fwp%2Fv2%2Fproduct_tag&post=8295"}],"curies":[{"name":"wp","href":"https:\/\/api.w.org\/{rel}","templated":true}]}}