{"id":8305,"date":"2025-07-20T17:58:35","date_gmt":"2025-07-20T14:58:35","guid":{"rendered":"https:\/\/balinyurdu.com\/?post_type=product&#038;p=8305"},"modified":"2025-08-02T22:00:10","modified_gmt":"2025-08-02T19:00:10","slug":"ari-sutu-tokat-30-gr","status":"publish","type":"product","link":"https:\/\/balinyurdu.com\/?product=ari-sutu-tokat-30-gr","title":{"rendered":"TOKAT ARI S\u00dcT\u00dc 30 GR"},"content":{"rendered":"<h3 data-start=\"282\" data-end=\"342\">\ud83c\udf3f <strong data-start=\"289\" data-end=\"339\">Tokat Y\u00f6resi Ar\u0131 S\u00fct\u00fc: Do\u011fan\u0131n \u015eifal\u0131 Mucizesi<\/strong> \ud83d\udc1d<\/h3>\n<p data-start=\"344\" data-end=\"711\"><strong data-start=\"344\" data-end=\"353\">Tokat<\/strong>&#8216;\u0131n kendine \u00f6zg\u00fc iklimi ve verimli do\u011fas\u0131, ar\u0131c\u0131l\u0131kla u\u011fra\u015fan yerel \u00fcreticiler i\u00e7in b\u00fcy\u00fck bir \u015fans. Bu bereketli topraklarda \u00fcretilen <strong data-start=\"487\" data-end=\"499\">ar\u0131 s\u00fct\u00fc<\/strong>, b\u00f6lgenin zengin floras\u0131ndan beslenen ar\u0131lar\u0131n sa\u011fl\u0131kl\u0131 ve g\u00fc\u00e7l\u00fc \u00fcretimini sa\u011flar. Tokat ar\u0131 s\u00fct\u00fc, do\u011fan\u0131n en saf ve zengin besin kaynaklar\u0131ndan biri olarak, geleneksel ve modern sa\u011fl\u0131k \u00e7\u00f6z\u00fcmleriyle harmanlan\u0131r.<\/p>\n<h4 data-start=\"713\" data-end=\"746\">\ud83d\udc1d <strong data-start=\"721\" data-end=\"746\">Tokat Ar\u0131 S\u00fct\u00fc Nedir?<\/strong><\/h4>\n<p data-start=\"747\" data-end=\"1106\">Ar\u0131 s\u00fct\u00fc, i\u015f\u00e7i ar\u0131lar\u0131n yavrular\u0131n\u0131 beslemek i\u00e7in \u00fcretti\u011fi, y\u00fcksek besin de\u011feri ve \u015fifa kayna\u011f\u0131 olan bir maddeyi ifade eder. \u0130\u00e7eri\u011finde <strong data-start=\"883\" data-end=\"897\">proteinler<\/strong>, <strong data-start=\"899\" data-end=\"913\">vitaminler<\/strong>, <strong data-start=\"915\" data-end=\"935\">mineral maddeler<\/strong> ve <strong data-start=\"939\" data-end=\"952\">hormonlar<\/strong> gibi canl\u0131 sa\u011fl\u0131\u011f\u0131n\u0131 destekleyen bir \u00e7ok \u00f6nemli bile\u015fen bulunur. Bu y\u00fczden, <strong data-start=\"1029\" data-end=\"1064\">ba\u011f\u0131\u015f\u0131kl\u0131k sistemi g\u00fc\u00e7lendirici<\/strong>, <strong data-start=\"1066\" data-end=\"1081\">antioksidan<\/strong> \u00f6zellikleri ile bilinir.<\/p>\n<h4 data-start=\"1108\" data-end=\"1147\">\ud83c\udf6f <strong data-start=\"1116\" data-end=\"1147\">Tokat Ar\u0131 S\u00fct\u00fcn\u00fcn Faydalar\u0131<\/strong><\/h4>\n<ul data-start=\"1148\" data-end=\"1490\">\n<li data-start=\"1148\" data-end=\"1221\">\n<p data-start=\"1150\" data-end=\"1221\"><strong data-start=\"1150\" data-end=\"1184\">Enerji ve Dayan\u0131kl\u0131l\u0131k Art\u0131r\u0131r<\/strong>: Yorgunlu\u011fu giderir ve enerji verir.<\/p>\n<\/li>\n<li data-start=\"1222\" data-end=\"1299\">\n<p data-start=\"1224\" data-end=\"1299\"><strong data-start=\"1224\" data-end=\"1259\">Ba\u011f\u0131\u015f\u0131kl\u0131k Sistemi G\u00fc\u00e7lendirici<\/strong>: V\u00fccudun savunma sistemini g\u00fc\u00e7lendirir.<\/p>\n<\/li>\n<li data-start=\"1300\" data-end=\"1400\">\n<p data-start=\"1302\" data-end=\"1400\"><strong data-start=\"1302\" data-end=\"1330\">Cilt ve Ya\u015flanma Kar\u015f\u0131t\u0131<\/strong>: Ciltteki gen\u00e7lik ve sa\u011fl\u0131\u011f\u0131 korur, ya\u015flanma kar\u015f\u0131t\u0131 etkileri vard\u0131r.<\/p>\n<\/li>\n<li data-start=\"1401\" data-end=\"1490\">\n<p data-start=\"1403\" data-end=\"1490\"><strong data-start=\"1403\" data-end=\"1431\">Hormon D\u00fczeyini D\u00fczenler<\/strong>: \u00d6zellikle kad\u0131nlar i\u00e7in hormon dengelemede yard\u0131mc\u0131 olur.<\/p>\n<\/li>\n<\/ul>\n","protected":false},"excerpt":{"rendered":"<p>\ud83c\udf3f Tokat Y\u00f6resi Ar\u0131 S\u00fct\u00fc: Do\u011fan\u0131n \u015eifal\u0131 Mucizesi \ud83d\udc1d Tokat&#8216;\u0131n kendine \u00f6zg\u00fc iklimi ve verimli do\u011fas\u0131, ar\u0131c\u0131l\u0131kla u\u011fra\u015fan yerel \u00fcreticiler i\u00e7in b\u00fcy\u00fck bir \u015fans. Bu bereketli topraklarda \u00fcretilen ar\u0131 s\u00fct\u00fc, b\u00f6lgenin zengin floras\u0131ndan beslenen ar\u0131lar\u0131n sa\u011fl\u0131kl\u0131 ve g\u00fc\u00e7l\u00fc \u00fcretimini sa\u011flar. Tokat ar\u0131 s\u00fct\u00fc, do\u011fan\u0131n en saf ve zengin besin kaynaklar\u0131ndan biri olarak, geleneksel ve modern [&hellip;]<\/p>\n","protected":false},"featured_media":8306,"comment_status":"open","ping_status":"closed","template":"","meta":[],"product_cat":[15,108],"product_tag":[],"class_list":{"0":"post-8305","1":"product","2":"type-product","3":"status-publish","4":"has-post-thumbnail","6":"product_cat-genel","7":"product_cat-ari-urunleri-ve-karisimlar","9":"first","10":"instock","11":"sale","12":"taxable","13":"shipping-taxable","14":"purchasable","15":"product-type-simple"},"_links":{"self":[{"href":"https:\/\/balinyurdu.com\/index.php?rest_route=\/wp\/v2\/product\/8305","targetHints":{"allow":["GET"]}}],"collection":[{"href":"https:\/\/balinyurdu.com\/index.php?rest_route=\/wp\/v2\/product"}],"about":[{"href":"https:\/\/balinyurdu.com\/index.php?rest_route=\/wp\/v2\/types\/product"}],"replies":[{"embeddable":true,"href":"https:\/\/balinyurdu.com\/index.php?rest_route=%2Fwp%2Fv2%2Fcomments&post=8305"}],"wp:featuredmedia":[{"embeddable":true,"href":"https:\/\/balinyurdu.com\/index.php?rest_route=\/wp\/v2\/media\/8306"}],"wp:attachment":[{"href":"https:\/\/balinyurdu.com\/index.php?rest_route=%2Fwp%2Fv2%2Fmedia&parent=8305"}],"wp:term":[{"taxonomy":"product_cat","embeddable":true,"href":"https:\/\/balinyurdu.com\/index.php?rest_route=%2Fwp%2Fv2%2Fproduct_cat&post=8305"},{"taxonomy":"product_tag","embeddable":true,"href":"https:\/\/balinyurdu.com\/index.php?rest_route=%2Fwp%2Fv2%2Fproduct_tag&post=8305"}],"curies":[{"name":"wp","href":"https:\/\/api.w.org\/{rel}","templated":true}]}}