{"id":8311,"date":"2025-07-20T18:25:52","date_gmt":"2025-07-20T15:25:52","guid":{"rendered":"https:\/\/balinyurdu.com\/?post_type=product&#038;p=8311"},"modified":"2025-08-02T21:59:36","modified_gmt":"2025-08-02T18:59:36","slug":"polen-tokat-100-gr","status":"publish","type":"product","link":"https:\/\/balinyurdu.com\/?product=polen-tokat-100-gr","title":{"rendered":"TOKAT POLEN 100 GR"},"content":{"rendered":"<h3 data-start=\"123\" data-end=\"194\"><strong data-start=\"127\" data-end=\"194\">Bal\u0131n Yurdu Tokat Y\u00f6resi Polen: Do\u011fal Zenginlik ve \u015eifa Kayna\u011f\u0131<\/strong><\/h3>\n<p data-start=\"196\" data-end=\"422\"><strong data-start=\"196\" data-end=\"211\">Bal\u0131n Yurdu<\/strong> olarak, do\u011fan\u0131n saf ve katk\u0131s\u0131z arma\u011fanlar\u0131n\u0131 sizlerle bulu\u015fturman\u0131n gururunu ya\u015f\u0131yoruz. <strong data-start=\"301\" data-end=\"311\">Balk\u0131z<\/strong>, <strong data-start=\"313\" data-end=\"328\">Bal\u0131n Yurdu<\/strong>\u2019nun g\u00f6rsel y\u00fcz\u00fc olarak, Tokat&#8217;\u0131n e\u015fsiz do\u011fas\u0131nda toplanan <strong data-start=\"387\" data-end=\"405\">y\u00f6resel poleni<\/strong> sizlere sunuyor.<\/p>\n<p data-start=\"424\" data-end=\"829\"><strong data-start=\"424\" data-end=\"458\">Tokat Y\u00f6resi&#8217;nin E\u015fsiz Poleni:<\/strong><br \/>\nTokat\u2019\u0131n verimli topraklar\u0131nda, \u00e7i\u00e7eklerin zengin \u00e7e\u015fitlili\u011fi i\u00e7inde ar\u0131lar taraf\u0131ndan \u00f6zenle toplanan polen, her bir tanesinde b\u00f6lgenin kendine has floras\u0131n\u0131 bar\u0131nd\u0131r\u0131r. <strong data-start=\"630\" data-end=\"645\">Bal\u0131n Yurdu<\/strong>\u2019nun sundu\u011fu <strong data-start=\"658\" data-end=\"680\">Tokat Y\u00f6resi Polen<\/strong>i, do\u011fan\u0131n en saf haliyle sizlere ula\u015ft\u0131r\u0131l\u0131r. \u0130\u00e7erdi\u011fi y\u00fcksek besin de\u011feri ve zengin mineraller ile hem do\u011fall\u0131\u011f\u0131n\u0131 hem de \u015fifas\u0131n\u0131 bir arada sunar.<\/p>\n<h3 data-start=\"831\" data-end=\"876\"><strong data-start=\"835\" data-end=\"876\">Neden Bal\u0131n Yurdu Tokat Y\u00f6resi Polen?<\/strong><\/h3>\n<p data-start=\"878\" data-end=\"1123\">\ud83c\udf38 <strong data-start=\"881\" data-end=\"901\">Do\u011fall\u0131kta Zirve<\/strong><br data-start=\"901\" data-end=\"904\" \/><strong data-start=\"904\" data-end=\"919\">Bal\u0131n Yurdu<\/strong> olarak sundu\u011fumuz Tokat Y\u00f6resi Polen, hi\u00e7bir kimyasal i\u015fleme tabi tutulmadan do\u011fan\u0131n saf haliyle paketlenir. <strong data-start=\"1029\" data-end=\"1039\">Balk\u0131z<\/strong>, bu de\u011ferli \u00fcr\u00fcn\u00fcn g\u00f6rsel y\u00fcz\u00fc olarak, sa\u011fl\u0131kl\u0131 ya\u015fam\u0131n ve do\u011fall\u0131\u011f\u0131n simgesi olur.<\/p>\n<p data-start=\"1125\" data-end=\"1453\">\ud83c\udf3f <strong data-start=\"1128\" data-end=\"1161\">Zengin \u0130\u00e7erik ve Y\u00fcksek Fayda<\/strong><br data-start=\"1161\" data-end=\"1164\" \/>Polen, v\u00fccudumuza gerekli olan pek \u00e7ok vitamini, minerali, amino asidi ve enzimleri i\u00e7erir. \u00d6zellikle B vitaminleri, protein ve antioksidanlar bak\u0131m\u0131ndan son derece zengindir. <strong data-start=\"1340\" data-end=\"1355\">Bal\u0131n Yurdu<\/strong> Tokat Y\u00f6resi Polen, her bir tanesinde bu besin de\u011ferlerini ta\u015f\u0131yarak sa\u011fl\u0131\u011f\u0131n\u0131za katk\u0131da bulunur.<\/p>\n<p data-start=\"1455\" data-end=\"1708\">\ud83c\udf6f <strong data-start=\"1458\" data-end=\"1497\">Sofran\u0131zda \u015eifa, Do\u011fall\u0131k ve Lezzet<\/strong><br data-start=\"1497\" data-end=\"1500\" \/>Tokat\u2019\u0131n \u00f6zg\u00fcn bitki \u00f6rt\u00fcs\u00fc ve temiz do\u011fas\u0131, polenin kalitesini art\u0131ran en \u00f6nemli etkenlerden biridir. <strong data-start=\"1603\" data-end=\"1618\">Bal\u0131n Yurdu<\/strong>, bu e\u015fsiz lezzeti ve do\u011fall\u0131\u011f\u0131, <strong data-start=\"1651\" data-end=\"1661\">Balk\u0131z<\/strong>&#8216;\u0131n zarif ve \u015fifal\u0131 temsiliyle sizlere sunuyor.<\/p>\n<h3 data-start=\"1710\" data-end=\"1740\"><strong data-start=\"1714\" data-end=\"1740\">Tokat\u2019\u0131n Do\u011fal Miras\u0131:<\/strong><\/h3>\n<p data-start=\"1741\" data-end=\"2022\">Tokat, bal \u00fcretiminin yan\u0131 s\u0131ra poleniyle de \u00fcnl\u00fcd\u00fcr. <strong data-start=\"1795\" data-end=\"1810\">Bal\u0131n Yurdu<\/strong>\u2019nun sundu\u011fu <strong data-start=\"1823\" data-end=\"1845\">Tokat Y\u00f6resi Polen<\/strong>, ba\u011f\u0131\u015f\u0131kl\u0131k sistemini g\u00fc\u00e7lendiren, enerjinizi art\u0131ran ve v\u00fccudu zararl\u0131 toksinlerden ar\u0131nd\u0131ran \u00f6zelliklere sahiptir. Y\u00fcksek protein i\u00e7eri\u011fiyle v\u00fccuda canl\u0131l\u0131k ve enerji sa\u011flar.<\/p>\n<p data-start=\"2024\" data-end=\"2250\">Polen, do\u011fan\u0131n bir mucizesi olarak, \u00f6zellikle k\u0131\u015f aylar\u0131nda ba\u011f\u0131\u015f\u0131kl\u0131k sisteminizi g\u00fc\u00e7lendiren etkisiyle size sa\u011fl\u0131k sunar. <strong data-start=\"2148\" data-end=\"2158\">Balk\u0131z<\/strong>, i\u015fte bu do\u011fall\u0131\u011f\u0131 simgeleyen bir y\u00fcz olarak, Tokat\u2019\u0131n en saf polenini sofralar\u0131n\u0131za ta\u015f\u0131r.<\/p>\n<h3 data-start=\"2252\" data-end=\"2308\"><strong data-start=\"2256\" data-end=\"2308\">Balk\u0131z ile Sa\u011fl\u0131kl\u0131 Ya\u015fam\u0131n Kap\u0131lar\u0131n\u0131 Aralay\u0131n!<\/strong><\/h3>\n<p data-start=\"2310\" data-end=\"2563\"><strong data-start=\"2310\" data-end=\"2320\">Balk\u0131z<\/strong>, <strong data-start=\"2322\" data-end=\"2337\">Bal\u0131n Yurdu<\/strong>\u2019nun markas\u0131 ve g\u00f6rsel y\u00fcz\u00fc olarak, do\u011fan\u0131n safl\u0131\u011f\u0131n\u0131, Tokat\u2019\u0131n zengin floras\u0131n\u0131 ve bu zenginli\u011fin \u015fifal\u0131 etkilerini simgeler. <strong data-start=\"2464\" data-end=\"2498\">Bal\u0131n Yurdu Tokat Y\u00f6resi Polen<\/strong> ile sa\u011fl\u0131kl\u0131 bir ya\u015fam\u0131 ke\u015ffedin, do\u011fal zenginlikten faydalan\u0131n.<\/p>\n<hr data-start=\"2565\" data-end=\"2568\" \/>\n<h3 data-start=\"2570\" data-end=\"2593\"><strong data-start=\"2574\" data-end=\"2593\">\u00dcr\u00fcn Faydalar\u0131:<\/strong><\/h3>\n<ul data-start=\"2594\" data-end=\"2985\">\n<li data-start=\"2594\" data-end=\"2680\">\n<p data-start=\"2596\" data-end=\"2680\"><strong data-start=\"2596\" data-end=\"2633\">Ba\u011f\u0131\u015f\u0131kl\u0131k Sistemini G\u00fc\u00e7lendirir:<\/strong> V\u00fccudunuzun savunma mekanizmalar\u0131n\u0131 destekler.<\/p>\n<\/li>\n<li data-start=\"2681\" data-end=\"2748\">\n<p data-start=\"2683\" data-end=\"2748\"><strong data-start=\"2683\" data-end=\"2700\">Enerji Verir:<\/strong> Yorgunlu\u011fu azaltarak g\u00fcnl\u00fck enerjinizi art\u0131r\u0131r.<\/p>\n<\/li>\n<li data-start=\"2749\" data-end=\"2819\">\n<p data-start=\"2751\" data-end=\"2819\"><strong data-start=\"2751\" data-end=\"2784\">Sindirim Sistemini Destekler:<\/strong> Do\u011fal bir sindirim d\u00fczenleyicidir.<\/p>\n<\/li>\n<li data-start=\"2820\" data-end=\"2888\">\n<p data-start=\"2822\" data-end=\"2888\"><strong data-start=\"2822\" data-end=\"2851\">Cilt Sa\u011fl\u0131\u011f\u0131n\u0131 Destekler:<\/strong> Antioksidanlar i\u00e7erir, cildi besler.<\/p>\n<\/li>\n<li data-start=\"2889\" data-end=\"2985\">\n<p data-start=\"2891\" data-end=\"2985\"><strong data-start=\"2891\" data-end=\"2917\">Do\u011fal \u015eifa Kayna\u011f\u0131d\u0131r:<\/strong> V\u00fccutta toksinleri ar\u0131nd\u0131rarak genel sa\u011fl\u0131k durumunuzu iyile\u015ftirir.<\/p>\n<\/li>\n<\/ul>\n<hr data-start=\"2987\" data-end=\"2990\" \/>\n<h3 data-start=\"2992\" data-end=\"3036\"><strong data-start=\"2996\" data-end=\"3036\">Sa\u011fl\u0131\u011f\u0131n\u0131za Do\u011fal Bir Yat\u0131r\u0131m Yap\u0131n!<\/strong><\/h3>\n<p data-start=\"3038\" data-end=\"3298\"><strong data-start=\"3038\" data-end=\"3053\">Bal\u0131n Yurdu<\/strong> olarak, her bir gram polenimizde do\u011fan\u0131n safl\u0131\u011f\u0131n\u0131 ve Tokat\u2019\u0131n bereketini sizlere sunuyoruz. Sa\u011fl\u0131k, do\u011fall\u0131k ve \u015fifa dolu her an i\u00e7in <strong data-start=\"3189\" data-end=\"3199\">Balk\u0131z<\/strong> ile yan\u0131n\u0131zday\u0131z. <strong data-start=\"3218\" data-end=\"3252\">Bal\u0131n Yurdu Tokat Y\u00f6resi Polen<\/strong> ile sa\u011fl\u0131kl\u0131 bir ya\u015fam\u0131n kap\u0131lar\u0131n\u0131 aralay\u0131n!<\/p>\n","protected":false},"excerpt":{"rendered":"<p>Bal\u0131n Yurdu Tokat Y\u00f6resi Polen: Do\u011fal Zenginlik ve \u015eifa Kayna\u011f\u0131 Bal\u0131n Yurdu olarak, do\u011fan\u0131n saf ve katk\u0131s\u0131z arma\u011fanlar\u0131n\u0131 sizlerle bulu\u015fturman\u0131n gururunu ya\u015f\u0131yoruz. Balk\u0131z, Bal\u0131n Yurdu\u2019nun g\u00f6rsel y\u00fcz\u00fc olarak, Tokat&#8217;\u0131n e\u015fsiz do\u011fas\u0131nda toplanan y\u00f6resel poleni sizlere sunuyor. Tokat Y\u00f6resi&#8217;nin E\u015fsiz Poleni: Tokat\u2019\u0131n verimli topraklar\u0131nda, \u00e7i\u00e7eklerin zengin \u00e7e\u015fitlili\u011fi i\u00e7inde ar\u0131lar taraf\u0131ndan \u00f6zenle toplanan polen, her bir tanesinde [&hellip;]<\/p>\n","protected":false},"featured_media":8312,"comment_status":"open","ping_status":"closed","template":"","meta":[],"product_cat":[15,108],"product_tag":[],"class_list":{"0":"post-8311","1":"product","2":"type-product","3":"status-publish","4":"has-post-thumbnail","6":"product_brand-balinyurdu","7":"product_cat-genel","8":"product_cat-ari-urunleri-ve-karisimlar","10":"first","11":"instock","12":"sale","13":"taxable","14":"shipping-taxable","15":"purchasable","16":"product-type-simple"},"_links":{"self":[{"href":"https:\/\/balinyurdu.com\/index.php?rest_route=\/wp\/v2\/product\/8311","targetHints":{"allow":["GET"]}}],"collection":[{"href":"https:\/\/balinyurdu.com\/index.php?rest_route=\/wp\/v2\/product"}],"about":[{"href":"https:\/\/balinyurdu.com\/index.php?rest_route=\/wp\/v2\/types\/product"}],"replies":[{"embeddable":true,"href":"https:\/\/balinyurdu.com\/index.php?rest_route=%2Fwp%2Fv2%2Fcomments&post=8311"}],"wp:featuredmedia":[{"embeddable":true,"href":"https:\/\/balinyurdu.com\/index.php?rest_route=\/wp\/v2\/media\/8312"}],"wp:attachment":[{"href":"https:\/\/balinyurdu.com\/index.php?rest_route=%2Fwp%2Fv2%2Fmedia&parent=8311"}],"wp:term":[{"taxonomy":"product_cat","embeddable":true,"href":"https:\/\/balinyurdu.com\/index.php?rest_route=%2Fwp%2Fv2%2Fproduct_cat&post=8311"},{"taxonomy":"product_tag","embeddable":true,"href":"https:\/\/balinyurdu.com\/index.php?rest_route=%2Fwp%2Fv2%2Fproduct_tag&post=8311"}],"curies":[{"name":"wp","href":"https:\/\/api.w.org\/{rel}","templated":true}]}}