{"id":8314,"date":"2025-07-20T18:33:03","date_gmt":"2025-07-20T15:33:03","guid":{"rendered":"https:\/\/balinyurdu.com\/?post_type=product&#038;p=8314"},"modified":"2025-08-02T21:59:16","modified_gmt":"2025-08-02T18:59:16","slug":"propolis-tokat-20-ml","status":"publish","type":"product","link":"https:\/\/balinyurdu.com\/?product=propolis-tokat-20-ml","title":{"rendered":"TOKAT PROPOL\u0130S 20 ML"},"content":{"rendered":"<h3 data-start=\"166\" data-end=\"234\"><strong data-start=\"170\" data-end=\"234\">Bal\u0131n Yurdu Tokat Y\u00f6resi Propolis: Do\u011fadan Gelen G\u00fc\u00e7 ve \u015eifa<\/strong><\/h3>\n<p data-start=\"236\" data-end=\"524\"><strong data-start=\"236\" data-end=\"251\">Bal\u0131n Yurdu<\/strong>, do\u011fal \u00fcr\u00fcnlerle sa\u011fl\u0131\u011f\u0131n\u0131z\u0131 koruma misyonunu ta\u015f\u0131rken, <strong data-start=\"308\" data-end=\"318\">Balk\u0131z<\/strong> marka y\u00fcz\u00fc olarak do\u011fan\u0131n saf ve \u015fifal\u0131 arma\u011fanlar\u0131n\u0131 sizlere sunmaya devam ediyor. Tokat\u2019\u0131n bakir do\u011fas\u0131nda ar\u0131lar taraf\u0131ndan toplanan <strong data-start=\"451\" data-end=\"463\">propolis<\/strong>, <strong data-start=\"465\" data-end=\"480\">Bal\u0131n Yurdu<\/strong> kalitesiyle do\u011frudan sofralar\u0131n\u0131za geliyor.<\/p>\n<h3 data-start=\"526\" data-end=\"566\"><strong data-start=\"530\" data-end=\"566\">Tokat Y\u00f6resi&#8217;nin E\u015fsiz Propolisi<\/strong><\/h3>\n<p data-start=\"568\" data-end=\"837\"><strong data-start=\"568\" data-end=\"580\">Propolis<\/strong>, ar\u0131lar\u0131n bitkilerden toplad\u0131\u011f\u0131 re\u00e7ineli maddelerle yapt\u0131\u011f\u0131, v\u00fccuda pek \u00e7ok fayda sa\u011flayan do\u011fal bir s\u00fcper besindir. <strong data-start=\"698\" data-end=\"735\">Bal\u0131n Yurdu Tokat Y\u00f6resi Propolis<\/strong>; Tokat\u2019\u0131n zengin flora ve temiz do\u011fas\u0131nda \u00fcretilir ve t\u00fcm \u015fifal\u0131 etkilerini bozulmadan sizlere sunar.<\/p>\n<p data-start=\"839\" data-end=\"1138\">Tokat, bitki \u00f6rt\u00fcs\u00fc bak\u0131m\u0131ndan olduk\u00e7a \u00e7e\u015fitlidir. Bu \u00e7e\u015fitlilik, <strong data-start=\"905\" data-end=\"919\">propolisin<\/strong> i\u00e7eri\u011fini daha da zenginle\u015ftirir ve onu e\u015fsiz bir \u015fifa kayna\u011f\u0131 haline getirir. <strong data-start=\"999\" data-end=\"1009\">Balk\u0131z<\/strong>, <strong data-start=\"1011\" data-end=\"1026\">Bal\u0131n Yurdu<\/strong> markas\u0131n\u0131n g\u00f6rsel y\u00fcz\u00fc olarak, bu de\u011ferli \u00fcr\u00fcn\u00fcn do\u011fall\u0131\u011f\u0131n\u0131 ve sa\u011fl\u0131\u011fa faydalar\u0131n\u0131 en iyi \u015fekilde temsil eder.<\/p>\n<h3 data-start=\"1140\" data-end=\"1188\"><strong data-start=\"1144\" data-end=\"1188\">Neden Bal\u0131n Yurdu Tokat Y\u00f6resi Propolis?<\/strong><\/h3>\n<p data-start=\"1190\" data-end=\"1513\">\ud83c\udf43 <strong data-start=\"1193\" data-end=\"1209\">Do\u011fal ve Saf<\/strong><br data-start=\"1209\" data-end=\"1212\" \/><strong data-start=\"1212\" data-end=\"1249\">Bal\u0131n Yurdu Tokat Y\u00f6resi Propolis<\/strong>, hi\u00e7bir katk\u0131 maddesi ve kimyasal i\u015flem g\u00f6rmeden, ar\u0131lar\u0131n do\u011fada toplad\u0131\u011f\u0131 saf re\u00e7inelerden \u00fcretilir. Her bir damlas\u0131 do\u011fall\u0131\u011f\u0131 ve saf \u015fifay\u0131 i\u00e7inde bar\u0131nd\u0131r\u0131r. <strong data-start=\"1412\" data-end=\"1422\">Balk\u0131z<\/strong>, bu do\u011fall\u0131\u011f\u0131 simgelerken, Tokat&#8217;\u0131n temiz do\u011fas\u0131ndan gelen en saf propolisi sizlere sunar.<\/p>\n<p data-start=\"1515\" data-end=\"1865\">\ud83c\udf3f <strong data-start=\"1518\" data-end=\"1549\">\u015eifal\u0131 \u0130\u00e7erik ve G\u00fc\u00e7l\u00fc Etki<\/strong><br data-start=\"1549\" data-end=\"1552\" \/>Propolis, do\u011fal antibiyotik etkisiyle bilinir ve v\u00fccudun ba\u011f\u0131\u015f\u0131kl\u0131k sistemini g\u00fc\u00e7lendirmek i\u00e7in idealdir. Ayr\u0131ca antioksidanlar, flavonoidler ve fenolik asitler a\u00e7\u0131s\u0131ndan olduk\u00e7a zengindir. <strong data-start=\"1742\" data-end=\"1779\">Bal\u0131n Yurdu Tokat Y\u00f6resi Propolis<\/strong>, bu g\u00fc\u00e7l\u00fc i\u00e7erikleriyle sizi hastal\u0131klara kar\u015f\u0131 korur ve genel sa\u011fl\u0131\u011f\u0131n\u0131z\u0131 destekler.<\/p>\n<p data-start=\"1867\" data-end=\"2144\">\ud83c\udf38 <strong data-start=\"1870\" data-end=\"1901\">Ba\u011f\u0131\u015f\u0131kl\u0131\u011f\u0131n\u0131z\u0131 G\u00fc\u00e7lendirin<\/strong><br data-start=\"1901\" data-end=\"1904\" \/>Propolisin en \u00f6nemli faydalar\u0131ndan biri ba\u011f\u0131\u015f\u0131kl\u0131k sistemini g\u00fc\u00e7lendirmesidir. D\u00fczenli kullan\u0131m, v\u00fccudun hastal\u0131klara kar\u015f\u0131 daha diren\u00e7li hale gelmesini sa\u011flar. <strong data-start=\"2065\" data-end=\"2080\">Bal\u0131n Yurdu<\/strong> propolisi, do\u011fal form\u00fcl\u00fcyle g\u00fcnl\u00fck sa\u011fl\u0131\u011f\u0131n\u0131za katk\u0131da bulunur.<\/p>\n<h3 data-start=\"2146\" data-end=\"2191\"><strong data-start=\"2150\" data-end=\"2191\">Tokat Y\u00f6resi Propolisi ile Do\u011fal \u015eifa<\/strong><\/h3>\n<p data-start=\"2193\" data-end=\"2487\"><strong data-start=\"2193\" data-end=\"2218\">Tokat Y\u00f6resi Propolis<\/strong>, sadece ba\u011f\u0131\u015f\u0131kl\u0131k sisteminizi desteklemekle kalmaz, ayn\u0131 zamanda cilt sa\u011fl\u0131\u011f\u0131n\u0131z\u0131 iyile\u015ftirir, sindirim sisteminizi d\u00fczenler ve v\u00fccudunuzu zararl\u0131 toksinlerden ar\u0131nd\u0131r\u0131r. <strong data-start=\"2391\" data-end=\"2401\">Balk\u0131z<\/strong>, <strong data-start=\"2403\" data-end=\"2418\">Bal\u0131n Yurdu<\/strong>\u2019nun g\u00f6rsel y\u00fcz\u00fc olarak, bu sa\u011fl\u0131kl\u0131 ve \u015fifal\u0131 \u00fcr\u00fcn\u00fc sizlere sunuyor.<\/p>\n<p data-start=\"2489\" data-end=\"2687\"><strong data-start=\"2489\" data-end=\"2499\">Balk\u0131z<\/strong> ile her damlas\u0131nda do\u011fan\u0131n g\u00fcc\u00fcn\u00fc, \u015fifas\u0131n\u0131 ve saf do\u011fall\u0131\u011f\u0131n\u0131 hissedin. <strong data-start=\"2573\" data-end=\"2610\">Bal\u0131n Yurdu Tokat Y\u00f6resi Propolis<\/strong> ile sa\u011fl\u0131\u011f\u0131n\u0131z\u0131 koruyun, v\u00fccudunuzun do\u011fal dengeye ula\u015fmas\u0131na yard\u0131mc\u0131 olun.<\/p>\n<h3 data-start=\"2689\" data-end=\"2723\"><strong data-start=\"2693\" data-end=\"2723\">Balk\u0131z ile Do\u011fal \u015eifa Yolu<\/strong><\/h3>\n<p data-start=\"2725\" data-end=\"3011\"><strong data-start=\"2725\" data-end=\"2740\">Bal\u0131n Yurdu<\/strong>, <strong data-start=\"2742\" data-end=\"2752\">Balk\u0131z<\/strong>\u2019\u0131n simgeleriyle Tokat Y\u00f6resi&#8217;nin do\u011fal ve \u015fifal\u0131 propolisini sizlere sunar. <strong data-start=\"2829\" data-end=\"2839\">Balk\u0131z<\/strong>, do\u011fan\u0131n safl\u0131\u011f\u0131n\u0131 ve sa\u011fl\u0131\u011f\u0131n\u0131 her bir damlas\u0131na ta\u015f\u0131r. <strong data-start=\"2897\" data-end=\"2934\">Bal\u0131n Yurdu Tokat Y\u00f6resi Propolis<\/strong> ile sa\u011fl\u0131\u011f\u0131n\u0131z\u0131 g\u00fc\u00e7lendirin ve do\u011fan\u0131n sundu\u011fu bu e\u015fsiz zenginli\u011fi ke\u015ffedin.<\/p>\n<hr data-start=\"3013\" data-end=\"3016\" \/>\n<h3 data-start=\"3018\" data-end=\"3047\"><strong data-start=\"3022\" data-end=\"3047\">Propolisin Faydalar\u0131:<\/strong><\/h3>\n<ul data-start=\"3048\" data-end=\"3478\">\n<li data-start=\"3048\" data-end=\"3120\">\n<p data-start=\"3050\" data-end=\"3120\"><strong data-start=\"3050\" data-end=\"3087\">Ba\u011f\u0131\u015f\u0131kl\u0131k Sistemini G\u00fc\u00e7lendirir:<\/strong> V\u00fccudu hastal\u0131klara kar\u015f\u0131 korur.<\/p>\n<\/li>\n<li data-start=\"3121\" data-end=\"3211\">\n<p data-start=\"3123\" data-end=\"3211\"><strong data-start=\"3123\" data-end=\"3172\">Antiviral ve Antibakteriyel \u00d6zellikler Sunar:<\/strong> Do\u011fal bir antibiyotik etkisi g\u00f6sterir.<\/p>\n<\/li>\n<li data-start=\"3212\" data-end=\"3308\">\n<p data-start=\"3214\" data-end=\"3308\"><strong data-start=\"3214\" data-end=\"3243\">Cilt Sa\u011fl\u0131\u011f\u0131n\u0131 Destekler:<\/strong> Yara iyile\u015fmesini h\u0131zland\u0131r\u0131r, cilt problemleri i\u00e7in faydal\u0131d\u0131r.<\/p>\n<\/li>\n<li data-start=\"3309\" data-end=\"3400\">\n<p data-start=\"3311\" data-end=\"3400\"><strong data-start=\"3311\" data-end=\"3352\">Sindirim Sistemi Sa\u011fl\u0131\u011f\u0131n\u0131 Destekler:<\/strong> Sindirim problemlerini gidermeye yard\u0131mc\u0131 olur.<\/p>\n<\/li>\n<li data-start=\"3401\" data-end=\"3478\">\n<p data-start=\"3403\" data-end=\"3478\"><strong data-start=\"3403\" data-end=\"3430\">Antioksidan Kayna\u011f\u0131d\u0131r:<\/strong> V\u00fccudu zararl\u0131 serbest radikallere kar\u015f\u0131 korur.<\/p>\n<\/li>\n<\/ul>\n<hr data-start=\"3480\" data-end=\"3483\" \/>\n<h3 data-start=\"3485\" data-end=\"3540\"><strong data-start=\"3489\" data-end=\"3540\">Sa\u011fl\u0131k \u0130\u00e7in Do\u011fal Yat\u0131r\u0131m: Bal\u0131n Yurdu Propolis<\/strong><\/h3>\n<p data-start=\"3542\" data-end=\"3862\"><strong data-start=\"3542\" data-end=\"3579\">Bal\u0131n Yurdu Tokat Y\u00f6resi Propolis<\/strong>, do\u011fan\u0131n en saf ve \u015fifal\u0131 \u00fcr\u00fcnlerinden biridir. <strong data-start=\"3628\" data-end=\"3638\">Balk\u0131z<\/strong>, bu do\u011fal g\u00fcc\u00fcn g\u00f6rsel temsilcisi olarak, sa\u011fl\u0131kl\u0131 ya\u015fam yolculu\u011funuzda yan\u0131n\u0131zda yer al\u0131r. <strong data-start=\"3731\" data-end=\"3746\">Bal\u0131n Yurdu<\/strong> olarak, size sadece kaliteli de\u011fil, ayn\u0131 zamanda do\u011fall\u0131\u011fa ve sa\u011fl\u0131\u011fa en y\u00fcksek sayg\u0131y\u0131 g\u00f6steren \u00fcr\u00fcnler sunuyoruz.<\/p>\n","protected":false},"excerpt":{"rendered":"<p>Bal\u0131n Yurdu Tokat Y\u00f6resi Propolis: Do\u011fadan Gelen G\u00fc\u00e7 ve \u015eifa Bal\u0131n Yurdu, do\u011fal \u00fcr\u00fcnlerle sa\u011fl\u0131\u011f\u0131n\u0131z\u0131 koruma misyonunu ta\u015f\u0131rken, Balk\u0131z marka y\u00fcz\u00fc olarak do\u011fan\u0131n saf ve \u015fifal\u0131 arma\u011fanlar\u0131n\u0131 sizlere sunmaya devam ediyor. Tokat\u2019\u0131n bakir do\u011fas\u0131nda ar\u0131lar taraf\u0131ndan toplanan propolis, Bal\u0131n Yurdu kalitesiyle do\u011frudan sofralar\u0131n\u0131za geliyor. Tokat Y\u00f6resi&#8217;nin E\u015fsiz Propolisi Propolis, ar\u0131lar\u0131n bitkilerden toplad\u0131\u011f\u0131 re\u00e7ineli maddelerle yapt\u0131\u011f\u0131, [&hellip;]<\/p>\n","protected":false},"featured_media":8315,"comment_status":"open","ping_status":"closed","template":"","meta":[],"product_cat":[15,108],"product_tag":[],"class_list":{"0":"post-8314","1":"product","2":"type-product","3":"status-publish","4":"has-post-thumbnail","6":"product_cat-genel","7":"product_cat-ari-urunleri-ve-karisimlar","9":"first","10":"instock","11":"sale","12":"taxable","13":"shipping-taxable","14":"purchasable","15":"product-type-simple"},"_links":{"self":[{"href":"https:\/\/balinyurdu.com\/index.php?rest_route=\/wp\/v2\/product\/8314","targetHints":{"allow":["GET"]}}],"collection":[{"href":"https:\/\/balinyurdu.com\/index.php?rest_route=\/wp\/v2\/product"}],"about":[{"href":"https:\/\/balinyurdu.com\/index.php?rest_route=\/wp\/v2\/types\/product"}],"replies":[{"embeddable":true,"href":"https:\/\/balinyurdu.com\/index.php?rest_route=%2Fwp%2Fv2%2Fcomments&post=8314"}],"wp:featuredmedia":[{"embeddable":true,"href":"https:\/\/balinyurdu.com\/index.php?rest_route=\/wp\/v2\/media\/8315"}],"wp:attachment":[{"href":"https:\/\/balinyurdu.com\/index.php?rest_route=%2Fwp%2Fv2%2Fmedia&parent=8314"}],"wp:term":[{"taxonomy":"product_cat","embeddable":true,"href":"https:\/\/balinyurdu.com\/index.php?rest_route=%2Fwp%2Fv2%2Fproduct_cat&post=8314"},{"taxonomy":"product_tag","embeddable":true,"href":"https:\/\/balinyurdu.com\/index.php?rest_route=%2Fwp%2Fv2%2Fproduct_tag&post=8314"}],"curies":[{"name":"wp","href":"https:\/\/api.w.org\/{rel}","templated":true}]}}