{"id":8316,"date":"2025-07-20T18:37:53","date_gmt":"2025-07-20T15:37:53","guid":{"rendered":"https:\/\/balinyurdu.com\/?post_type=product&#038;p=8316"},"modified":"2025-08-02T21:58:58","modified_gmt":"2025-08-02T18:58:58","slug":"perga-tokat-100-gr","status":"publish","type":"product","link":"https:\/\/balinyurdu.com\/?product=perga-tokat-100-gr","title":{"rendered":"KAZDA\u011eLARI \u00c7AM BALI 850 GR"},"content":{"rendered":"<h3 data-start=\"166\" data-end=\"226\"><strong data-start=\"170\" data-end=\"226\">Bal\u0131n Yurdu \u00c7am Bal\u0131: Do\u011fan\u0131n Saf ve \u015eifal\u0131 Arma\u011fan\u0131<\/strong><\/h3>\n<p data-start=\"228\" data-end=\"452\"><strong data-start=\"228\" data-end=\"243\">Bal\u0131n Yurdu<\/strong> olarak, do\u011fan\u0131n en saf ve en lezzetli \u00fcr\u00fcnlerini sizlerle bulu\u015fturman\u0131n gururunu ya\u015f\u0131yoruz. <strong data-start=\"336\" data-end=\"346\">Balk\u0131z<\/strong>, <strong data-start=\"348\" data-end=\"363\">Bal\u0131n Yurdu<\/strong>\u2019nun g\u00f6rsel y\u00fcz\u00fc olarak, <strong data-start=\"388\" data-end=\"400\">\u00c7am Bal\u0131<\/strong>\u2019n\u0131n do\u011fal zenginli\u011fini ve \u015fifas\u0131n\u0131 sizlere sunuyor.<\/p>\n<p data-start=\"454\" data-end=\"497\"><strong data-start=\"454\" data-end=\"466\">\u00c7am Bal\u0131<\/strong>: <strong data-start=\"468\" data-end=\"497\">Do\u011fal \u015eifan\u0131n En Saf Hali<\/strong><\/p>\n<p data-start=\"499\" data-end=\"890\"><strong data-start=\"499\" data-end=\"511\">\u00c7am Bal\u0131<\/strong>, ar\u0131lar\u0131n \u00e7am a\u011fa\u00e7lar\u0131n\u0131n salg\u0131lar\u0131ndan toplad\u0131\u011f\u0131 nektar ile \u00fcretilen, e\u015fsiz bir bal t\u00fcr\u00fcd\u00fcr. <strong data-start=\"606\" data-end=\"630\">Bal\u0131n Yurdu \u00c7am Bal\u0131<\/strong>, \u00e7am ormanlar\u0131n\u0131n ve do\u011fan\u0131n safl\u0131\u011f\u0131n\u0131 i\u00e7inde bar\u0131nd\u0131r\u0131rken, zengin besin i\u00e7eri\u011fi ve g\u00fc\u00e7l\u00fc antibakteriyel \u00f6zellikleriyle de dikkat \u00e7eker. <strong data-start=\"769\" data-end=\"779\">Balk\u0131z<\/strong>, bu do\u011fal ve \u015fifal\u0131 bal\u0131n temsili olarak, <strong data-start=\"822\" data-end=\"837\">Bal\u0131n Yurdu<\/strong>\u2019nun kaliteyi ve do\u011fall\u0131\u011f\u0131 yans\u0131tan simgesi olmu\u015ftur.<\/p>\n<h3 data-start=\"892\" data-end=\"927\"><strong data-start=\"896\" data-end=\"927\">Neden Bal\u0131n Yurdu \u00c7am Bal\u0131?<\/strong><\/h3>\n<p data-start=\"929\" data-end=\"1239\">\ud83c\udf6f <strong data-start=\"932\" data-end=\"948\">Do\u011fal ve Saf<\/strong><br data-start=\"948\" data-end=\"951\" \/><strong data-start=\"951\" data-end=\"975\">Bal\u0131n Yurdu \u00c7am Bal\u0131<\/strong>, hi\u00e7bir katk\u0131 maddesi i\u00e7ermeden, tamamen do\u011fan\u0131n sundu\u011fu bu \u015fifal\u0131 nektar ile \u00fcretilir. <strong data-start=\"1064\" data-end=\"1074\">Balk\u0131z<\/strong>&#8216;\u0131n temsiliyle, her bir kavanoz, safl\u0131\u011f\u0131 ve do\u011fall\u0131\u011f\u0131 simgeler. Sadece ar\u0131lar\u0131n do\u011fada toplad\u0131\u011f\u0131 \u00e7am nektar\u0131ndan elde edilen bu bal, do\u011fan\u0131n sundu\u011fu en saf besindir.<\/p>\n<p data-start=\"1241\" data-end=\"1666\">\ud83c\udf3f <strong data-start=\"1244\" data-end=\"1279\">Zengin \u0130\u00e7erik ve G\u00fc\u00e7l\u00fc Faydalar<\/strong><br data-start=\"1279\" data-end=\"1282\" \/><strong data-start=\"1282\" data-end=\"1294\">\u00c7am Bal\u0131<\/strong>, di\u011fer bal t\u00fcrlerine g\u00f6re daha koyu renkli olup, zengin mineral ve vitamin i\u00e7eri\u011fiyle \u00f6ne \u00e7\u0131kar. \u0130\u00e7eri\u011findeki <strong data-start=\"1405\" data-end=\"1419\">mineraller<\/strong>, <strong data-start=\"1421\" data-end=\"1435\">vitaminler<\/strong> ve <strong data-start=\"1439\" data-end=\"1468\">antibakteriyel bile\u015fikler<\/strong> sayesinde ba\u011f\u0131\u015f\u0131kl\u0131k sistemini g\u00fc\u00e7lendirir, enerji verir ve v\u00fccudun do\u011fal dengesini sa\u011flar. Ayr\u0131ca, \u00e7am bal\u0131 <strong data-start=\"1578\" data-end=\"1593\">antioksidan<\/strong> \u00f6zellikleriyle serbest radikallerle sava\u015f\u0131r ve cilt sa\u011fl\u0131\u011f\u0131n\u0131 destekler.<\/p>\n<p data-start=\"1668\" data-end=\"2024\">\ud83c\udf43 <strong data-start=\"1671\" data-end=\"1711\">Ba\u011f\u0131\u015f\u0131kl\u0131k Sistemi \u0130\u00e7in G\u00fc\u00e7l\u00fc Destek<\/strong><br data-start=\"1711\" data-end=\"1714\" \/>\u00c7am bal\u0131n\u0131n en belirgin \u00f6zelliklerinden biri de ba\u011f\u0131\u015f\u0131kl\u0131k sistemini g\u00fc\u00e7lendirmesidir. \u00d6zellikle <strong data-start=\"1811\" data-end=\"1863\">balda bulunan flavonoidler ve fenolik bile\u015fikler<\/strong>, v\u00fccudun enfeksiyonlarla sava\u015fmas\u0131na yard\u0131mc\u0131 olur. <strong data-start=\"1916\" data-end=\"1940\">Bal\u0131n Yurdu \u00c7am Bal\u0131<\/strong>, <strong data-start=\"1942\" data-end=\"1952\">Balk\u0131z<\/strong>\u2019\u0131n simgesindeki zarafetle, bu faydalar\u0131 saf ve do\u011fal bir \u015fekilde sunar.<\/p>\n<h3 data-start=\"2026\" data-end=\"2056\"><strong data-start=\"2030\" data-end=\"2056\">\u00c7am Bal\u0131n\u0131n Faydalar\u0131:<\/strong><\/h3>\n<ul data-start=\"2057\" data-end=\"2539\">\n<li data-start=\"2057\" data-end=\"2164\">\n<p data-start=\"2059\" data-end=\"2164\"><strong data-start=\"2059\" data-end=\"2095\">Ba\u011f\u0131\u015f\u0131kl\u0131k Sistemi G\u00fc\u00e7lendirici:<\/strong> V\u00fccudu hastal\u0131klara kar\u015f\u0131 korur ve ba\u011f\u0131\u015f\u0131kl\u0131k sistemini g\u00fc\u00e7lendirir.<\/p>\n<\/li>\n<li data-start=\"2165\" data-end=\"2266\">\n<p data-start=\"2167\" data-end=\"2266\"><strong data-start=\"2167\" data-end=\"2199\">Antibakteriyel ve Antiviral:<\/strong> Do\u011fal bir antibiyotik etkisi g\u00f6sterir, enfeksiyonlara kar\u015f\u0131 korur.<\/p>\n<\/li>\n<li data-start=\"2267\" data-end=\"2346\">\n<p data-start=\"2269\" data-end=\"2346\"><strong data-start=\"2269\" data-end=\"2295\">Y\u00fcksek Enerji Kayna\u011f\u0131:<\/strong> V\u00fccudu besler, enerji verir ve yorgunlu\u011fu giderir.<\/p>\n<\/li>\n<li data-start=\"2347\" data-end=\"2434\">\n<p data-start=\"2349\" data-end=\"2434\"><strong data-start=\"2349\" data-end=\"2390\">Sindirim Sistemi Sa\u011fl\u0131\u011f\u0131n\u0131 Destekler:<\/strong> Mideyi yat\u0131\u015ft\u0131r\u0131r, sindirimi kolayla\u015ft\u0131r\u0131r.<\/p>\n<\/li>\n<li data-start=\"2435\" data-end=\"2539\">\n<p data-start=\"2437\" data-end=\"2539\"><strong data-start=\"2437\" data-end=\"2454\">Cilt Sa\u011fl\u0131\u011f\u0131:<\/strong> Antioksidanlar sayesinde cildin ya\u015flanmas\u0131n\u0131 geciktirir, iyile\u015ftirici etkiler sunar.<\/p>\n<\/li>\n<\/ul>\n<h3 data-start=\"2541\" data-end=\"2580\"><strong data-start=\"2545\" data-end=\"2580\">Balk\u0131z ile Do\u011fal \u015eifa ve Lezzet<\/strong><\/h3>\n<p data-start=\"2582\" data-end=\"2841\"><strong data-start=\"2582\" data-end=\"2592\">Balk\u0131z<\/strong>, <strong data-start=\"2594\" data-end=\"2609\">Bal\u0131n Yurdu<\/strong> markas\u0131n\u0131n g\u00f6rsel y\u00fcz\u00fc olarak, \u00e7am bal\u0131n\u0131n zarif ve \u015fifal\u0131 yap\u0131s\u0131n\u0131 temsil eder. <strong data-start=\"2691\" data-end=\"2715\">Bal\u0131n Yurdu \u00c7am Bal\u0131<\/strong>, Tokat\u2019\u0131n en saf \u00e7am ormanlar\u0131ndan toplanan nektarlardan \u00fcretilir ve <strong data-start=\"2785\" data-end=\"2795\">Balk\u0131z<\/strong>\u2019\u0131n simgeledi\u011fi safl\u0131kla sofralar\u0131n\u0131za gelir.<\/p>\n<p data-start=\"2843\" data-end=\"3002\">Her bir kavanozda do\u011fan\u0131n sundu\u011fu t\u00fcm faydalar\u0131 bulabilece\u011finiz <strong data-start=\"2907\" data-end=\"2931\">Bal\u0131n Yurdu \u00c7am Bal\u0131<\/strong> ile sa\u011fl\u0131\u011f\u0131n\u0131z\u0131 koruyun, do\u011fan\u0131n en de\u011ferli hediyelerinden faydalan\u0131n.<\/p>\n<h3 data-start=\"3004\" data-end=\"3043\"><strong data-start=\"3008\" data-end=\"3043\">\u00c7am Bal\u0131 ile Sa\u011fl\u0131kl\u0131 Bir Ya\u015fam<\/strong><\/h3>\n<p data-start=\"3045\" data-end=\"3323\"><strong data-start=\"3045\" data-end=\"3069\">Bal\u0131n Yurdu \u00c7am Bal\u0131<\/strong>, her bir damlas\u0131nda do\u011fan\u0131n safl\u0131\u011f\u0131n\u0131 ve \u015fifas\u0131n\u0131 bar\u0131nd\u0131r\u0131r. <strong data-start=\"3132\" data-end=\"3142\">Balk\u0131z<\/strong> markas\u0131 ile, do\u011fan\u0131n en zengin ve faydal\u0131 \u00fcr\u00fcnlerinden biri olan <strong data-start=\"3208\" data-end=\"3220\">\u00e7am bal\u0131<\/strong>na ula\u015fman\u0131n keyfini \u00e7\u0131kar\u0131n. Sa\u011fl\u0131\u011f\u0131n\u0131z\u0131 destekleyin, enerjinizi art\u0131r\u0131n ve do\u011fall\u0131\u011f\u0131 her an hissedin.<\/p>\n","protected":false},"excerpt":{"rendered":"<p>Bal\u0131n Yurdu \u00c7am Bal\u0131: Do\u011fan\u0131n Saf ve \u015eifal\u0131 Arma\u011fan\u0131 Bal\u0131n Yurdu olarak, do\u011fan\u0131n en saf ve en lezzetli \u00fcr\u00fcnlerini sizlerle bulu\u015fturman\u0131n gururunu ya\u015f\u0131yoruz. Balk\u0131z, Bal\u0131n Yurdu\u2019nun g\u00f6rsel y\u00fcz\u00fc olarak, \u00c7am Bal\u0131\u2019n\u0131n do\u011fal zenginli\u011fini ve \u015fifas\u0131n\u0131 sizlere sunuyor. \u00c7am Bal\u0131: Do\u011fal \u015eifan\u0131n En Saf Hali \u00c7am Bal\u0131, ar\u0131lar\u0131n \u00e7am a\u011fa\u00e7lar\u0131n\u0131n salg\u0131lar\u0131ndan toplad\u0131\u011f\u0131 nektar ile \u00fcretilen, e\u015fsiz [&hellip;]<\/p>\n","protected":false},"featured_media":8319,"comment_status":"open","ping_status":"closed","template":"","meta":[],"product_cat":[15,66],"product_tag":[],"class_list":{"0":"post-8316","1":"product","2":"type-product","3":"status-publish","4":"has-post-thumbnail","6":"product_brand-balinyurdu","7":"product_cat-genel","8":"product_cat-kazdaglari-yoresel-ballari","10":"first","11":"instock","12":"sale","13":"taxable","14":"shipping-taxable","15":"purchasable","16":"product-type-simple"},"_links":{"self":[{"href":"https:\/\/balinyurdu.com\/index.php?rest_route=\/wp\/v2\/product\/8316","targetHints":{"allow":["GET"]}}],"collection":[{"href":"https:\/\/balinyurdu.com\/index.php?rest_route=\/wp\/v2\/product"}],"about":[{"href":"https:\/\/balinyurdu.com\/index.php?rest_route=\/wp\/v2\/types\/product"}],"replies":[{"embeddable":true,"href":"https:\/\/balinyurdu.com\/index.php?rest_route=%2Fwp%2Fv2%2Fcomments&post=8316"}],"wp:featuredmedia":[{"embeddable":true,"href":"https:\/\/balinyurdu.com\/index.php?rest_route=\/wp\/v2\/media\/8319"}],"wp:attachment":[{"href":"https:\/\/balinyurdu.com\/index.php?rest_route=%2Fwp%2Fv2%2Fmedia&parent=8316"}],"wp:term":[{"taxonomy":"product_cat","embeddable":true,"href":"https:\/\/balinyurdu.com\/index.php?rest_route=%2Fwp%2Fv2%2Fproduct_cat&post=8316"},{"taxonomy":"product_tag","embeddable":true,"href":"https:\/\/balinyurdu.com\/index.php?rest_route=%2Fwp%2Fv2%2Fproduct_tag&post=8316"}],"curies":[{"name":"wp","href":"https:\/\/api.w.org\/{rel}","templated":true}]}}