{"id":8320,"date":"2025-07-20T18:48:26","date_gmt":"2025-07-20T15:48:26","guid":{"rendered":"https:\/\/balinyurdu.com\/?post_type=product&#038;p=8320"},"modified":"2025-08-02T21:58:43","modified_gmt":"2025-08-02T18:58:43","slug":"karakovan-tokat-petek-bali-1-kg","status":"publish","type":"product","link":"https:\/\/balinyurdu.com\/?product=karakovan-tokat-petek-bali-1-kg","title":{"rendered":"TOKAT KARAKOVAN PETEK BALI 1 KG"},"content":{"rendered":"<h3 data-start=\"158\" data-end=\"240\"><strong data-start=\"162\" data-end=\"240\">Bal\u0131n Yurdu Tokat Karakovan Petek Bal\u0131: Do\u011fan\u0131n Safl\u0131\u011f\u0131 ve Efsanevi Lezzet<\/strong><\/h3>\n<p data-start=\"242\" data-end=\"485\"><strong data-start=\"242\" data-end=\"257\">Bal\u0131n Yurdu<\/strong>, do\u011fan\u0131n en saf ve en kaliteli \u00fcr\u00fcnlerini sizlerle bulu\u015fturman\u0131n gururunu ya\u015f\u0131yor. <strong data-start=\"341\" data-end=\"351\">Balk\u0131z<\/strong>, <strong data-start=\"353\" data-end=\"368\">Bal\u0131n Yurdu<\/strong>\u2019nun g\u00f6rsel y\u00fcz\u00fc olarak, <strong data-start=\"393\" data-end=\"423\">Tokat Karakovan Petek Bal\u0131<\/strong>\u2019n\u0131n e\u015fsiz do\u011fall\u0131\u011f\u0131n\u0131, lezzetini ve \u015fifas\u0131n\u0131 sizlere sunuyor.<\/p>\n<p data-start=\"487\" data-end=\"540\"><strong data-start=\"487\" data-end=\"511\">Karakovan Petek Bal\u0131<\/strong>: <strong data-start=\"513\" data-end=\"540\">Do\u011fan\u0131n En Saf Arma\u011fan\u0131<\/strong><\/p>\n<p data-start=\"542\" data-end=\"889\"><strong data-start=\"542\" data-end=\"572\">Tokat Karakovan Petek Bal\u0131<\/strong>, geleneksel bal \u00fcretiminin en saf haliyle sizlere ula\u015f\u0131r. <strong data-start=\"631\" data-end=\"646\">Bal\u0131n Yurdu<\/strong> olarak, Tokat\u2019\u0131n zengin ve temiz do\u011fas\u0131nda \u00fcretilen bu do\u011fal bal\u0131, katk\u0131 maddesi olmadan tamamen saf haliyle sunuyoruz. <strong data-start=\"767\" data-end=\"777\">Balk\u0131z<\/strong>, bu e\u015fsiz bal\u0131n temsilcisi olarak, <strong data-start=\"813\" data-end=\"828\">Bal\u0131n Yurdu<\/strong> markas\u0131n\u0131n do\u011fall\u0131k ve kaliteye olan ba\u011fl\u0131l\u0131\u011f\u0131n\u0131 simgeliyor.<\/p>\n<h3 data-start=\"891\" data-end=\"944\"><strong data-start=\"895\" data-end=\"944\">Neden Bal\u0131n Yurdu Tokat Karakovan Petek Bal\u0131?<\/strong><\/h3>\n<p data-start=\"946\" data-end=\"1302\">\ud83c\udf6f <strong data-start=\"949\" data-end=\"969\">Tam Do\u011fal ve Saf<\/strong><br data-start=\"969\" data-end=\"972\" \/><strong data-start=\"972\" data-end=\"1002\">Tokat Karakovan Petek Bal\u0131<\/strong>, hi\u00e7bir i\u015flemden ge\u00e7meden do\u011fan\u0131n sundu\u011fu saf haliyle kar\u015f\u0131n\u0131za \u00e7\u0131kar. Karakovan bal\u0131, peteklerin i\u00e7inde do\u011frudan t\u00fcketilen bal\u0131n en do\u011fal halidir. Bu sayede, bal\u0131n besin de\u011feri ve sa\u011fl\u0131k faydalar\u0131 bozulmaz. <strong data-start=\"1211\" data-end=\"1221\">Balk\u0131z<\/strong>, <strong data-start=\"1223\" data-end=\"1238\">Bal\u0131n Yurdu<\/strong>\u2019nun marka y\u00fcz\u00fc olarak, bu do\u011fall\u0131\u011f\u0131n ve safl\u0131\u011f\u0131n temsilcisidir.<\/p>\n<p data-start=\"1304\" data-end=\"1697\">\ud83c\udf3f <strong data-start=\"1307\" data-end=\"1343\">Efsanevi Lezzet ve Zengin \u0130\u00e7erik<\/strong><br data-start=\"1343\" data-end=\"1346\" \/><strong data-start=\"1346\" data-end=\"1364\">Karakovan Bal\u0131<\/strong>, di\u011fer bal t\u00fcrlerine g\u00f6re daha zengin bir i\u00e7eri\u011fe sahiptir. Vitaminler, mineraller, amino asitler ve enzimler bak\u0131m\u0131ndan son derece zengindir. Ayn\u0131 zamanda <strong data-start=\"1521\" data-end=\"1536\">antioksidan<\/strong> etkisiyle v\u00fccudunuzu korur ve sa\u011fl\u0131\u011f\u0131n\u0131z\u0131 destekler. <strong data-start=\"1590\" data-end=\"1605\">Bal\u0131n Yurdu<\/strong> Tokat Karakovan Petek Bal\u0131, her bir petekte do\u011fan\u0131n en saf ve en lezzetli arma\u011fan\u0131n\u0131 sunar.<\/p>\n<p data-start=\"1699\" data-end=\"1964\">\ud83c\udf43 <strong data-start=\"1702\" data-end=\"1730\">Sa\u011fl\u0131k \u0130\u00e7in Do\u011fal Destek<\/strong><br data-start=\"1730\" data-end=\"1733\" \/>Karakovan bal\u0131, <strong data-start=\"1749\" data-end=\"1773\">do\u011fal antibakteriyel<\/strong> \u00f6zelliklere sahiptir ve ba\u011f\u0131\u015f\u0131kl\u0131k sisteminizi g\u00fc\u00e7lendirmeye yard\u0131mc\u0131 olur. <strong data-start=\"1850\" data-end=\"1860\">Balk\u0131z<\/strong>, bu sa\u011fl\u0131kl\u0131 ve do\u011fal bal\u0131n y\u00fcz\u00fc olarak, v\u00fccudunuzu zararl\u0131 etkilerden ar\u0131nd\u0131r\u0131r ve enerjinizi art\u0131r\u0131r.<\/p>\n<h3 data-start=\"1966\" data-end=\"2015\"><strong data-start=\"1970\" data-end=\"2015\">Tokat Karakovan Petek Bal\u0131\u2019n\u0131n Faydalar\u0131:<\/strong><\/h3>\n<ul data-start=\"2016\" data-end=\"2432\">\n<li data-start=\"2016\" data-end=\"2095\">\n<p data-start=\"2018\" data-end=\"2095\"><strong data-start=\"2018\" data-end=\"2048\">Do\u011fal Antibakteriyel Etki:<\/strong> V\u00fccudunuzu zararl\u0131 mikroorganizmalardan korur.<\/p>\n<\/li>\n<li data-start=\"2096\" data-end=\"2176\">\n<p data-start=\"2098\" data-end=\"2176\"><strong data-start=\"2098\" data-end=\"2135\">Ba\u011f\u0131\u015f\u0131kl\u0131k Sistemini G\u00fc\u00e7lendirir:<\/strong> V\u00fccudun savunma mekanizmas\u0131n\u0131 destekler.<\/p>\n<\/li>\n<li data-start=\"2177\" data-end=\"2256\">\n<p data-start=\"2179\" data-end=\"2256\"><strong data-start=\"2179\" data-end=\"2212\">Sindirim Sa\u011fl\u0131\u011f\u0131n\u0131 Destekler:<\/strong> Sindirimi kolayla\u015ft\u0131r\u0131r, mideyi yat\u0131\u015ft\u0131r\u0131r.<\/p>\n<\/li>\n<li data-start=\"2257\" data-end=\"2326\">\n<p data-start=\"2259\" data-end=\"2326\"><strong data-start=\"2259\" data-end=\"2288\">Y\u00fcksek Enerji Kayna\u011f\u0131d\u0131r:<\/strong> V\u00fccudu besler ve do\u011fal enerji sa\u011flar.<\/p>\n<\/li>\n<li data-start=\"2327\" data-end=\"2432\">\n<p data-start=\"2329\" data-end=\"2432\"><strong data-start=\"2329\" data-end=\"2358\">Cilt Sa\u011fl\u0131\u011f\u0131n\u0131 Destekler:<\/strong> Antioksidanlarla cilt problemlerini iyile\u015ftirir ve ya\u015flanmay\u0131 geciktirir.<\/p>\n<\/li>\n<\/ul>\n<h3 data-start=\"2434\" data-end=\"2472\"><strong data-start=\"2438\" data-end=\"2472\">Balk\u0131z ile Do\u011fan\u0131n \u015eifal\u0131 G\u00fcc\u00fc<\/strong><\/h3>\n<p data-start=\"2474\" data-end=\"2799\"><strong data-start=\"2474\" data-end=\"2484\">Balk\u0131z<\/strong>, <strong data-start=\"2486\" data-end=\"2501\">Bal\u0131n Yurdu<\/strong> markas\u0131n\u0131n g\u00f6rsel y\u00fcz\u00fc olarak, <strong data-start=\"2533\" data-end=\"2563\">Tokat Karakovan Petek Bal\u0131<\/strong>\u2019n\u0131n do\u011fall\u0131\u011f\u0131n\u0131 ve \u015fifas\u0131n\u0131 m\u00fckemmel bir \u015fekilde temsil eder. <strong data-start=\"2626\" data-end=\"2641\">Bal\u0131n Yurdu<\/strong>, <strong data-start=\"2643\" data-end=\"2653\">Balk\u0131z<\/strong> ile bu do\u011fal ve sa\u011fl\u0131kl\u0131 bal\u0131, saf ve katk\u0131s\u0131z olarak sizlere ula\u015ft\u0131r\u0131r. Her bir petekte, do\u011fan\u0131n t\u00fcm zenginliklerini ve \u015fifas\u0131n\u0131 bulabilirsiniz.<\/p>\n<p data-start=\"2801\" data-end=\"3030\"><strong data-start=\"2801\" data-end=\"2811\">Balk\u0131z<\/strong>, <strong data-start=\"2813\" data-end=\"2828\">Bal\u0131n Yurdu<\/strong>&#8216;nun kaliteyi ve do\u011fall\u0131\u011f\u0131 simgeleyen bir y\u00fcz\u00fcd\u00fcr ve sizlere <strong data-start=\"2889\" data-end=\"2919\">Tokat Karakovan Petek Bal\u0131<\/strong>&#8216;n\u0131n saf i\u00e7eri\u011fini sunar. Bu e\u015fsiz bal, hem lezzet hem de sa\u011fl\u0131k a\u00e7\u0131s\u0131ndan v\u00fccudunuza en y\u00fcksek fayday\u0131 sa\u011flar.<\/p>\n<h3 data-start=\"3032\" data-end=\"3083\"><strong data-start=\"3036\" data-end=\"3083\">Karakovan Petek Bal\u0131 ile Sa\u011fl\u0131kl\u0131 Bir Ya\u015fam<\/strong><\/h3>\n<p data-start=\"3085\" data-end=\"3397\"><strong data-start=\"3085\" data-end=\"3127\">Bal\u0131n Yurdu Tokat Karakovan Petek Bal\u0131<\/strong>, geleneksel bal \u00fcretiminde elde edilebilecek en saf ve do\u011fal bal t\u00fcrlerinden biridir. <strong data-start=\"3214\" data-end=\"3224\">Balk\u0131z<\/strong>, bu e\u015fsiz bal\u0131n temsili olarak, <strong data-start=\"3257\" data-end=\"3272\">Bal\u0131n Yurdu<\/strong> markas\u0131n\u0131n do\u011faya sayg\u0131 ve sa\u011fl\u0131\u011fa olan ba\u011fl\u0131l\u0131\u011f\u0131n\u0131 vurgular. Her bir petek, do\u011fan\u0131n t\u00fcm zenginli\u011fini sofralar\u0131n\u0131za getirir.<\/p>\n<p data-start=\"3399\" data-end=\"3517\"><strong data-start=\"3399\" data-end=\"3409\">Balk\u0131z<\/strong> ile sa\u011fl\u0131\u011f\u0131n\u0131z\u0131 destekleyin, do\u011fan\u0131n sundu\u011fu bu \u015fifal\u0131 \u00fcr\u00fcn\u00fcn tad\u0131n\u0131 \u00e7\u0131kar\u0131n ve her an\u0131n\u0131z\u0131 sa\u011fl\u0131kl\u0131 k\u0131l\u0131n!<\/p>\n<hr data-start=\"3519\" data-end=\"3522\" \/>\n<p data-start=\"3524\" data-end=\"3776\"><strong data-start=\"3524\" data-end=\"3539\">Bal\u0131n Yurdu<\/strong> olarak, do\u011fan\u0131n saf ve \u015fifal\u0131 \u00fcr\u00fcnlerini size sunmaktan gurur duyuyoruz. <strong data-start=\"3613\" data-end=\"3623\">Balk\u0131z<\/strong>\u2019\u0131n simgesiyle, <strong data-start=\"3639\" data-end=\"3669\">Tokat Karakovan Petek Bal\u0131<\/strong>\u2019n\u0131n do\u011fall\u0131\u011f\u0131n\u0131, lezzetini ve faydalar\u0131n\u0131 ke\u015ffedin. Sa\u011fl\u0131kl\u0131 bir ya\u015fam i\u00e7in do\u011fan\u0131n arma\u011fanlar\u0131na g\u00fcvenin!<\/p>\n","protected":false},"excerpt":{"rendered":"<p>Bal\u0131n Yurdu Tokat Karakovan Petek Bal\u0131: Do\u011fan\u0131n Safl\u0131\u011f\u0131 ve Efsanevi Lezzet Bal\u0131n Yurdu, do\u011fan\u0131n en saf ve en kaliteli \u00fcr\u00fcnlerini sizlerle bulu\u015fturman\u0131n gururunu ya\u015f\u0131yor. Balk\u0131z, Bal\u0131n Yurdu\u2019nun g\u00f6rsel y\u00fcz\u00fc olarak, Tokat Karakovan Petek Bal\u0131\u2019n\u0131n e\u015fsiz do\u011fall\u0131\u011f\u0131n\u0131, lezzetini ve \u015fifas\u0131n\u0131 sizlere sunuyor. Karakovan Petek Bal\u0131: Do\u011fan\u0131n En Saf Arma\u011fan\u0131 Tokat Karakovan Petek Bal\u0131, geleneksel bal \u00fcretiminin [&hellip;]<\/p>\n","protected":false},"featured_media":8321,"comment_status":"open","ping_status":"closed","template":"","meta":[],"product_cat":[15,105],"product_tag":[],"class_list":{"0":"post-8320","1":"product","2":"type-product","3":"status-publish","4":"has-post-thumbnail","6":"product_brand-balinyurdu","7":"product_cat-genel","8":"product_cat-tokatcamlibel","10":"first","11":"instock","12":"sale","13":"purchasable","14":"product-type-simple"},"_links":{"self":[{"href":"https:\/\/balinyurdu.com\/index.php?rest_route=\/wp\/v2\/product\/8320","targetHints":{"allow":["GET"]}}],"collection":[{"href":"https:\/\/balinyurdu.com\/index.php?rest_route=\/wp\/v2\/product"}],"about":[{"href":"https:\/\/balinyurdu.com\/index.php?rest_route=\/wp\/v2\/types\/product"}],"replies":[{"embeddable":true,"href":"https:\/\/balinyurdu.com\/index.php?rest_route=%2Fwp%2Fv2%2Fcomments&post=8320"}],"wp:featuredmedia":[{"embeddable":true,"href":"https:\/\/balinyurdu.com\/index.php?rest_route=\/wp\/v2\/media\/8321"}],"wp:attachment":[{"href":"https:\/\/balinyurdu.com\/index.php?rest_route=%2Fwp%2Fv2%2Fmedia&parent=8320"}],"wp:term":[{"taxonomy":"product_cat","embeddable":true,"href":"https:\/\/balinyurdu.com\/index.php?rest_route=%2Fwp%2Fv2%2Fproduct_cat&post=8320"},{"taxonomy":"product_tag","embeddable":true,"href":"https:\/\/balinyurdu.com\/index.php?rest_route=%2Fwp%2Fv2%2Fproduct_tag&post=8320"}],"curies":[{"name":"wp","href":"https:\/\/api.w.org\/{rel}","templated":true}]}}