{"id":8322,"date":"2025-07-20T19:22:04","date_gmt":"2025-07-20T16:22:04","guid":{"rendered":"https:\/\/balinyurdu.com\/?post_type=product&#038;p=8322"},"modified":"2025-08-02T21:51:55","modified_gmt":"2025-08-02T18:51:55","slug":"hayit-bali-850-gr","status":"publish","type":"product","link":"https:\/\/balinyurdu.com\/?product=hayit-bali-850-gr","title":{"rendered":"KAZDA\u011eLARI HAYIT BALI 850 GR"},"content":{"rendered":"<h3 data-start=\"142\" data-end=\"193\"><strong data-start=\"146\" data-end=\"193\">Bal\u0131n Yurdu Hay\u0131t Bal\u0131: Do\u011fan\u0131n \u015eifal\u0131 G\u00fcc\u00fc<\/strong><\/h3>\n<p data-start=\"195\" data-end=\"544\"><strong data-start=\"195\" data-end=\"210\">Bal\u0131n Yurdu<\/strong>, do\u011fan\u0131n sundu\u011fu en saf ve kaliteli \u00fcr\u00fcnleri sizlere ula\u015ft\u0131rmak i\u00e7in var. <strong data-start=\"285\" data-end=\"295\">Balk\u0131z<\/strong>, <strong data-start=\"297\" data-end=\"312\">Bal\u0131n Yurdu<\/strong>\u2019nun g\u00f6rsel y\u00fcz\u00fc olarak, <strong data-start=\"337\" data-end=\"351\">Hay\u0131t Bal\u0131<\/strong>\u2019n\u0131n e\u015fsiz \u015fifas\u0131n\u0131 ve do\u011fal zenginli\u011fini sizlere sunuyor. Hay\u0131t bitkisinin \u00e7i\u00e7eklerinden elde edilen bu \u00f6zel bal, hem sa\u011fl\u0131\u011f\u0131n\u0131za katk\u0131 sa\u011flar hem de do\u011fan\u0131n en saf halini sofralar\u0131n\u0131za ta\u015f\u0131r.<\/p>\n<h3 data-start=\"546\" data-end=\"584\"><strong data-start=\"550\" data-end=\"584\">Hay\u0131t Bal\u0131: Do\u011fal \u015eifa Kayna\u011f\u0131<\/strong><\/h3>\n<p data-start=\"586\" data-end=\"964\"><strong data-start=\"586\" data-end=\"600\">Hay\u0131t Bal\u0131<\/strong>, Hay\u0131t bitkisinin \u00e7i\u00e7eklerinden, ar\u0131lar\u0131n \u00f6zenle toplad\u0131\u011f\u0131 nektarlarla \u00fcretilir. Bu \u00f6zel bal, do\u011fan\u0131n sundu\u011fu en de\u011ferli arma\u011fanlardan biridir. <strong data-start=\"745\" data-end=\"771\">Bal\u0131n Yurdu Hay\u0131t Bal\u0131<\/strong>, hi\u00e7bir kimyasal i\u015fleme tabi tutulmadan, tamamen do\u011fal ve katk\u0131s\u0131z olarak sunulur. <strong data-start=\"855\" data-end=\"865\">Balk\u0131z<\/strong>, <strong data-start=\"867\" data-end=\"882\">Bal\u0131n Yurdu<\/strong>\u2019nun marka y\u00fcz\u00fc olarak, bu \u015fifal\u0131 ve saf bal\u0131n zarafetini ve do\u011fall\u0131\u011f\u0131n\u0131 simgeler.<\/p>\n<h3 data-start=\"966\" data-end=\"1003\"><strong data-start=\"970\" data-end=\"1003\">Neden Bal\u0131n Yurdu Hay\u0131t Bal\u0131?<\/strong><\/h3>\n<p data-start=\"1005\" data-end=\"1312\">\ud83c\udf6f <strong data-start=\"1008\" data-end=\"1028\">Tam Do\u011fal ve Saf<\/strong><br data-start=\"1028\" data-end=\"1031\" \/><strong data-start=\"1031\" data-end=\"1057\">Bal\u0131n Yurdu Hay\u0131t Bal\u0131<\/strong>, <strong data-start=\"1059\" data-end=\"1069\">Balk\u0131z<\/strong>&#8216;\u0131n temsiliyle, do\u011fan\u0131n en saf halini sofralar\u0131n\u0131za getirir. Hi\u00e7bir katk\u0131 maddesi ve kimyasal i\u015flem uygulanmadan, do\u011fada yeti\u015fen hay\u0131t \u00e7i\u00e7eklerinden ar\u0131lar taraf\u0131ndan toplanan nektarla elde edilir. <strong data-start=\"1267\" data-end=\"1277\">Balk\u0131z<\/strong>, bu do\u011fall\u0131\u011f\u0131 ve safl\u0131\u011f\u0131 simgeler.<\/p>\n<p data-start=\"1314\" data-end=\"1651\">\ud83c\udf3f <strong data-start=\"1317\" data-end=\"1346\">Zengin \u0130\u00e7erik ve Faydalar<\/strong><br data-start=\"1346\" data-end=\"1349\" \/><strong data-start=\"1349\" data-end=\"1363\">Hay\u0131t Bal\u0131<\/strong>, do\u011fal flavonoidler, vitaminler, mineraller ve antioksidanlar bak\u0131m\u0131ndan zengin bir i\u00e7erik sunar. V\u00fccudunuzun ihtiyac\u0131 olan pek \u00e7ok besin \u00f6gesini do\u011fal yollarla kar\u015f\u0131lar. <strong data-start=\"1535\" data-end=\"1561\">Bal\u0131n Yurdu Hay\u0131t Bal\u0131<\/strong>, ba\u011f\u0131\u015f\u0131kl\u0131k sisteminizi g\u00fc\u00e7lendirmek ve sa\u011fl\u0131\u011f\u0131n\u0131z\u0131 desteklemek i\u00e7in ideal bir kaynakt\u0131r.<\/p>\n<p data-start=\"1653\" data-end=\"1995\">\ud83c\udf43 <strong data-start=\"1656\" data-end=\"1689\">Kad\u0131n Sa\u011fl\u0131\u011f\u0131na \u00d6zel Faydalar<\/strong><br data-start=\"1689\" data-end=\"1692\" \/>Hay\u0131t bitkisi \u00f6zellikle kad\u0131n sa\u011fl\u0131\u011f\u0131na faydal\u0131d\u0131r. D\u00fczenli olarak t\u00fcketildi\u011finde, hormon dengesini destekler, adet d\u00fczensizliklerini azalt\u0131r ve menopoz s\u00fcrecini daha rahat ge\u00e7irmenize yard\u0131mc\u0131 olabilir. <strong data-start=\"1896\" data-end=\"1906\">Balk\u0131z<\/strong>, bu \u015fifal\u0131 bal\u0131n kad\u0131n sa\u011fl\u0131\u011f\u0131 \u00fczerindeki olumlu etkilerini yans\u0131tan zarif bir simgedir.<\/p>\n<h3 data-start=\"1997\" data-end=\"2030\"><strong data-start=\"2001\" data-end=\"2030\">Hay\u0131t Bal\u0131\u2019n\u0131n Faydalar\u0131:<\/strong><\/h3>\n<ul data-start=\"2031\" data-end=\"2424\">\n<li data-start=\"2031\" data-end=\"2125\">\n<p data-start=\"2033\" data-end=\"2125\"><strong data-start=\"2033\" data-end=\"2063\">Kad\u0131n Sa\u011fl\u0131\u011f\u0131n\u0131 Destekler:<\/strong> Hormon dengesini d\u00fczenler, adet d\u00fczensizliklerini hafifletir.<\/p>\n<\/li>\n<li data-start=\"2126\" data-end=\"2198\">\n<p data-start=\"2128\" data-end=\"2198\"><strong data-start=\"2128\" data-end=\"2165\">Ba\u011f\u0131\u015f\u0131kl\u0131k Sistemini G\u00fc\u00e7lendirir:<\/strong> V\u00fccudu hastal\u0131klara kar\u015f\u0131 korur.<\/p>\n<\/li>\n<li data-start=\"2199\" data-end=\"2279\">\n<p data-start=\"2201\" data-end=\"2279\"><strong data-start=\"2201\" data-end=\"2231\">Antioksidan Etki G\u00f6sterir:<\/strong> V\u00fccudu zararl\u0131 serbest radikallere kar\u015f\u0131 korur.<\/p>\n<\/li>\n<li data-start=\"2280\" data-end=\"2339\">\n<p data-start=\"2282\" data-end=\"2339\"><strong data-start=\"2282\" data-end=\"2299\">Enerji Verir:<\/strong> Yorgunlu\u011fu giderir, enerjinizi art\u0131r\u0131r.<\/p>\n<\/li>\n<li data-start=\"2340\" data-end=\"2424\">\n<p data-start=\"2342\" data-end=\"2424\"><strong data-start=\"2342\" data-end=\"2383\">Sindirim Sistemi Sa\u011fl\u0131\u011f\u0131n\u0131 Destekler:<\/strong> Mideyi yat\u0131\u015ft\u0131r\u0131r ve sindirimi d\u00fczenler.<\/p>\n<\/li>\n<\/ul>\n<h3 data-start=\"2426\" data-end=\"2464\"><strong data-start=\"2430\" data-end=\"2464\">Balk\u0131z ile Do\u011fan\u0131n \u015eifal\u0131 G\u00fcc\u00fc<\/strong><\/h3>\n<p data-start=\"2466\" data-end=\"2789\"><strong data-start=\"2466\" data-end=\"2476\">Balk\u0131z<\/strong>, <strong data-start=\"2478\" data-end=\"2493\">Bal\u0131n Yurdu<\/strong>\u2019nun marka y\u00fcz\u00fc olarak, <strong data-start=\"2517\" data-end=\"2531\">Hay\u0131t Bal\u0131<\/strong>\u2019n\u0131n do\u011fall\u0131\u011f\u0131n\u0131, zarafetini ve \u015fifal\u0131 etkilerini simgeler. <strong data-start=\"2591\" data-end=\"2617\">Bal\u0131n Yurdu Hay\u0131t Bal\u0131<\/strong>, tamamen do\u011fal ve katk\u0131s\u0131z olarak, <strong data-start=\"2653\" data-end=\"2663\">Balk\u0131z<\/strong>\u2019\u0131n temsil etti\u011fi safl\u0131kla sizlere sunulur. Her bir damlas\u0131, v\u00fccudunuzu besler, enerjinizi art\u0131r\u0131r ve sa\u011fl\u0131\u011f\u0131n\u0131z\u0131 g\u00fc\u00e7lendirir.<\/p>\n<p data-start=\"2791\" data-end=\"2946\"><strong data-start=\"2791\" data-end=\"2801\">Balk\u0131z<\/strong> ile <strong data-start=\"2806\" data-end=\"2832\">Bal\u0131n Yurdu Hay\u0131t Bal\u0131<\/strong>\u2019n\u0131n \u015fifal\u0131 etkilerini ke\u015ffedin, do\u011fal sa\u011fl\u0131\u011f\u0131n\u0131za katk\u0131 sa\u011flay\u0131n ve her an\u0131n\u0131z\u0131 \u015fifal\u0131 bir dokunu\u015fla ta\u00e7land\u0131r\u0131n.<\/p>\n<h3 data-start=\"2948\" data-end=\"2985\"><strong data-start=\"2952\" data-end=\"2985\">Hay\u0131t Bal\u0131 ile Sa\u011fl\u0131kl\u0131 Ya\u015fam<\/strong><\/h3>\n<p data-start=\"2987\" data-end=\"3310\"><strong data-start=\"2987\" data-end=\"3013\">Bal\u0131n Yurdu Hay\u0131t Bal\u0131<\/strong>, v\u00fccudunuzu g\u00fc\u00e7lendirmenin, enerjinizi art\u0131rman\u0131n ve sa\u011fl\u0131\u011f\u0131n\u0131z\u0131 desteklemenin do\u011fal yoludur. <strong data-start=\"3108\" data-end=\"3118\">Balk\u0131z<\/strong>, <strong data-start=\"3120\" data-end=\"3135\">Bal\u0131n Yurdu<\/strong> markas\u0131n\u0131n simgesi olarak, <strong data-start=\"3163\" data-end=\"3177\">Hay\u0131t Bal\u0131<\/strong>\u2019n\u0131n safl\u0131\u011f\u0131n\u0131 ve g\u00fcc\u00fcn\u00fc sizlere sunuyor. Bu e\u015fsiz bal, hem lezzetli hem de \u015fifal\u0131 etkisiyle sa\u011fl\u0131kl\u0131 ya\u015fam yolculu\u011funuzda yan\u0131n\u0131zda.<\/p>\n<hr data-start=\"3312\" data-end=\"3315\" \/>\n<p data-start=\"3317\" data-end=\"3528\"><strong data-start=\"3317\" data-end=\"3332\">Bal\u0131n Yurdu<\/strong> olarak, do\u011fan\u0131n sundu\u011fu en de\u011ferli \u00fcr\u00fcnlerden biri olan <strong data-start=\"3389\" data-end=\"3403\">Hay\u0131t Bal\u0131<\/strong>\u2019n\u0131 sizlerle bulu\u015fturuyoruz. <strong data-start=\"3432\" data-end=\"3442\">Balk\u0131z<\/strong> ile sa\u011fl\u0131\u011f\u0131n\u0131z\u0131 do\u011fal yollarla destekleyin, hay\u0131t bal\u0131n\u0131n \u015fifal\u0131 dokunu\u015funu hissedin.<\/p>\n","protected":false},"excerpt":{"rendered":"<p>Bal\u0131n Yurdu Hay\u0131t Bal\u0131: Do\u011fan\u0131n \u015eifal\u0131 G\u00fcc\u00fc Bal\u0131n Yurdu, do\u011fan\u0131n sundu\u011fu en saf ve kaliteli \u00fcr\u00fcnleri sizlere ula\u015ft\u0131rmak i\u00e7in var. Balk\u0131z, Bal\u0131n Yurdu\u2019nun g\u00f6rsel y\u00fcz\u00fc olarak, Hay\u0131t Bal\u0131\u2019n\u0131n e\u015fsiz \u015fifas\u0131n\u0131 ve do\u011fal zenginli\u011fini sizlere sunuyor. Hay\u0131t bitkisinin \u00e7i\u00e7eklerinden elde edilen bu \u00f6zel bal, hem sa\u011fl\u0131\u011f\u0131n\u0131za katk\u0131 sa\u011flar hem de do\u011fan\u0131n en saf halini sofralar\u0131n\u0131za ta\u015f\u0131r. [&hellip;]<\/p>\n","protected":false},"featured_media":8323,"comment_status":"open","ping_status":"closed","template":"","meta":[],"product_cat":[15,66],"product_tag":[],"class_list":{"0":"post-8322","1":"product","2":"type-product","3":"status-publish","4":"has-post-thumbnail","6":"product_brand-balinyurdu","7":"product_cat-genel","8":"product_cat-kazdaglari-yoresel-ballari","10":"first","11":"instock","12":"sale","13":"taxable","14":"shipping-taxable","15":"purchasable","16":"product-type-simple"},"_links":{"self":[{"href":"https:\/\/balinyurdu.com\/index.php?rest_route=\/wp\/v2\/product\/8322","targetHints":{"allow":["GET"]}}],"collection":[{"href":"https:\/\/balinyurdu.com\/index.php?rest_route=\/wp\/v2\/product"}],"about":[{"href":"https:\/\/balinyurdu.com\/index.php?rest_route=\/wp\/v2\/types\/product"}],"replies":[{"embeddable":true,"href":"https:\/\/balinyurdu.com\/index.php?rest_route=%2Fwp%2Fv2%2Fcomments&post=8322"}],"wp:featuredmedia":[{"embeddable":true,"href":"https:\/\/balinyurdu.com\/index.php?rest_route=\/wp\/v2\/media\/8323"}],"wp:attachment":[{"href":"https:\/\/balinyurdu.com\/index.php?rest_route=%2Fwp%2Fv2%2Fmedia&parent=8322"}],"wp:term":[{"taxonomy":"product_cat","embeddable":true,"href":"https:\/\/balinyurdu.com\/index.php?rest_route=%2Fwp%2Fv2%2Fproduct_cat&post=8322"},{"taxonomy":"product_tag","embeddable":true,"href":"https:\/\/balinyurdu.com\/index.php?rest_route=%2Fwp%2Fv2%2Fproduct_tag&post=8322"}],"curies":[{"name":"wp","href":"https:\/\/api.w.org\/{rel}","templated":true}]}}