{"id":8324,"date":"2025-07-20T19:27:05","date_gmt":"2025-07-20T16:27:05","guid":{"rendered":"https:\/\/balinyurdu.com\/?post_type=product&#038;p=8324"},"modified":"2025-08-02T21:52:14","modified_gmt":"2025-08-02T18:52:14","slug":"kazdaglari-kekik-bali-850-tl","status":"publish","type":"product","link":"https:\/\/balinyurdu.com\/?product=kazdaglari-kekik-bali-850-tl","title":{"rendered":"KAZDA\u011eLARI KEK\u0130K BALI 850 GR"},"content":{"rendered":"<h3 data-start=\"142\" data-end=\"196\"><strong data-start=\"146\" data-end=\"196\">Bal\u0131n Yurdu Kekik Bal\u0131: Do\u011fan\u0131n Saf Zenginli\u011fi<\/strong><\/h3>\n<p data-start=\"198\" data-end=\"576\"><strong data-start=\"198\" data-end=\"213\">Bal\u0131n Yurdu<\/strong>, do\u011fan\u0131n sundu\u011fu en saf ve kaliteli bal \u00fcr\u00fcnlerini sizlere ula\u015ft\u0131rma misyonunu ta\u015f\u0131rken, <strong data-start=\"303\" data-end=\"313\">Balk\u0131z<\/strong>&#8216;\u0131n simgesel zarafetiyle <strong data-start=\"338\" data-end=\"352\">Kekik Bal\u0131<\/strong>\u2019n\u0131n \u015fifal\u0131 g\u00fcc\u00fcn\u00fc sofralar\u0131n\u0131za getiriyor. <strong data-start=\"396\" data-end=\"410\">Kekik Bal\u0131<\/strong>, kekik bitkisinin \u00e7i\u00e7eklerinden ar\u0131lar\u0131n toplad\u0131\u011f\u0131 nektarlarla elde edilen e\u015fsiz bir do\u011fal \u00fcr\u00fcnd\u00fcr ve <strong data-start=\"513\" data-end=\"528\">Bal\u0131n Yurdu<\/strong>, bu bal\u0131 tamamen saf ve katk\u0131s\u0131z haliyle sunar.<\/p>\n<h3 data-start=\"578\" data-end=\"623\"><strong data-start=\"582\" data-end=\"623\">Kekik Bal\u0131: Do\u011fan\u0131n En G\u00fc\u00e7l\u00fc Arma\u011fan\u0131<\/strong><\/h3>\n<p data-start=\"625\" data-end=\"1081\"><strong data-start=\"625\" data-end=\"639\">Kekik Bal\u0131<\/strong>, kekik bitkilerinin nektar\u0131ndan elde edilen ve zengin bir aroma ile do\u011fan\u0131n \u015fifal\u0131 g\u00fcc\u00fcn\u00fc sunan bir bal t\u00fcr\u00fcd\u00fcr. <strong data-start=\"753\" data-end=\"779\">Bal\u0131n Yurdu Kekik Bal\u0131<\/strong>, <strong data-start=\"781\" data-end=\"791\">Balk\u0131z<\/strong>\u2019\u0131n zarif temsiliyle, do\u011fall\u0131\u011f\u0131n\u0131, safl\u0131\u011f\u0131n\u0131 ve \u015fifal\u0131 etkilerini m\u00fckemmel bir \u015fekilde yans\u0131t\u0131r. <strong data-start=\"888\" data-end=\"902\">Kekik Bal\u0131<\/strong>, zengin flavonoidler, antibakteriyel \u00f6zellikler ve vitamin i\u00e7erikleriyle bilinir, bu da onu sadece lezzetli de\u011fil, ayn\u0131 zamanda sa\u011fl\u0131k a\u00e7\u0131s\u0131ndan son derece faydal\u0131 bir bal yapar.<\/p>\n<h3 data-start=\"1083\" data-end=\"1120\"><strong data-start=\"1087\" data-end=\"1120\">Neden Bal\u0131n Yurdu Kekik Bal\u0131?<\/strong><\/h3>\n<p data-start=\"1122\" data-end=\"1420\">\ud83c\udf6f <strong data-start=\"1125\" data-end=\"1145\">Tam Do\u011fal ve Saf<\/strong><br data-start=\"1145\" data-end=\"1148\" \/><strong data-start=\"1148\" data-end=\"1174\">Bal\u0131n Yurdu Kekik Bal\u0131<\/strong>, hi\u00e7bir katk\u0131 maddesi ve i\u015fleme tabi tutulmadan tamamen do\u011fadan gelir. <strong data-start=\"1246\" data-end=\"1256\">Balk\u0131z<\/strong>, bu do\u011fall\u0131\u011f\u0131 ve safl\u0131\u011f\u0131 simgeler. Ar\u0131lar, kekik bitkilerinin \u00e7i\u00e7eklerinden toplad\u0131klar\u0131 nektarla bu bal\u0131 \u00fcretirler ve her bir damla bal, do\u011fan\u0131n saf g\u00fcc\u00fcn\u00fc ta\u015f\u0131r.<\/p>\n<p data-start=\"1422\" data-end=\"1782\">\ud83c\udf3f <strong data-start=\"1425\" data-end=\"1460\">Zengin \u0130\u00e7erik ve G\u00fc\u00e7l\u00fc Faydalar<\/strong><br data-start=\"1460\" data-end=\"1463\" \/><strong data-start=\"1463\" data-end=\"1477\">Kekik Bal\u0131<\/strong>, antioksidanlar, flavonoidler ve antibakteriyel bile\u015fiklerle doludur. Bu i\u00e7erikler sayesinde ba\u011f\u0131\u015f\u0131kl\u0131k sistemini g\u00fc\u00e7lendirir, sindirim sistemini destekler ve v\u00fccudun zararl\u0131 maddelerden ar\u0131nmas\u0131na yard\u0131mc\u0131 olur. <strong data-start=\"1691\" data-end=\"1717\">Bal\u0131n Yurdu Kekik Bal\u0131<\/strong>, her bir damlas\u0131nda do\u011fan\u0131n sundu\u011fu t\u00fcm bu faydalar\u0131 bar\u0131nd\u0131r\u0131r.<\/p>\n<p data-start=\"1784\" data-end=\"2141\">\ud83c\udf43 <strong data-start=\"1787\" data-end=\"1816\">Do\u011fal Antibakteriyel Etki<\/strong><br data-start=\"1816\" data-end=\"1819\" \/><strong data-start=\"1819\" data-end=\"1833\">Kekik Bal\u0131<\/strong>, do\u011fal antibakteriyel \u00f6zelliklere sahiptir. Bu, \u00f6zellikle so\u011fuk alg\u0131nl\u0131\u011f\u0131 ve bo\u011faz enfeksiyonlar\u0131 gibi durumlarda ba\u011f\u0131\u015f\u0131kl\u0131k sistemini destekleyerek v\u00fccudun enfeksiyonlara kar\u015f\u0131 daha diren\u00e7li olmas\u0131na yard\u0131mc\u0131 olur. <strong data-start=\"2050\" data-end=\"2060\">Balk\u0131z<\/strong>, bu etkili bal\u0131n zarif simgesidir ve do\u011fall\u0131\u011f\u0131n\u0131 \u015feffaf bir \u015fekilde temsil eder.<\/p>\n<h3 data-start=\"2143\" data-end=\"2176\"><strong data-start=\"2147\" data-end=\"2176\">Kekik Bal\u0131&#8217;n\u0131n Faydalar\u0131:<\/strong><\/h3>\n<ul data-start=\"2177\" data-end=\"2671\">\n<li data-start=\"2177\" data-end=\"2305\">\n<p data-start=\"2179\" data-end=\"2305\"><strong data-start=\"2179\" data-end=\"2216\">Ba\u011f\u0131\u015f\u0131kl\u0131k Sistemini G\u00fc\u00e7lendirir:<\/strong> Do\u011fal antibakteriyel ve antiviral \u00f6zellikleri sayesinde v\u00fccudu hastal\u0131klara kar\u015f\u0131 korur.<\/p>\n<\/li>\n<li data-start=\"2306\" data-end=\"2389\">\n<p data-start=\"2308\" data-end=\"2389\"><strong data-start=\"2308\" data-end=\"2341\">Sindirim Sa\u011fl\u0131\u011f\u0131n\u0131 Destekler:<\/strong> Sindirim sistemini d\u00fczenler, mideyi yat\u0131\u015ft\u0131r\u0131r.<\/p>\n<\/li>\n<li data-start=\"2390\" data-end=\"2475\">\n<p data-start=\"2392\" data-end=\"2475\"><strong data-start=\"2392\" data-end=\"2409\">Enerji Verir:<\/strong> Do\u011fal \u015feker i\u00e7erdi\u011fi i\u00e7in v\u00fccuda h\u0131zl\u0131 bir enerji kayna\u011f\u0131 sa\u011flar.<\/p>\n<\/li>\n<li data-start=\"2476\" data-end=\"2581\">\n<p data-start=\"2478\" data-end=\"2581\"><strong data-start=\"2478\" data-end=\"2500\">Bo\u011faz\u0131 Yat\u0131\u015ft\u0131r\u0131r:<\/strong> \u00d6zellikle so\u011fuk alg\u0131nl\u0131klar\u0131nda bo\u011faz\u0131 rahatlat\u0131r ve iyile\u015ftirici etki g\u00f6sterir.<\/p>\n<\/li>\n<li data-start=\"2582\" data-end=\"2671\">\n<p data-start=\"2584\" data-end=\"2671\"><strong data-start=\"2584\" data-end=\"2605\">Antioksidan Etki:<\/strong> V\u00fccudu serbest radikallerden korur, ya\u015flanma s\u00fcrecini geciktirir.<\/p>\n<\/li>\n<\/ul>\n<h3 data-start=\"2673\" data-end=\"2711\"><strong data-start=\"2677\" data-end=\"2711\">Balk\u0131z ile Do\u011fan\u0131n \u015eifal\u0131 G\u00fcc\u00fc<\/strong><\/h3>\n<p data-start=\"2713\" data-end=\"3057\"><strong data-start=\"2713\" data-end=\"2723\">Balk\u0131z<\/strong>, <strong data-start=\"2725\" data-end=\"2740\">Bal\u0131n Yurdu<\/strong> markas\u0131n\u0131n g\u00f6rsel y\u00fcz\u00fc olarak, <strong data-start=\"2772\" data-end=\"2786\">Kekik Bal\u0131<\/strong>\u2019n\u0131n \u015fifal\u0131 etkilerini zarif ve do\u011fal bir \u015fekilde temsil eder. <strong data-start=\"2849\" data-end=\"2875\">Bal\u0131n Yurdu Kekik Bal\u0131<\/strong>, saf ve katk\u0131s\u0131z olarak, <strong data-start=\"2901\" data-end=\"2911\">Balk\u0131z<\/strong>\u2019\u0131n simgeledi\u011fi do\u011fall\u0131k ve \u015fifay\u0131 m\u00fckemmel bir bi\u00e7imde yans\u0131t\u0131r. Her bir kavanozda, do\u011fan\u0131n t\u00fcm \u015fifa kayna\u011f\u0131n\u0131 ve e\u015fsiz lezzetini bulabilirsiniz.<\/p>\n<p data-start=\"3059\" data-end=\"3274\"><strong data-start=\"3059\" data-end=\"3069\">Balk\u0131z<\/strong>, <strong data-start=\"3071\" data-end=\"3086\">Bal\u0131n Yurdu<\/strong> markas\u0131n\u0131n sundu\u011fu bu sa\u011fl\u0131kl\u0131 ve do\u011fal bal\u0131, sizlere sunarak do\u011fan\u0131n g\u00fcc\u00fcn\u00fc en saf haliyle payla\u015f\u0131r. Kekik Bal\u0131, hem sa\u011fl\u0131\u011f\u0131n\u0131z\u0131 destekler hem de do\u011fal yollarla v\u00fccudunuza enerji sa\u011flar.<\/p>\n<h3 data-start=\"3276\" data-end=\"3317\"><strong data-start=\"3280\" data-end=\"3317\">Kekik Bal\u0131 ile Sa\u011fl\u0131kl\u0131 Bir Ya\u015fam<\/strong><\/h3>\n<p data-start=\"3319\" data-end=\"3641\"><strong data-start=\"3319\" data-end=\"3345\">Bal\u0131n Yurdu Kekik Bal\u0131<\/strong>, sadece lezzetli bir bal de\u011fil, ayn\u0131 zamanda sa\u011fl\u0131\u011f\u0131n\u0131za b\u00fcy\u00fck katk\u0131lar sunan bir s\u00fcper besindir. <strong data-start=\"3444\" data-end=\"3454\">Balk\u0131z<\/strong>, <strong data-start=\"3456\" data-end=\"3471\">Bal\u0131n Yurdu<\/strong>\u2019nun do\u011faya olan sayg\u0131s\u0131n\u0131 ve sa\u011fl\u0131kl\u0131 ya\u015fam anlay\u0131\u015f\u0131n\u0131 simgeler. <strong data-start=\"3537\" data-end=\"3551\">Kekik Bal\u0131<\/strong>, her bir damlas\u0131nda v\u00fccudunuzu besler, ba\u011f\u0131\u015f\u0131kl\u0131\u011f\u0131n\u0131z\u0131 g\u00fc\u00e7lendirir ve enerjinizi art\u0131r\u0131r.<\/p>\n<hr data-start=\"3643\" data-end=\"3646\" \/>\n<p data-start=\"3648\" data-end=\"3932\"><strong data-start=\"3648\" data-end=\"3663\">Bal\u0131n Yurdu<\/strong>, do\u011fan\u0131n en saf ve en \u015fifal\u0131 bal \u00fcr\u00fcnlerinden biri olan <strong data-start=\"3720\" data-end=\"3734\">Kekik Bal\u0131<\/strong>\u2019n\u0131, <strong data-start=\"3739\" data-end=\"3749\">Balk\u0131z<\/strong> ile sizlere sunuyor. <strong data-start=\"3771\" data-end=\"3781\">Balk\u0131z<\/strong>\u2019\u0131n simgeledi\u011fi do\u011fall\u0131k ve sa\u011fl\u0131kla, <strong data-start=\"3819\" data-end=\"3845\">Bal\u0131n Yurdu Kekik Bal\u0131<\/strong>\u2019n\u0131n t\u00fcm faydalar\u0131ndan yararlan\u0131n. Sa\u011fl\u0131kl\u0131 bir ya\u015fam i\u00e7in, do\u011fan\u0131n arma\u011fan\u0131na g\u00fcvenin!<\/p>\n","protected":false},"excerpt":{"rendered":"<p>Bal\u0131n Yurdu Kekik Bal\u0131: Do\u011fan\u0131n Saf Zenginli\u011fi Bal\u0131n Yurdu, do\u011fan\u0131n sundu\u011fu en saf ve kaliteli bal \u00fcr\u00fcnlerini sizlere ula\u015ft\u0131rma misyonunu ta\u015f\u0131rken, Balk\u0131z&#8216;\u0131n simgesel zarafetiyle Kekik Bal\u0131\u2019n\u0131n \u015fifal\u0131 g\u00fcc\u00fcn\u00fc sofralar\u0131n\u0131za getiriyor. Kekik Bal\u0131, kekik bitkisinin \u00e7i\u00e7eklerinden ar\u0131lar\u0131n toplad\u0131\u011f\u0131 nektarlarla elde edilen e\u015fsiz bir do\u011fal \u00fcr\u00fcnd\u00fcr ve Bal\u0131n Yurdu, bu bal\u0131 tamamen saf ve katk\u0131s\u0131z haliyle sunar. [&hellip;]<\/p>\n","protected":false},"featured_media":8326,"comment_status":"open","ping_status":"closed","template":"","meta":[],"product_cat":[15,66],"product_tag":[],"class_list":{"0":"post-8324","1":"product","2":"type-product","3":"status-publish","4":"has-post-thumbnail","6":"product_brand-balinyurdu","7":"product_cat-genel","8":"product_cat-kazdaglari-yoresel-ballari","10":"first","11":"instock","12":"sale","13":"taxable","14":"shipping-taxable","15":"purchasable","16":"product-type-simple"},"_links":{"self":[{"href":"https:\/\/balinyurdu.com\/index.php?rest_route=\/wp\/v2\/product\/8324","targetHints":{"allow":["GET"]}}],"collection":[{"href":"https:\/\/balinyurdu.com\/index.php?rest_route=\/wp\/v2\/product"}],"about":[{"href":"https:\/\/balinyurdu.com\/index.php?rest_route=\/wp\/v2\/types\/product"}],"replies":[{"embeddable":true,"href":"https:\/\/balinyurdu.com\/index.php?rest_route=%2Fwp%2Fv2%2Fcomments&post=8324"}],"wp:featuredmedia":[{"embeddable":true,"href":"https:\/\/balinyurdu.com\/index.php?rest_route=\/wp\/v2\/media\/8326"}],"wp:attachment":[{"href":"https:\/\/balinyurdu.com\/index.php?rest_route=%2Fwp%2Fv2%2Fmedia&parent=8324"}],"wp:term":[{"taxonomy":"product_cat","embeddable":true,"href":"https:\/\/balinyurdu.com\/index.php?rest_route=%2Fwp%2Fv2%2Fproduct_cat&post=8324"},{"taxonomy":"product_tag","embeddable":true,"href":"https:\/\/balinyurdu.com\/index.php?rest_route=%2Fwp%2Fv2%2Fproduct_tag&post=8324"}],"curies":[{"name":"wp","href":"https:\/\/api.w.org\/{rel}","templated":true}]}}