{"id":8331,"date":"2025-07-20T19:47:33","date_gmt":"2025-07-20T16:47:33","guid":{"rendered":"https:\/\/balinyurdu.com\/?post_type=product&#038;p=8331"},"modified":"2025-08-02T21:53:49","modified_gmt":"2025-08-02T18:53:49","slug":"kazdaglari-kestane_cam-bali-850-gr","status":"publish","type":"product","link":"https:\/\/balinyurdu.com\/?product=kazdaglari-kestane_cam-bali-850-gr","title":{"rendered":"KAZDA\u011eLARI KESTANE \u00c7AM BALI 850 GR"},"content":{"rendered":"<h3 data-start=\"167\" data-end=\"249\"><strong data-start=\"171\" data-end=\"249\">Bal\u0131n Yurdu Kazda\u011flar\u0131 Kestane-\u00c7am Kar\u0131\u015f\u0131k Bal\u0131: Do\u011fan\u0131n En Zengin Lezzeti<\/strong><\/h3>\n<p data-start=\"251\" data-end=\"805\"><strong data-start=\"251\" data-end=\"266\">Bal\u0131n Yurdu<\/strong>, do\u011fan\u0131n sundu\u011fu en saf ve e\u015fsiz tatlar\u0131 sizlere sunma misyonuyla hareket ederken, <strong data-start=\"350\" data-end=\"360\">Balk\u0131z<\/strong>\u2019\u0131n zarif temsiliyle <strong data-start=\"381\" data-end=\"420\">Kazda\u011flar\u0131 Kestane-\u00c7am Kar\u0131\u015f\u0131k Bal\u0131<\/strong>\u2019n\u0131n do\u011fal g\u00fcc\u00fcn\u00fc, sa\u011fl\u0131\u011f\u0131n\u0131 ve benzersiz lezzetini sofralar\u0131n\u0131za ta\u015f\u0131yor. <strong data-start=\"495\" data-end=\"509\">Kazda\u011flar\u0131<\/strong>, hem kestane a\u011fa\u00e7lar\u0131n\u0131n hem de \u00e7am a\u011fa\u00e7lar\u0131n\u0131n en saf ve en verimli oldu\u011fu bir b\u00f6lge olarak bu kar\u0131\u015f\u0131k bal\u0131 \u00fcretmeye ideal bir aland\u0131r. <strong data-start=\"647\" data-end=\"663\">Kestane Bal\u0131<\/strong>\u2019n\u0131n g\u00fc\u00e7l\u00fc antibakteriyel \u00f6zellikleri ile <strong data-start=\"705\" data-end=\"717\">\u00c7am Bal\u0131<\/strong>\u2019n\u0131n do\u011fan\u0131n ar\u0131nd\u0131r\u0131c\u0131 etkisi bir araya gelir ve ortaya muazzam bir \u015fifa kayna\u011f\u0131 \u00e7\u0131kar.<\/p>\n<h3 data-start=\"807\" data-end=\"878\"><strong data-start=\"811\" data-end=\"878\">Kazda\u011flar\u0131 Kestane-\u00c7am Kar\u0131\u015f\u0131k Bal\u0131: Efsanevi Bir Do\u011fa Arma\u011fan\u0131<\/strong><\/h3>\n<p data-start=\"880\" data-end=\"1252\"><strong data-start=\"880\" data-end=\"894\">Kazda\u011flar\u0131<\/strong>, do\u011fal zenginli\u011fi ile \u00fcnl\u00fc bir b\u00f6lgedir. Kestane ve \u00e7am a\u011fa\u00e7lar\u0131n\u0131n nektarlar\u0131n\u0131n birle\u015fiminden elde edilen bu \u00f6zel bal, <strong data-start=\"1016\" data-end=\"1031\">Bal\u0131n Yurdu<\/strong>\u2019nun do\u011faya olan sayg\u0131s\u0131n\u0131n ve kalitesine verdi\u011fi \u00f6nemin bir yans\u0131mas\u0131d\u0131r. <strong data-start=\"1106\" data-end=\"1116\">Balk\u0131z<\/strong>, <strong data-start=\"1118\" data-end=\"1133\">Bal\u0131n Yurdu<\/strong> markas\u0131n\u0131n g\u00f6rsel y\u00fcz\u00fc olarak, bu do\u011fal ve \u015fifal\u0131 kar\u0131\u015f\u0131k bal\u0131n her bir damlas\u0131nda bulunan safl\u0131\u011f\u0131 ve \u015fifay\u0131 simgeler.<\/p>\n<p data-start=\"1254\" data-end=\"1471\">Bu kar\u0131\u015f\u0131k bal, <strong data-start=\"1270\" data-end=\"1286\">kestane bal\u0131<\/strong>\u2019n\u0131n g\u00fc\u00e7l\u00fc antibakteriyel ve antioksidan etkilerini <strong data-start=\"1338\" data-end=\"1350\">\u00e7am bal\u0131<\/strong>\u2019n\u0131n sakinle\u015ftirici, v\u00fccuda enerji veren \u00f6zellikleriyle birle\u015ftirerek, sa\u011fl\u0131\u011f\u0131n\u0131z i\u00e7in en ideal do\u011fal kayna\u011f\u0131 olu\u015fturur.<\/p>\n<h3 data-start=\"1473\" data-end=\"1535\"><strong data-start=\"1477\" data-end=\"1535\">Neden Bal\u0131n Yurdu Kazda\u011flar\u0131 Kestane-\u00c7am Kar\u0131\u015f\u0131k Bal\u0131?<\/strong><\/h3>\n<p data-start=\"1537\" data-end=\"1882\">\ud83c\udf6f <strong data-start=\"1540\" data-end=\"1560\">Tam Do\u011fal ve Saf<\/strong><br data-start=\"1560\" data-end=\"1563\" \/><strong data-start=\"1563\" data-end=\"1602\">Kazda\u011flar\u0131 Kestane-\u00c7am Kar\u0131\u015f\u0131k Bal\u0131<\/strong>, tamamen do\u011fan\u0131n elinden \u00e7\u0131kar. Hi\u00e7bir katk\u0131 maddesi veya kimyasal i\u015flem uygulanmadan, ar\u0131lar kestane ve \u00e7am a\u011fa\u00e7lar\u0131n\u0131n nektarlar\u0131ndan toplayarak bu e\u015fsiz bal\u0131 \u00fcretir. <strong data-start=\"1772\" data-end=\"1782\">Balk\u0131z<\/strong>, bu do\u011fall\u0131\u011f\u0131 ve safl\u0131\u011f\u0131 temsil eder. Her bir kavanozda do\u011fan\u0131n g\u00fcc\u00fcn\u00fc ve safl\u0131\u011f\u0131n\u0131 bulabilirsiniz.<\/p>\n<p data-start=\"1884\" data-end=\"2263\">\ud83c\udf3f <strong data-start=\"1887\" data-end=\"1922\">Zengin \u0130\u00e7erik ve G\u00fc\u00e7l\u00fc Faydalar<\/strong><br data-start=\"1922\" data-end=\"1925\" \/>Bu kar\u0131\u015f\u0131k bal, her iki bal\u0131n da zengin \u00f6zelliklerini bir araya getirir. <strong data-start=\"1998\" data-end=\"2014\">Kestane Bal\u0131<\/strong>\u2019n\u0131n antibakteriyel ve antioksidan etkileri, <strong data-start=\"2059\" data-end=\"2071\">\u00c7am Bal\u0131<\/strong>\u2019n\u0131n enerji verici, ar\u0131nd\u0131r\u0131c\u0131 ve yat\u0131\u015ft\u0131r\u0131c\u0131 \u00f6zellikleriyle birle\u015fir. Bu \u00f6zellikler, ba\u011f\u0131\u015f\u0131kl\u0131k sisteminizi g\u00fc\u00e7lendirirken, sindirim sa\u011fl\u0131\u011f\u0131n\u0131z\u0131 d\u00fczenler ve v\u00fccudunuzu do\u011fal yollardan besler.<\/p>\n<p data-start=\"2265\" data-end=\"2558\">\ud83c\udf43 <strong data-start=\"2268\" data-end=\"2297\">Y\u00fcksek Enerji ve Canl\u0131l\u0131k<\/strong><br data-start=\"2297\" data-end=\"2300\" \/><strong data-start=\"2300\" data-end=\"2312\">\u00c7am Bal\u0131<\/strong>, do\u011fal \u015fekerler i\u00e7erdi\u011fi i\u00e7in v\u00fccudunuza enerji verir. Ayn\u0131 zamanda, \u00e7am\u0131n sakinle\u015ftirici ve canland\u0131r\u0131c\u0131 etkileri ile zihinsel ve bedensel canl\u0131l\u0131\u011f\u0131n\u0131z\u0131 art\u0131r\u0131r. <strong data-start=\"2476\" data-end=\"2492\">Kestane Bal\u0131<\/strong>, g\u00fc\u00e7l\u00fc bir ba\u011f\u0131\u015f\u0131kl\u0131k deste\u011fi sa\u011flar ve hastal\u0131klara kar\u015f\u0131 korur.<\/p>\n<h3 data-start=\"2560\" data-end=\"2618\"><strong data-start=\"2564\" data-end=\"2618\">Kazda\u011flar\u0131 Kestane-\u00c7am Kar\u0131\u015f\u0131k Bal\u0131\u2019n\u0131n Faydalar\u0131:<\/strong><\/h3>\n<ul data-start=\"2619\" data-end=\"3197\">\n<li data-start=\"2619\" data-end=\"2754\">\n<p data-start=\"2621\" data-end=\"2754\"><strong data-start=\"2621\" data-end=\"2658\">Ba\u011f\u0131\u015f\u0131kl\u0131k Sistemini G\u00fc\u00e7lendirir:<\/strong> Hem <strong data-start=\"2663\" data-end=\"2674\">kestane<\/strong> hem de <strong data-start=\"2682\" data-end=\"2694\">\u00e7am bal\u0131<\/strong>, antibakteriyel \u00f6zellikleriyle ba\u011f\u0131\u015f\u0131kl\u0131\u011f\u0131n\u0131z\u0131 g\u00fc\u00e7lendirir.<\/p>\n<\/li>\n<li data-start=\"2755\" data-end=\"2867\">\n<p data-start=\"2757\" data-end=\"2867\"><strong data-start=\"2757\" data-end=\"2790\">Sindirim Sa\u011fl\u0131\u011f\u0131n\u0131 Destekler:<\/strong> Mideyi rahatlat\u0131r, sindirimi d\u00fczenler ve haz\u0131ms\u0131zl\u0131k sorunlar\u0131n\u0131 hafifletir.<\/p>\n<\/li>\n<li data-start=\"2868\" data-end=\"2987\">\n<p data-start=\"2870\" data-end=\"2987\"><strong data-start=\"2870\" data-end=\"2906\">Enerji Verir ve Canl\u0131l\u0131k Sa\u011flar:<\/strong> \u00c7am bal\u0131n\u0131n do\u011fal \u015fekerleriyle enerji verir, kestane bal\u0131 ile v\u00fccudunuzu besler.<\/p>\n<\/li>\n<li data-start=\"2988\" data-end=\"3097\">\n<p data-start=\"2990\" data-end=\"3097\"><strong data-start=\"2990\" data-end=\"3011\">Antioksidan Etki:<\/strong> Her iki bal da v\u00fccudu serbest radikallere kar\u015f\u0131 korur, h\u00fccre yenilenmesini destekler.<\/p>\n<\/li>\n<li data-start=\"3098\" data-end=\"3197\">\n<p data-start=\"3100\" data-end=\"3197\"><strong data-start=\"3100\" data-end=\"3134\">Yat\u0131\u015ft\u0131r\u0131c\u0131 ve Sakinle\u015ftirici:<\/strong> \u00c7am bal\u0131, sinirleri yat\u0131\u015ft\u0131rarak, uyku kalitesini art\u0131rabilir.<\/p>\n<\/li>\n<\/ul>\n<h3 data-start=\"3199\" data-end=\"3237\"><strong data-start=\"3203\" data-end=\"3237\">Balk\u0131z ile Do\u011fan\u0131n \u015eifal\u0131 G\u00fcc\u00fc<\/strong><\/h3>\n<p data-start=\"3239\" data-end=\"3556\"><strong data-start=\"3239\" data-end=\"3249\">Balk\u0131z<\/strong>, <strong data-start=\"3251\" data-end=\"3266\">Bal\u0131n Yurdu<\/strong> markas\u0131n\u0131n g\u00f6rsel y\u00fcz\u00fc olarak, <strong data-start=\"3298\" data-end=\"3337\">Kazda\u011flar\u0131 Kestane-\u00c7am Kar\u0131\u015f\u0131k Bal\u0131<\/strong>\u2019n\u0131n do\u011fall\u0131\u011f\u0131n\u0131 ve \u015fifal\u0131 etkilerini zarif bir \u015fekilde temsil eder. <strong data-start=\"3406\" data-end=\"3421\">Bal\u0131n Yurdu<\/strong> olarak bizler, do\u011fan\u0131n en saf ve zengin arma\u011fanlar\u0131n\u0131 sofralar\u0131n\u0131za ta\u015f\u0131rken, <strong data-start=\"3500\" data-end=\"3510\">Balk\u0131z<\/strong> da bu safl\u0131\u011f\u0131, zarafeti ve sa\u011fl\u0131\u011f\u0131 simgeler.<\/p>\n<p data-start=\"3558\" data-end=\"3737\">Her bir kavanozda, <strong data-start=\"3577\" data-end=\"3616\">Kazda\u011flar\u0131 Kestane-\u00c7am Kar\u0131\u015f\u0131k Bal\u0131<\/strong>\u2019n\u0131n \u015fifal\u0131 \u00f6zelliklerini bulacaks\u0131n\u0131z. Do\u011fan\u0131n g\u00fcc\u00fcn\u00fc ve safl\u0131\u011f\u0131n\u0131 ke\u015ffedin, her bir damlada sa\u011fl\u0131k ve enerjiye kavu\u015fun.<\/p>\n<h3 data-start=\"3739\" data-end=\"3801\"><strong data-start=\"3743\" data-end=\"3801\">Kazda\u011flar\u0131 Kestane-\u00c7am Kar\u0131\u015f\u0131k Bal\u0131 ile Sa\u011fl\u0131kl\u0131 Ya\u015fam<\/strong><\/h3>\n<p data-start=\"3803\" data-end=\"4226\"><strong data-start=\"3803\" data-end=\"3854\">Bal\u0131n Yurdu Kazda\u011flar\u0131 Kestane-\u00c7am Kar\u0131\u015f\u0131k Bal\u0131<\/strong>, do\u011fan\u0131n en saf, en zengin ve \u015fifal\u0131 bal t\u00fcrlerinden biridir. <strong data-start=\"3917\" data-end=\"3927\">Balk\u0131z<\/strong>, <strong data-start=\"3929\" data-end=\"3944\">Bal\u0131n Yurdu<\/strong>\u2019nun kalitesini, do\u011fall\u0131\u011f\u0131n\u0131 ve sa\u011fl\u0131kla olan ba\u011f\u0131n\u0131 temsil ederken, <strong data-start=\"4013\" data-end=\"4052\">Kazda\u011flar\u0131 Kestane-\u00c7am Kar\u0131\u015f\u0131k Bal\u0131<\/strong>\u2019n\u0131n her bir damlas\u0131nda do\u011fan\u0131n g\u00fcc\u00fcn\u00fc ke\u015ffedin. Ba\u011f\u0131\u015f\u0131kl\u0131\u011f\u0131n\u0131z\u0131 g\u00fc\u00e7lendiren, sindirim sa\u011fl\u0131\u011f\u0131n\u0131z\u0131 destekleyen ve size enerji veren bu do\u011fal bal ile sa\u011fl\u0131kl\u0131 bir ya\u015fam s\u00fcr\u00fcn.<\/p>\n<hr data-start=\"4228\" data-end=\"4231\" \/>\n<p data-start=\"4233\" data-end=\"4511\"><strong data-start=\"4233\" data-end=\"4248\">Bal\u0131n Yurdu<\/strong> olarak, <strong data-start=\"4257\" data-end=\"4296\">Kazda\u011flar\u0131 Kestane-\u00c7am Kar\u0131\u015f\u0131k Bal\u0131<\/strong>\u2019n\u0131, do\u011fan\u0131n sundu\u011fu en saf ve en g\u00fc\u00e7l\u00fc haliyle sizlere sunuyoruz. <strong data-start=\"4363\" data-end=\"4373\">Balk\u0131z<\/strong>\u2019la birlikte do\u011fan\u0131n bu e\u015fsiz arma\u011fan\u0131n\u0131 ke\u015ffedin, sa\u011fl\u0131\u011f\u0131n\u0131z\u0131 do\u011fal yollarla destekleyin ve her an\u0131n\u0131z\u0131 \u015fifal\u0131 bir dokunu\u015fla ta\u00e7land\u0131r\u0131n!<\/p>\n","protected":false},"excerpt":{"rendered":"<p>Bal\u0131n Yurdu Kazda\u011flar\u0131 Kestane-\u00c7am Kar\u0131\u015f\u0131k Bal\u0131: Do\u011fan\u0131n En Zengin Lezzeti Bal\u0131n Yurdu, do\u011fan\u0131n sundu\u011fu en saf ve e\u015fsiz tatlar\u0131 sizlere sunma misyonuyla hareket ederken, Balk\u0131z\u2019\u0131n zarif temsiliyle Kazda\u011flar\u0131 Kestane-\u00c7am Kar\u0131\u015f\u0131k Bal\u0131\u2019n\u0131n do\u011fal g\u00fcc\u00fcn\u00fc, sa\u011fl\u0131\u011f\u0131n\u0131 ve benzersiz lezzetini sofralar\u0131n\u0131za ta\u015f\u0131yor. Kazda\u011flar\u0131, hem kestane a\u011fa\u00e7lar\u0131n\u0131n hem de \u00e7am a\u011fa\u00e7lar\u0131n\u0131n en saf ve en verimli oldu\u011fu bir b\u00f6lge [&hellip;]<\/p>\n","protected":false},"featured_media":8332,"comment_status":"open","ping_status":"closed","template":"","meta":[],"product_cat":[15,109,66],"product_tag":[],"class_list":{"0":"post-8331","1":"product","2":"type-product","3":"status-publish","4":"has-post-thumbnail","6":"product_brand-balinyurdu","7":"product_cat-genel","8":"product_cat-karisikballar","9":"product_cat-kazdaglari-yoresel-ballari","11":"first","12":"instock","13":"sale","14":"taxable","15":"shipping-taxable","16":"purchasable","17":"product-type-simple"},"_links":{"self":[{"href":"https:\/\/balinyurdu.com\/index.php?rest_route=\/wp\/v2\/product\/8331","targetHints":{"allow":["GET"]}}],"collection":[{"href":"https:\/\/balinyurdu.com\/index.php?rest_route=\/wp\/v2\/product"}],"about":[{"href":"https:\/\/balinyurdu.com\/index.php?rest_route=\/wp\/v2\/types\/product"}],"replies":[{"embeddable":true,"href":"https:\/\/balinyurdu.com\/index.php?rest_route=%2Fwp%2Fv2%2Fcomments&post=8331"}],"wp:featuredmedia":[{"embeddable":true,"href":"https:\/\/balinyurdu.com\/index.php?rest_route=\/wp\/v2\/media\/8332"}],"wp:attachment":[{"href":"https:\/\/balinyurdu.com\/index.php?rest_route=%2Fwp%2Fv2%2Fmedia&parent=8331"}],"wp:term":[{"taxonomy":"product_cat","embeddable":true,"href":"https:\/\/balinyurdu.com\/index.php?rest_route=%2Fwp%2Fv2%2Fproduct_cat&post=8331"},{"taxonomy":"product_tag","embeddable":true,"href":"https:\/\/balinyurdu.com\/index.php?rest_route=%2Fwp%2Fv2%2Fproduct_tag&post=8331"}],"curies":[{"name":"wp","href":"https:\/\/api.w.org\/{rel}","templated":true}]}}