{"id":8335,"date":"2025-07-20T20:22:49","date_gmt":"2025-07-20T17:22:49","guid":{"rendered":"https:\/\/balinyurdu.com\/?post_type=product&#038;p=8335"},"modified":"2025-08-02T21:55:34","modified_gmt":"2025-08-02T18:55:34","slug":"keciboynuzu-bali-850-gr","status":"publish","type":"product","link":"https:\/\/balinyurdu.com\/?product=keciboynuzu-bali-850-gr","title":{"rendered":"KE\u00c7\u0130BOYNUZU BALI 860 GR"},"content":{"rendered":"<h3 data-start=\"148\" data-end=\"218\"><strong data-start=\"152\" data-end=\"218\">Bal\u0131n Yurdu Ke\u00e7iboynuzu Bal\u0131: Do\u011fan\u0131n \u015eifal\u0131 ve G\u00fc\u00e7l\u00fc Arma\u011fan\u0131<\/strong><\/h3>\n<p data-start=\"220\" data-end=\"696\"><strong data-start=\"220\" data-end=\"235\">Bal\u0131n Yurdu<\/strong>, do\u011fan\u0131n saf ve \u015fifal\u0131 \u00fcr\u00fcnlerini sizlere sunma misyonuyla hareket ederken, <strong data-start=\"312\" data-end=\"322\">Balk\u0131z<\/strong>\u2019\u0131n zarif temsiliyle <strong data-start=\"343\" data-end=\"363\">Ke\u00e7iboynuzu Bal\u0131<\/strong>\u2019n\u0131n do\u011fal g\u00fcc\u00fcn\u00fc ve faydalar\u0131n\u0131 sofralar\u0131n\u0131za ta\u015f\u0131yor. <strong data-start=\"419\" data-end=\"434\">Ke\u00e7iboynuzu<\/strong>, eski zamanlardan beri \u015fifal\u0131 \u00f6zellikleriyle bilinen, sa\u011fl\u0131\u011f\u0131n en de\u011ferli destek\u00e7ilerinden biridir. <strong data-start=\"535\" data-end=\"555\">Ke\u00e7iboynuzu Bal\u0131<\/strong>, bu mucizevi meyvenin nektar\u0131ndan elde edilen, zengin besin i\u00e7eri\u011fi ve y\u00fcksek faydalar\u0131yla do\u011fan\u0131n sundu\u011fu en de\u011ferli arma\u011fanlardan biridir.<\/p>\n<h3 data-start=\"698\" data-end=\"754\"><strong data-start=\"702\" data-end=\"754\">Ke\u00e7iboynuzu Bal\u0131: Sa\u011fl\u0131k ve Lezzetin En Saf Hali<\/strong><\/h3>\n<p data-start=\"756\" data-end=\"1256\">Ke\u00e7iboynuzu, i\u00e7erdi\u011fi besin \u00f6\u011feleriyle v\u00fccut i\u00e7in olduk\u00e7a faydal\u0131d\u0131r. <strong data-start=\"826\" data-end=\"846\">Ke\u00e7iboynuzu Bal\u0131<\/strong>, hem tatl\u0131 hem de besleyici \u00f6zelli\u011fi ile sofralar\u0131n\u0131zda hem lezzet hem de sa\u011fl\u0131k kayna\u011f\u0131 olu\u015fturur. <strong data-start=\"947\" data-end=\"962\">Bal\u0131n Yurdu<\/strong> olarak, <strong data-start=\"971\" data-end=\"991\">Ke\u00e7iboynuzu Bal\u0131<\/strong>\u2019n\u0131, hi\u00e7bir katk\u0131 maddesi olmadan, tamamen do\u011fal bir \u015fekilde sunuyoruz. <strong data-start=\"1063\" data-end=\"1073\">Balk\u0131z<\/strong>, bu e\u015fsiz bal\u0131n safl\u0131\u011f\u0131n\u0131, do\u011fall\u0131\u011f\u0131n\u0131 ve \u015fifal\u0131 etkilerini temsil eder. <strong data-start=\"1147\" data-end=\"1162\">Bal\u0131n Yurdu<\/strong>, do\u011fan\u0131n en saf halini sizlere ula\u015ft\u0131r\u0131rken, <strong data-start=\"1208\" data-end=\"1218\">Balk\u0131z<\/strong> ile bu safl\u0131\u011f\u0131 ve sa\u011fl\u0131\u011f\u0131 simgeliyor.<\/p>\n<h3 data-start=\"1258\" data-end=\"1301\"><strong data-start=\"1262\" data-end=\"1301\">Neden Bal\u0131n Yurdu Ke\u00e7iboynuzu Bal\u0131?<\/strong><\/h3>\n<p data-start=\"1303\" data-end=\"1617\">\ud83c\udf6f <strong data-start=\"1306\" data-end=\"1326\">Tam Do\u011fal ve Saf<\/strong><br data-start=\"1326\" data-end=\"1329\" \/><strong data-start=\"1329\" data-end=\"1349\">Ke\u00e7iboynuzu Bal\u0131<\/strong>, tamamen do\u011fal ve katk\u0131s\u0131zd\u0131r. Ar\u0131lar, ke\u00e7iboynuzu a\u011fa\u00e7lar\u0131n\u0131n \u00e7i\u00e7eklerinden toplad\u0131klar\u0131 nektarlar\u0131 bal haline getirir. <strong data-start=\"1471\" data-end=\"1481\">Balk\u0131z<\/strong>, <strong data-start=\"1483\" data-end=\"1498\">Bal\u0131n Yurdu<\/strong> markas\u0131n\u0131n g\u00f6rsel y\u00fcz\u00fc olarak, bu safl\u0131\u011f\u0131 ve do\u011fall\u0131\u011f\u0131 simgeler. Her bir kavanozda do\u011fan\u0131n en saf halini bulacaks\u0131n\u0131z.<\/p>\n<p data-start=\"1619\" data-end=\"1964\">\ud83c\udf3f <strong data-start=\"1622\" data-end=\"1657\">Zengin \u0130\u00e7erik ve G\u00fc\u00e7l\u00fc Faydalar<\/strong><br data-start=\"1657\" data-end=\"1660\" \/>Ke\u00e7iboynuzu bal\u0131, y\u00fcksek mineral i\u00e7eri\u011fiyle tan\u0131n\u0131r. <strong data-start=\"1713\" data-end=\"1723\">Balk\u0131z<\/strong>, bu bal\u0131n sahip oldu\u011fu besleyici \u00f6zellikleri, \u015fifal\u0131 etkileri ve v\u00fccuda olan faydalar\u0131n\u0131 zarif bir \u015fekilde temsil eder. Demir, kalsiyum, magnezyum, potasyum gibi minerallerle dolu olan bu bal, hem lezzetli hem de sa\u011fl\u0131kl\u0131 bir alternatiftir.<\/p>\n<p data-start=\"1966\" data-end=\"2235\">\ud83c\udf43 <strong data-start=\"1969\" data-end=\"1998\">Y\u00fcksek Enerji ve Canl\u0131l\u0131k<\/strong><br data-start=\"1998\" data-end=\"2001\" \/><strong data-start=\"2001\" data-end=\"2021\">Ke\u00e7iboynuzu Bal\u0131<\/strong>, y\u00fcksek besin i\u00e7eri\u011fiyle do\u011fal bir enerji kayna\u011f\u0131d\u0131r. \u0130\u00e7eri\u011findeki do\u011fal \u015fekerler sayesinde h\u0131zl\u0131 bir enerji sa\u011flar ve v\u00fccudu canland\u0131r\u0131r. <strong data-start=\"2161\" data-end=\"2171\">Balk\u0131z<\/strong>, bu do\u011fal enerjiyi simgelerken, ayn\u0131 zamanda v\u00fccudunuzu besler.<\/p>\n<h3 data-start=\"2237\" data-end=\"2276\"><strong data-start=\"2241\" data-end=\"2276\">Ke\u00e7iboynuzu Bal\u0131\u2019n\u0131n Faydalar\u0131:<\/strong><\/h3>\n<ul data-start=\"2277\" data-end=\"2918\">\n<li data-start=\"2277\" data-end=\"2412\">\n<p data-start=\"2279\" data-end=\"2412\"><strong data-start=\"2279\" data-end=\"2316\">Ba\u011f\u0131\u015f\u0131kl\u0131k Sistemini G\u00fc\u00e7lendirir:<\/strong> Ke\u00e7iboynuzu bal\u0131, do\u011fal antibakteriyel \u00f6zelliklere sahip olup ba\u011f\u0131\u015f\u0131kl\u0131k sistemini g\u00fc\u00e7lendirir.<\/p>\n<\/li>\n<li data-start=\"2413\" data-end=\"2521\">\n<p data-start=\"2415\" data-end=\"2521\"><strong data-start=\"2415\" data-end=\"2448\">Sindirim Sa\u011fl\u0131\u011f\u0131n\u0131 Destekler:<\/strong> Sindirim sistemini d\u00fczenler, gaz ve \u015fi\u015fkinlik gibi sorunlar\u0131 hafifletir.<\/p>\n<\/li>\n<li data-start=\"2522\" data-end=\"2611\">\n<p data-start=\"2524\" data-end=\"2611\"><strong data-start=\"2524\" data-end=\"2541\">Enerji Verir:<\/strong> \u0130\u00e7eri\u011findeki do\u011fal \u015fekerler sayesinde v\u00fccudunuza h\u0131zl\u0131 enerji sa\u011flar.<\/p>\n<\/li>\n<li data-start=\"2612\" data-end=\"2710\">\n<p data-start=\"2614\" data-end=\"2710\"><strong data-start=\"2614\" data-end=\"2637\">Antioksidan Etkisi:<\/strong> V\u00fccuttaki serbest radikalleri temizler ve h\u00fccre yenilenmesini destekler.<\/p>\n<\/li>\n<li data-start=\"2711\" data-end=\"2821\">\n<p data-start=\"2713\" data-end=\"2821\"><strong data-start=\"2713\" data-end=\"2740\">Kardiyovask\u00fcler Sa\u011fl\u0131k:<\/strong> Ke\u00e7iboynuzu bal\u0131, kalp ve damar sa\u011fl\u0131\u011f\u0131n\u0131 destekleyen faydal\u0131 bile\u015fenler i\u00e7erir.<\/p>\n<\/li>\n<li data-start=\"2822\" data-end=\"2918\">\n<p data-start=\"2824\" data-end=\"2918\"><strong data-start=\"2824\" data-end=\"2853\">Cilt Sa\u011fl\u0131\u011f\u0131n\u0131 Destekler:<\/strong> Ciltteki iltihaplanmalar\u0131 azalt\u0131r, cildi besler ve gen\u00e7le\u015ftirir.<\/p>\n<\/li>\n<\/ul>\n<h3 data-start=\"2920\" data-end=\"2958\"><strong data-start=\"2924\" data-end=\"2958\">Balk\u0131z ile Do\u011fan\u0131n \u015eifal\u0131 G\u00fcc\u00fc<\/strong><\/h3>\n<p data-start=\"2960\" data-end=\"3287\"><strong data-start=\"2960\" data-end=\"2970\">Balk\u0131z<\/strong>, <strong data-start=\"2972\" data-end=\"2987\">Bal\u0131n Yurdu<\/strong> markas\u0131n\u0131n g\u00f6rsel y\u00fcz\u00fc olarak, <strong data-start=\"3019\" data-end=\"3039\">Ke\u00e7iboynuzu Bal\u0131<\/strong>\u2019n\u0131n do\u011fal g\u00fcc\u00fcn\u00fc ve \u015fifal\u0131 etkilerini zarif bir \u015fekilde simgeler. <strong data-start=\"3106\" data-end=\"3121\">Bal\u0131n Yurdu<\/strong>, <strong data-start=\"3123\" data-end=\"3143\">Ke\u00e7iboynuzu Bal\u0131<\/strong>\u2019n\u0131, do\u011fan\u0131n en saf ve en sa\u011fl\u0131kl\u0131 haliyle sizlere sunarken, <strong data-start=\"3204\" data-end=\"3214\">Balk\u0131z<\/strong>\u2019\u0131n zarif temsiliyle bu do\u011fal bal\u0131n \u015fifal\u0131 etkilerini sizlere aktar\u0131yor.<\/p>\n<h3 data-start=\"3289\" data-end=\"3332\"><strong data-start=\"3293\" data-end=\"3332\">Ke\u00e7iboynuzu Bal\u0131 ile Sa\u011fl\u0131kl\u0131 Ya\u015fam<\/strong><\/h3>\n<p data-start=\"3334\" data-end=\"3649\"><strong data-start=\"3334\" data-end=\"3366\">Bal\u0131n Yurdu Ke\u00e7iboynuzu Bal\u0131<\/strong>, v\u00fccudunuza do\u011fal enerji sa\u011flar, ba\u011f\u0131\u015f\u0131kl\u0131\u011f\u0131n\u0131z\u0131 g\u00fc\u00e7lendirir ve sindirim sa\u011fl\u0131\u011f\u0131n\u0131z\u0131 destekler. <strong data-start=\"3463\" data-end=\"3473\">Balk\u0131z<\/strong>, <strong data-start=\"3475\" data-end=\"3490\">Bal\u0131n Yurdu<\/strong>\u2019nun kalitesini, do\u011fall\u0131\u011f\u0131n\u0131 ve sa\u011fl\u0131kla olan ba\u011f\u0131n\u0131 simgeleyen zarif y\u00fcz\u00fcd\u00fcr. Bu do\u011fal bal, hem lezzetli hem de sa\u011fl\u0131kl\u0131 ya\u015fam\u0131n\u0131z\u0131 destekleyen bir kaynakt\u0131r.<\/p>\n<hr data-start=\"3651\" data-end=\"3654\" \/>\n<p data-start=\"3656\" data-end=\"3906\"><strong data-start=\"3656\" data-end=\"3671\">Bal\u0131n Yurdu<\/strong> olarak, <strong data-start=\"3680\" data-end=\"3700\">Ke\u00e7iboynuzu Bal\u0131<\/strong>\u2019n\u0131 do\u011fan\u0131n sundu\u011fu en saf ve en \u015fifal\u0131 haliyle sizlere sunuyoruz. <strong data-start=\"3767\" data-end=\"3777\">Balk\u0131z<\/strong> ile do\u011fan\u0131n bu e\u015fsiz arma\u011fan\u0131n\u0131 ke\u015ffedin, sa\u011fl\u0131\u011f\u0131n\u0131z\u0131 do\u011fal yollarla destekleyin ve her an\u0131n\u0131z\u0131 do\u011fan\u0131n saf g\u00fcc\u00fcyle ta\u00e7land\u0131r\u0131n!<\/p>\n","protected":false},"excerpt":{"rendered":"<p>Bal\u0131n Yurdu Ke\u00e7iboynuzu Bal\u0131: Do\u011fan\u0131n \u015eifal\u0131 ve G\u00fc\u00e7l\u00fc Arma\u011fan\u0131 Bal\u0131n Yurdu, do\u011fan\u0131n saf ve \u015fifal\u0131 \u00fcr\u00fcnlerini sizlere sunma misyonuyla hareket ederken, Balk\u0131z\u2019\u0131n zarif temsiliyle Ke\u00e7iboynuzu Bal\u0131\u2019n\u0131n do\u011fal g\u00fcc\u00fcn\u00fc ve faydalar\u0131n\u0131 sofralar\u0131n\u0131za ta\u015f\u0131yor. Ke\u00e7iboynuzu, eski zamanlardan beri \u015fifal\u0131 \u00f6zellikleriyle bilinen, sa\u011fl\u0131\u011f\u0131n en de\u011ferli destek\u00e7ilerinden biridir. Ke\u00e7iboynuzu Bal\u0131, bu mucizevi meyvenin nektar\u0131ndan elde edilen, zengin besin i\u00e7eri\u011fi [&hellip;]<\/p>\n","protected":false},"featured_media":8336,"comment_status":"open","ping_status":"closed","template":"","meta":[],"product_cat":[15,106],"product_tag":[],"class_list":{"0":"post-8335","1":"product","2":"type-product","3":"status-publish","4":"has-post-thumbnail","6":"product_cat-genel","7":"product_cat-ozelballar","9":"first","10":"instock","11":"sale","12":"taxable","13":"shipping-taxable","14":"purchasable","15":"product-type-simple"},"_links":{"self":[{"href":"https:\/\/balinyurdu.com\/index.php?rest_route=\/wp\/v2\/product\/8335","targetHints":{"allow":["GET"]}}],"collection":[{"href":"https:\/\/balinyurdu.com\/index.php?rest_route=\/wp\/v2\/product"}],"about":[{"href":"https:\/\/balinyurdu.com\/index.php?rest_route=\/wp\/v2\/types\/product"}],"replies":[{"embeddable":true,"href":"https:\/\/balinyurdu.com\/index.php?rest_route=%2Fwp%2Fv2%2Fcomments&post=8335"}],"wp:featuredmedia":[{"embeddable":true,"href":"https:\/\/balinyurdu.com\/index.php?rest_route=\/wp\/v2\/media\/8336"}],"wp:attachment":[{"href":"https:\/\/balinyurdu.com\/index.php?rest_route=%2Fwp%2Fv2%2Fmedia&parent=8335"}],"wp:term":[{"taxonomy":"product_cat","embeddable":true,"href":"https:\/\/balinyurdu.com\/index.php?rest_route=%2Fwp%2Fv2%2Fproduct_cat&post=8335"},{"taxonomy":"product_tag","embeddable":true,"href":"https:\/\/balinyurdu.com\/index.php?rest_route=%2Fwp%2Fv2%2Fproduct_tag&post=8335"}],"curies":[{"name":"wp","href":"https:\/\/api.w.org\/{rel}","templated":true}]}}