{"id":8337,"date":"2025-07-20T20:33:33","date_gmt":"2025-07-20T17:33:33","guid":{"rendered":"https:\/\/balinyurdu.com\/?post_type=product&#038;p=8337"},"modified":"2025-08-02T21:58:10","modified_gmt":"2025-08-02T18:58:10","slug":"sedir-bali-970-gr","status":"publish","type":"product","link":"https:\/\/balinyurdu.com\/?product=sedir-bali-970-gr","title":{"rendered":"SED\u0130R BALI 970 GR"},"content":{"rendered":"<h3 data-start=\"142\" data-end=\"195\"><strong data-start=\"146\" data-end=\"195\">Bal\u0131n Yurdu Sedir Bal\u0131: Do\u011fan\u0131n Efsanevi G\u00fcc\u00fc<\/strong><\/h3>\n<p data-start=\"197\" data-end=\"680\"><strong data-start=\"197\" data-end=\"212\">Bal\u0131n Yurdu<\/strong>, do\u011fan\u0131n en saf ve en g\u00fc\u00e7l\u00fc lezzetlerini sizlere sunma misyonuyla hareket ederken, <strong data-start=\"296\" data-end=\"306\">Balk\u0131z<\/strong>&#8216;\u0131n zarif temsiliyle <strong data-start=\"327\" data-end=\"341\">Sedir Bal\u0131<\/strong>\u2019n\u0131n \u015fifal\u0131 ve do\u011fall\u0131\u011f\u0131n\u0131 sofralar\u0131n\u0131za ta\u015f\u0131yor. <strong data-start=\"391\" data-end=\"406\">Sedir a\u011fac\u0131<\/strong>, y\u00fczy\u0131llard\u0131r hem estetik hem de \u015fifa kayna\u011f\u0131 olarak bilinir. <strong data-start=\"469\" data-end=\"483\">Sedir Bal\u0131<\/strong>, bu kutsal a\u011fac\u0131n nektar\u0131ndan elde edilen nadir ve de\u011ferli bir bald\u0131r. Zengin mineral i\u00e7eri\u011fi ve sa\u011fl\u0131\u011fa olan say\u0131s\u0131z faydas\u0131 ile, <strong data-start=\"615\" data-end=\"629\">Sedir Bal\u0131<\/strong>, do\u011fan\u0131n sundu\u011fu en m\u00fckemmel hediyelerden biridir.<\/p>\n<h3 data-start=\"682\" data-end=\"733\"><strong data-start=\"686\" data-end=\"733\">Sedir Bal\u0131: Y\u00fczy\u0131llard\u0131r Do\u011fal \u015eifa Kayna\u011f\u0131<\/strong><\/h3>\n<p data-start=\"735\" data-end=\"1150\"><strong data-start=\"735\" data-end=\"749\">Sedir Bal\u0131<\/strong>, sadece tatl\u0131 bir lezzet sunmakla kalmaz, ayn\u0131 zamanda sa\u011fl\u0131k a\u00e7\u0131s\u0131ndan da say\u0131s\u0131z fayda sa\u011flar. <strong data-start=\"847\" data-end=\"862\">Bal\u0131n Yurdu<\/strong>, bu e\u015fsiz bal\u0131 hi\u00e7bir katk\u0131 maddesi olmadan, do\u011fall\u0131\u011f\u0131na sad\u0131k kalarak sizlere sunar. <strong data-start=\"949\" data-end=\"959\">Balk\u0131z<\/strong>, <strong data-start=\"961\" data-end=\"976\">Bal\u0131n Yurdu<\/strong> markas\u0131n\u0131n g\u00f6rsel y\u00fcz\u00fc olarak, bu bal\u0131n safl\u0131\u011f\u0131n\u0131, do\u011fall\u0131\u011f\u0131n\u0131 ve sa\u011fl\u0131\u011fa olan katk\u0131lar\u0131n\u0131 temsil eder. <strong data-start=\"1081\" data-end=\"1095\">Sedir Bal\u0131<\/strong>, do\u011fan\u0131n en saf ve en de\u011ferli arma\u011fanlar\u0131ndan biridir.<\/p>\n<h3 data-start=\"1152\" data-end=\"1189\"><strong data-start=\"1156\" data-end=\"1189\">Neden Bal\u0131n Yurdu Sedir Bal\u0131?<\/strong><\/h3>\n<p data-start=\"1191\" data-end=\"1483\">\ud83c\udf6f <strong data-start=\"1194\" data-end=\"1214\">Tam Do\u011fal ve Saf<\/strong><br data-start=\"1214\" data-end=\"1217\" \/><strong data-start=\"1217\" data-end=\"1231\">Sedir Bal\u0131<\/strong>, tamamen do\u011fal ve katk\u0131 maddesi i\u00e7ermeyen bir bal t\u00fcr\u00fcd\u00fcr. Ar\u0131lar, <strong data-start=\"1299\" data-end=\"1320\">sedir a\u011fa\u00e7lar\u0131n\u0131n<\/strong> nektar\u0131ndan toplad\u0131klar\u0131 \u00f6zleri bal haline getirir. <strong data-start=\"1373\" data-end=\"1383\">Balk\u0131z<\/strong>, <strong data-start=\"1385\" data-end=\"1400\">Bal\u0131n Yurdu<\/strong> markas\u0131n\u0131n g\u00f6rsel y\u00fcz\u00fc olarak, bu safl\u0131\u011f\u0131 ve do\u011fall\u0131\u011f\u0131 zarif bir \u015fekilde simgeler.<\/p>\n<p data-start=\"1485\" data-end=\"1806\">\ud83c\udf3f <strong data-start=\"1488\" data-end=\"1523\">Zengin \u0130\u00e7erik ve G\u00fc\u00e7l\u00fc Faydalar<\/strong><br data-start=\"1523\" data-end=\"1526\" \/><strong data-start=\"1526\" data-end=\"1540\">Sedir Bal\u0131<\/strong>, i\u00e7erdi\u011fi mineral ve vitaminlerle olduk\u00e7a besleyicidir. Zengin kalsiyum, potasyum, magnezyum ve \u00e7inko gibi minerallerle, v\u00fccudunuzun ihtiya\u00e7 duydu\u011fu pek \u00e7ok besini kar\u015f\u0131lar. <strong data-start=\"1715\" data-end=\"1725\">Balk\u0131z<\/strong>, bu bal\u0131n sa\u011fl\u0131\u011fa olan faydalar\u0131n\u0131 ve i\u00e7erdi\u011fi besin \u00f6\u011felerinin g\u00fcc\u00fcn\u00fc simgeler.<\/p>\n<p data-start=\"1808\" data-end=\"2106\">\ud83c\udf43 <strong data-start=\"1811\" data-end=\"1840\">Y\u00fcksek Enerji ve Canl\u0131l\u0131k<\/strong><br data-start=\"1840\" data-end=\"1843\" \/><strong data-start=\"1843\" data-end=\"1857\">Sedir Bal\u0131<\/strong>, y\u00fcksek besin de\u011ferleri sayesinde v\u00fccudunuza enerji verir ve zihinsel netlik sa\u011flar. Do\u011fal \u015fekerler ve antioksidanlar ile g\u00fcn boyu canl\u0131 kalman\u0131z\u0131 destekler. <strong data-start=\"2016\" data-end=\"2026\">Balk\u0131z<\/strong>, bu enerjiyi ve canlanmay\u0131 simgeler, do\u011fan\u0131n \u015fifal\u0131 g\u00fcc\u00fcn\u00fc sofralar\u0131n\u0131za ta\u015f\u0131r.<\/p>\n<h3 data-start=\"2108\" data-end=\"2141\"><strong data-start=\"2112\" data-end=\"2141\">Sedir Bal\u0131\u2019n\u0131n Faydalar\u0131:<\/strong><\/h3>\n<ul data-start=\"2142\" data-end=\"2830\">\n<li data-start=\"2142\" data-end=\"2281\">\n<p data-start=\"2144\" data-end=\"2281\"><strong data-start=\"2144\" data-end=\"2181\">Ba\u011f\u0131\u015f\u0131kl\u0131k Sistemini G\u00fc\u00e7lendirir:<\/strong> <strong data-start=\"2182\" data-end=\"2196\">Sedir Bal\u0131<\/strong>, antioksidanlar ve antibakteriyel \u00f6zellikleriyle ba\u011f\u0131\u015f\u0131kl\u0131k sisteminizi g\u00fc\u00e7lendirir.<\/p>\n<\/li>\n<li data-start=\"2282\" data-end=\"2413\">\n<p data-start=\"2284\" data-end=\"2413\"><strong data-start=\"2284\" data-end=\"2317\">Sindirim Sa\u011fl\u0131\u011f\u0131n\u0131 Destekler:<\/strong> Sindirim sistemini d\u00fczenler, ba\u011f\u0131rsak sa\u011fl\u0131\u011f\u0131n\u0131 iyile\u015ftirir ve haz\u0131ms\u0131zl\u0131k sorunlar\u0131n\u0131 azalt\u0131r.<\/p>\n<\/li>\n<li data-start=\"2414\" data-end=\"2527\">\n<p data-start=\"2416\" data-end=\"2527\"><strong data-start=\"2416\" data-end=\"2433\">Enerji Verir:<\/strong> \u0130\u00e7eri\u011findeki do\u011fal \u015fekerler ile v\u00fccudunuza enerji verir ve zihinsel olarak da sizi destekler.<\/p>\n<\/li>\n<li data-start=\"2528\" data-end=\"2631\">\n<p data-start=\"2530\" data-end=\"2631\"><strong data-start=\"2530\" data-end=\"2553\">Antioksidan Etkisi:<\/strong> V\u00fccudunuzu serbest radikallere kar\u015f\u0131 korur ve ya\u015flanma etkilerini yava\u015flat\u0131r.<\/p>\n<\/li>\n<li data-start=\"2632\" data-end=\"2734\">\n<p data-start=\"2634\" data-end=\"2734\"><strong data-start=\"2634\" data-end=\"2663\">Cilt Sa\u011fl\u0131\u011f\u0131n\u0131 Destekler:<\/strong> Cildi nemlendirir, elastikiyet kazand\u0131r\u0131r ve iltihaplanmalar\u0131 azalt\u0131r.<\/p>\n<\/li>\n<li data-start=\"2735\" data-end=\"2830\">\n<p data-start=\"2737\" data-end=\"2830\"><strong data-start=\"2737\" data-end=\"2771\">Zihinsel ve Bedensel Canl\u0131l\u0131k:<\/strong> Sedir Bal\u0131, zihinsel netli\u011fi art\u0131r\u0131r ve v\u00fccudu din\u00e7 tutar.<\/p>\n<\/li>\n<\/ul>\n<h3 data-start=\"2832\" data-end=\"2874\"><strong data-start=\"2836\" data-end=\"2874\">Balk\u0131z ile Do\u011fan\u0131n G\u00fcc\u00fcn\u00fc Ke\u015ffedin<\/strong><\/h3>\n<p data-start=\"2876\" data-end=\"3286\"><strong data-start=\"2876\" data-end=\"2886\">Balk\u0131z<\/strong>, <strong data-start=\"2888\" data-end=\"2903\">Bal\u0131n Yurdu<\/strong> markas\u0131n\u0131n zarif y\u00fcz\u00fc olarak, <strong data-start=\"2934\" data-end=\"2948\">Sedir Bal\u0131<\/strong>\u2019n\u0131n do\u011fall\u0131\u011f\u0131n\u0131, \u015fifal\u0131 etkilerini ve besleyici \u00f6zelliklerini simgeler. <strong data-start=\"3021\" data-end=\"3036\">Bal\u0131n Yurdu<\/strong>, <strong data-start=\"3038\" data-end=\"3052\">Sedir Bal\u0131<\/strong>\u2019n\u0131, do\u011fan\u0131n en saf haliyle sizlere sunar ve her bir kavanozda do\u011fan\u0131n g\u00fcc\u00fcn\u00fc ke\u015ffetmenizi sa\u011flar. <strong data-start=\"3151\" data-end=\"3161\">Balk\u0131z<\/strong>, bu safl\u0131\u011f\u0131 zarif bir \u015fekilde temsil ederken, ayn\u0131 zamanda bu \u00f6zel bal\u0131n sa\u011fl\u0131\u011f\u0131n\u0131za olan katk\u0131lar\u0131n\u0131 da g\u00f6zler \u00f6n\u00fcne serer.<\/p>\n<h3 data-start=\"3288\" data-end=\"3325\"><strong data-start=\"3292\" data-end=\"3325\">Sedir Bal\u0131 ile Sa\u011fl\u0131kl\u0131 Ya\u015fam<\/strong><\/h3>\n<p data-start=\"3327\" data-end=\"3648\"><strong data-start=\"3327\" data-end=\"3353\">Bal\u0131n Yurdu Sedir Bal\u0131<\/strong>, do\u011fan\u0131n sundu\u011fu en g\u00fc\u00e7l\u00fc ve en besleyici tatlardan biridir. V\u00fccudunuzu besler, ba\u011f\u0131\u015f\u0131kl\u0131\u011f\u0131n\u0131z\u0131 g\u00fc\u00e7lendirir ve zihinsel canl\u0131l\u0131\u011f\u0131n\u0131z\u0131 art\u0131r\u0131r. <strong data-start=\"3497\" data-end=\"3507\">Balk\u0131z<\/strong>, <strong data-start=\"3509\" data-end=\"3524\">Bal\u0131n Yurdu<\/strong>\u2019nun kalitesini ve do\u011fall\u0131\u011f\u0131n\u0131 simgeleyen zarif bir temsilci olarak, bu do\u011fal bal\u0131n her bir faydas\u0131n\u0131 sizlere aktarmaktad\u0131r.<\/p>\n<hr data-start=\"3650\" data-end=\"3653\" \/>\n<p data-start=\"3655\" data-end=\"3901\"><strong data-start=\"3655\" data-end=\"3670\">Bal\u0131n Yurdu<\/strong> olarak, <strong data-start=\"3679\" data-end=\"3693\">Sedir Bal\u0131<\/strong>\u2019n\u0131 do\u011fan\u0131n en saf, en g\u00fc\u00e7l\u00fc ve en \u015fifal\u0131 haliyle sizlere sunuyoruz. <strong data-start=\"3762\" data-end=\"3772\">Balk\u0131z<\/strong> ile do\u011fan\u0131n bu e\u015fsiz arma\u011fan\u0131n\u0131 ke\u015ffedin, sa\u011fl\u0131\u011f\u0131n\u0131z\u0131 do\u011fal yollarla destekleyin ve her an\u0131n\u0131z\u0131 do\u011fan\u0131n saf g\u00fcc\u00fcyle ta\u00e7land\u0131r\u0131n!<\/p>\n","protected":false},"excerpt":{"rendered":"<p>Bal\u0131n Yurdu Sedir Bal\u0131: Do\u011fan\u0131n Efsanevi G\u00fcc\u00fc Bal\u0131n Yurdu, do\u011fan\u0131n en saf ve en g\u00fc\u00e7l\u00fc lezzetlerini sizlere sunma misyonuyla hareket ederken, Balk\u0131z&#8216;\u0131n zarif temsiliyle Sedir Bal\u0131\u2019n\u0131n \u015fifal\u0131 ve do\u011fall\u0131\u011f\u0131n\u0131 sofralar\u0131n\u0131za ta\u015f\u0131yor. Sedir a\u011fac\u0131, y\u00fczy\u0131llard\u0131r hem estetik hem de \u015fifa kayna\u011f\u0131 olarak bilinir. Sedir Bal\u0131, bu kutsal a\u011fac\u0131n nektar\u0131ndan elde edilen nadir ve de\u011ferli bir bald\u0131r. [&hellip;]<\/p>\n","protected":false},"featured_media":8338,"comment_status":"open","ping_status":"closed","template":"","meta":[],"product_cat":[15,106],"product_tag":[],"class_list":{"0":"post-8337","1":"product","2":"type-product","3":"status-publish","4":"has-post-thumbnail","6":"product_cat-genel","7":"product_cat-ozelballar","9":"first","10":"instock","11":"sale","12":"taxable","13":"shipping-taxable","14":"purchasable","15":"product-type-simple"},"_links":{"self":[{"href":"https:\/\/balinyurdu.com\/index.php?rest_route=\/wp\/v2\/product\/8337","targetHints":{"allow":["GET"]}}],"collection":[{"href":"https:\/\/balinyurdu.com\/index.php?rest_route=\/wp\/v2\/product"}],"about":[{"href":"https:\/\/balinyurdu.com\/index.php?rest_route=\/wp\/v2\/types\/product"}],"replies":[{"embeddable":true,"href":"https:\/\/balinyurdu.com\/index.php?rest_route=%2Fwp%2Fv2%2Fcomments&post=8337"}],"wp:featuredmedia":[{"embeddable":true,"href":"https:\/\/balinyurdu.com\/index.php?rest_route=\/wp\/v2\/media\/8338"}],"wp:attachment":[{"href":"https:\/\/balinyurdu.com\/index.php?rest_route=%2Fwp%2Fv2%2Fmedia&parent=8337"}],"wp:term":[{"taxonomy":"product_cat","embeddable":true,"href":"https:\/\/balinyurdu.com\/index.php?rest_route=%2Fwp%2Fv2%2Fproduct_cat&post=8337"},{"taxonomy":"product_tag","embeddable":true,"href":"https:\/\/balinyurdu.com\/index.php?rest_route=%2Fwp%2Fv2%2Fproduct_tag&post=8337"}],"curies":[{"name":"wp","href":"https:\/\/api.w.org\/{rel}","templated":true}]}}