{"id":8339,"date":"2025-07-20T20:40:48","date_gmt":"2025-07-20T17:40:48","guid":{"rendered":"https:\/\/balinyurdu.com\/?post_type=product&#038;p=8339"},"modified":"2025-08-02T21:50:11","modified_gmt":"2025-08-02T18:50:11","slug":"karabas-otu-cicek-bali-850-gr","status":"publish","type":"product","link":"https:\/\/balinyurdu.com\/?product=karabas-otu-cicek-bali-850-gr","title":{"rendered":"KARABA\u015e OTU \u00c7\u0130\u00c7EK BALI 850 GR"},"content":{"rendered":"<h3 data-start=\"148\" data-end=\"203\"><strong data-start=\"152\" data-end=\"203\">Bal\u0131n Yurdu Karaba\u015f Otu Bal\u0131: Do\u011fal \u015eifa ve G\u00fc\u00e7<\/strong><\/h3>\n<p data-start=\"205\" data-end=\"643\"><strong data-start=\"205\" data-end=\"220\">Bal\u0131n Yurdu<\/strong>, do\u011fan\u0131n sundu\u011fu en saf ve \u015fifal\u0131 \u00fcr\u00fcnleri sizlere sunma misyonuyla hareket ederken, <strong data-start=\"306\" data-end=\"316\">Balk\u0131z<\/strong>\u2019\u0131n zarif temsiliyle <strong data-start=\"337\" data-end=\"357\">Karaba\u015f Otu Bal\u0131<\/strong>\u2019n\u0131n sa\u011fl\u0131k a\u00e7\u0131s\u0131ndan sundu\u011fu mucizeleri sofralar\u0131n\u0131za ta\u015f\u0131yor. <strong data-start=\"421\" data-end=\"436\">Karaba\u015f otu<\/strong>, uzun y\u0131llard\u0131r geleneksel t\u0131pta kullan\u0131lan ve \u015fifal\u0131 etkileriyle bilinen bir bitkidir. <strong data-start=\"525\" data-end=\"545\">Karaba\u015f Otu Bal\u0131<\/strong>, bu e\u015fsiz bitkinin nektar\u0131ndan elde edilen, do\u011fan\u0131n sundu\u011fu en g\u00fc\u00e7l\u00fc ve \u015fifal\u0131 ballardan biridir.<\/p>\n<h3 data-start=\"645\" data-end=\"694\"><strong data-start=\"649\" data-end=\"694\">Karaba\u015f Otu Bal\u0131: Do\u011fan\u0131n \u015eifal\u0131 Mucizesi<\/strong><\/h3>\n<p data-start=\"696\" data-end=\"1190\"><strong data-start=\"696\" data-end=\"711\">Karaba\u015f Otu<\/strong>, i\u00e7erdi\u011fi bile\u015fenlerle sakinle\u015ftirici, antioksidan ve antibakteriyel \u00f6zelliklere sahip do\u011fal bir \u015fifa kayna\u011f\u0131d\u0131r. <strong data-start=\"826\" data-end=\"846\">Karaba\u015f Otu Bal\u0131<\/strong>, bu bitkiden elde edilen bal, do\u011fan\u0131n saf g\u00fcc\u00fcn\u00fc sizlere sunar. <strong data-start=\"911\" data-end=\"926\">Bal\u0131n Yurdu<\/strong>, <strong data-start=\"928\" data-end=\"948\">Karaba\u015f Otu Bal\u0131<\/strong>\u2019n\u0131, hi\u00e7bir katk\u0131 maddesi eklemeden, do\u011fall\u0131\u011f\u0131n\u0131 ve saf g\u00fcc\u00fcn\u00fc koruyarak sizlere sunuyor. <strong data-start=\"1038\" data-end=\"1048\">Balk\u0131z<\/strong>, <strong data-start=\"1050\" data-end=\"1065\">Bal\u0131n Yurdu<\/strong> markas\u0131n\u0131n g\u00f6rsel y\u00fcz\u00fc olarak, bu do\u011fal bal\u0131n safl\u0131\u011f\u0131n\u0131, sa\u011fl\u0131\u011fa olan katk\u0131lar\u0131n\u0131 ve do\u011fall\u0131\u011f\u0131n\u0131 zarif bir \u015fekilde simgeler.<\/p>\n<h3 data-start=\"1192\" data-end=\"1235\"><strong data-start=\"1196\" data-end=\"1235\">Neden Bal\u0131n Yurdu Karaba\u015f Otu Bal\u0131?<\/strong><\/h3>\n<p data-start=\"1237\" data-end=\"1570\">\ud83c\udf6f <strong data-start=\"1240\" data-end=\"1260\">Tam Do\u011fal ve Saf<\/strong><br data-start=\"1260\" data-end=\"1263\" \/><strong data-start=\"1263\" data-end=\"1283\">Karaba\u015f Otu Bal\u0131<\/strong>, tamamen do\u011fal ve katk\u0131 maddesi i\u00e7ermeyen bir bal t\u00fcr\u00fcd\u00fcr. <strong data-start=\"1343\" data-end=\"1358\">Bal\u0131n Yurdu<\/strong>, ar\u0131lar\u0131n <strong data-start=\"1369\" data-end=\"1384\">Karaba\u015f Otu<\/strong> \u00e7i\u00e7eklerinden toplad\u0131klar\u0131 nektarlar\u0131, do\u011fall\u0131\u011f\u0131n\u0131 bozmadan sizlere sunar. <strong data-start=\"1460\" data-end=\"1470\">Balk\u0131z<\/strong>, bu safl\u0131\u011f\u0131 ve do\u011fall\u0131\u011f\u0131 simgeler, her bir kavanozda do\u011fan\u0131n en saf halini bulaca\u011f\u0131n\u0131z\u0131 garantiler.<\/p>\n<p data-start=\"1572\" data-end=\"1974\">\ud83c\udf3f <strong data-start=\"1575\" data-end=\"1611\">Zengin \u0130\u00e7erik ve \u015eifal\u0131 Faydalar<\/strong><br data-start=\"1611\" data-end=\"1614\" \/><strong data-start=\"1614\" data-end=\"1634\">Karaba\u015f Otu Bal\u0131<\/strong>, antioksidanlar, antibakteriyel \u00f6zellikler ve do\u011fal bile\u015fenler bak\u0131m\u0131ndan olduk\u00e7a zengindir. \u0130\u00e7eri\u011findeki maddeler sayesinde ba\u011f\u0131\u015f\u0131kl\u0131k sistemini g\u00fc\u00e7lendirir, v\u00fccudu temizler ve ruh halinizi dengelemeye yard\u0131mc\u0131 olur. <strong data-start=\"1853\" data-end=\"1863\">Balk\u0131z<\/strong>, bu \u015fifal\u0131 etkileri zarif bir \u015fekilde temsil eder, her bir kavanozda bu do\u011fan\u0131n sundu\u011fu g\u00fc\u00e7leri sizlere ta\u015f\u0131r.<\/p>\n<p data-start=\"1976\" data-end=\"2232\">\ud83c\udf43 <strong data-start=\"1979\" data-end=\"2010\">Ruhsal ve Bedensel Canl\u0131l\u0131k<\/strong><br data-start=\"2010\" data-end=\"2013\" \/><strong data-start=\"2013\" data-end=\"2033\">Karaba\u015f Otu Bal\u0131<\/strong>, sakinle\u015ftirici etkisi ile stres ve anksiyeteyi azalt\u0131r. Ayn\u0131 zamanda v\u00fccudu dengeleyerek fiziksel enerjiyi art\u0131r\u0131r. <strong data-start=\"2151\" data-end=\"2161\">Balk\u0131z<\/strong>, bu dengeyi ve huzuru simgeler, do\u011fan\u0131n ruhsal \u015fifas\u0131n\u0131 sizlere sunar.<\/p>\n<h3 data-start=\"2234\" data-end=\"2273\"><strong data-start=\"2238\" data-end=\"2273\">Karaba\u015f Otu Bal\u0131\u2019n\u0131n Faydalar\u0131:<\/strong><\/h3>\n<ul data-start=\"2274\" data-end=\"2907\">\n<li data-start=\"2274\" data-end=\"2386\">\n<p data-start=\"2276\" data-end=\"2386\"><strong data-start=\"2276\" data-end=\"2312\">Stresi Azalt\u0131r ve Sakinle\u015ftirir:<\/strong> Karaba\u015f otu, do\u011fal sakinle\u015ftirici \u00f6zellikleriyle zihinsel huzuru art\u0131r\u0131r.<\/p>\n<\/li>\n<li data-start=\"2387\" data-end=\"2498\">\n<p data-start=\"2389\" data-end=\"2498\"><strong data-start=\"2389\" data-end=\"2426\">Ba\u011f\u0131\u015f\u0131kl\u0131k Sistemini G\u00fc\u00e7lendirir:<\/strong> Karaba\u015f otu bal\u0131, v\u00fccudu g\u00fc\u00e7lendirir ve ba\u011f\u0131\u015f\u0131kl\u0131k sistemini destekler.<\/p>\n<\/li>\n<li data-start=\"2499\" data-end=\"2609\">\n<p data-start=\"2501\" data-end=\"2609\"><strong data-start=\"2501\" data-end=\"2534\">Sindirim Sa\u011fl\u0131\u011f\u0131n\u0131 Destekler:<\/strong> Sindirim sistemini d\u00fczenler, sindirimi kolayla\u015ft\u0131r\u0131r ve mideyi rahatlat\u0131r.<\/p>\n<\/li>\n<li data-start=\"2610\" data-end=\"2700\">\n<p data-start=\"2612\" data-end=\"2700\"><strong data-start=\"2612\" data-end=\"2635\">Antioksidan Etkisi:<\/strong> Serbest radikalleri temizler ve h\u00fccre yenilenmesini te\u015fvik eder.<\/p>\n<\/li>\n<li data-start=\"2701\" data-end=\"2813\">\n<p data-start=\"2703\" data-end=\"2813\"><strong data-start=\"2703\" data-end=\"2728\">Yaralar\u0131 \u0130yile\u015ftirir:<\/strong> Antibakteriyel \u00f6zellikleri sayesinde, ciltteki yaralar\u0131n iyile\u015fmesine yard\u0131mc\u0131 olur.<\/p>\n<\/li>\n<li data-start=\"2814\" data-end=\"2907\">\n<p data-start=\"2816\" data-end=\"2907\"><strong data-start=\"2816\" data-end=\"2833\">Enerji Verir:<\/strong> \u0130\u00e7eri\u011findeki besin \u00f6\u011feleri ve do\u011fal \u015fekerlerle v\u00fccudu enerjiyle doldurur.<\/p>\n<\/li>\n<\/ul>\n<h3 data-start=\"2909\" data-end=\"2958\"><strong data-start=\"2913\" data-end=\"2958\">Balk\u0131z ile Do\u011fan\u0131n \u015eifal\u0131 G\u00fcc\u00fcn\u00fc Ke\u015ffedin<\/strong><\/h3>\n<p data-start=\"2960\" data-end=\"3313\"><strong data-start=\"2960\" data-end=\"2970\">Balk\u0131z<\/strong>, <strong data-start=\"2972\" data-end=\"2987\">Bal\u0131n Yurdu<\/strong> markas\u0131n\u0131n zarif ve g\u00fc\u00e7l\u00fc temsili olarak, <strong data-start=\"3030\" data-end=\"3050\">Karaba\u015f Otu Bal\u0131<\/strong>\u2019n\u0131n \u015fifal\u0131 etkilerini simgeler. <strong data-start=\"3083\" data-end=\"3098\">Bal\u0131n Yurdu<\/strong>, <strong data-start=\"3100\" data-end=\"3120\">Karaba\u015f Otu Bal\u0131<\/strong>\u2019n\u0131 do\u011fan\u0131n en saf haliyle sizlere sunar ve her bir kavanozda do\u011fan\u0131n sundu\u011fu \u015fifay\u0131 ke\u015ffetmenizi sa\u011flar. <strong data-start=\"3226\" data-end=\"3236\">Balk\u0131z<\/strong>, bu \u015fifal\u0131 bal\u0131n t\u00fcm faydalar\u0131n\u0131 ve safl\u0131\u011f\u0131n\u0131 zarif bir \u015fekilde temsil eder.<\/p>\n<h3 data-start=\"3315\" data-end=\"3358\"><strong data-start=\"3319\" data-end=\"3358\">Karaba\u015f Otu Bal\u0131 ile Sa\u011fl\u0131kl\u0131 Ya\u015fam<\/strong><\/h3>\n<p data-start=\"3360\" data-end=\"3703\"><strong data-start=\"3360\" data-end=\"3392\">Bal\u0131n Yurdu Karaba\u015f Otu Bal\u0131<\/strong>, hem bedensel hem de ruhsal sa\u011fl\u0131\u011f\u0131n\u0131z\u0131 destekleyen do\u011fal bir kaynakt\u0131r. Bu e\u015fsiz bal, stresle m\u00fccadele eder, ba\u011f\u0131\u015f\u0131kl\u0131\u011f\u0131n\u0131z\u0131 g\u00fc\u00e7lendirir ve sindirim sa\u011fl\u0131\u011f\u0131n\u0131z\u0131 iyile\u015ftirir. <strong data-start=\"3568\" data-end=\"3578\">Balk\u0131z<\/strong>, <strong data-start=\"3580\" data-end=\"3595\">Bal\u0131n Yurdu<\/strong>\u2019nun kalitesini ve do\u011fall\u0131\u011f\u0131n\u0131 simgeleyen zarif y\u00fcz\u00fc olarak, bu do\u011fal bal\u0131n t\u00fcm faydalar\u0131n\u0131 sizlere aktar\u0131r.<\/p>\n<hr data-start=\"3705\" data-end=\"3708\" \/>\n<p data-start=\"3710\" data-end=\"3960\"><strong data-start=\"3710\" data-end=\"3725\">Bal\u0131n Yurdu<\/strong> olarak, <strong data-start=\"3734\" data-end=\"3754\">Karaba\u015f Otu Bal\u0131<\/strong>\u2019n\u0131 do\u011fan\u0131n sundu\u011fu en saf ve en \u015fifal\u0131 haliyle sizlere sunuyoruz. <strong data-start=\"3821\" data-end=\"3831\">Balk\u0131z<\/strong> ile do\u011fan\u0131n bu e\u015fsiz arma\u011fan\u0131n\u0131 ke\u015ffedin, sa\u011fl\u0131\u011f\u0131n\u0131z\u0131 do\u011fal yollarla destekleyin ve her an\u0131n\u0131z\u0131 do\u011fan\u0131n saf g\u00fcc\u00fcyle ta\u00e7land\u0131r\u0131n!<\/p>\n","protected":false},"excerpt":{"rendered":"<p>Bal\u0131n Yurdu Karaba\u015f Otu Bal\u0131: Do\u011fal \u015eifa ve G\u00fc\u00e7 Bal\u0131n Yurdu, do\u011fan\u0131n sundu\u011fu en saf ve \u015fifal\u0131 \u00fcr\u00fcnleri sizlere sunma misyonuyla hareket ederken, Balk\u0131z\u2019\u0131n zarif temsiliyle Karaba\u015f Otu Bal\u0131\u2019n\u0131n sa\u011fl\u0131k a\u00e7\u0131s\u0131ndan sundu\u011fu mucizeleri sofralar\u0131n\u0131za ta\u015f\u0131yor. Karaba\u015f otu, uzun y\u0131llard\u0131r geleneksel t\u0131pta kullan\u0131lan ve \u015fifal\u0131 etkileriyle bilinen bir bitkidir. Karaba\u015f Otu Bal\u0131, bu e\u015fsiz bitkinin nektar\u0131ndan [&hellip;]<\/p>\n","protected":false},"featured_media":8340,"comment_status":"open","ping_status":"closed","template":"","meta":[],"product_cat":[15,106],"product_tag":[],"class_list":{"0":"post-8339","1":"product","2":"type-product","3":"status-publish","4":"has-post-thumbnail","6":"product_cat-genel","7":"product_cat-ozelballar","9":"first","10":"instock","11":"sale","12":"taxable","13":"shipping-taxable","14":"purchasable","15":"product-type-simple"},"_links":{"self":[{"href":"https:\/\/balinyurdu.com\/index.php?rest_route=\/wp\/v2\/product\/8339","targetHints":{"allow":["GET"]}}],"collection":[{"href":"https:\/\/balinyurdu.com\/index.php?rest_route=\/wp\/v2\/product"}],"about":[{"href":"https:\/\/balinyurdu.com\/index.php?rest_route=\/wp\/v2\/types\/product"}],"replies":[{"embeddable":true,"href":"https:\/\/balinyurdu.com\/index.php?rest_route=%2Fwp%2Fv2%2Fcomments&post=8339"}],"wp:featuredmedia":[{"embeddable":true,"href":"https:\/\/balinyurdu.com\/index.php?rest_route=\/wp\/v2\/media\/8340"}],"wp:attachment":[{"href":"https:\/\/balinyurdu.com\/index.php?rest_route=%2Fwp%2Fv2%2Fmedia&parent=8339"}],"wp:term":[{"taxonomy":"product_cat","embeddable":true,"href":"https:\/\/balinyurdu.com\/index.php?rest_route=%2Fwp%2Fv2%2Fproduct_cat&post=8339"},{"taxonomy":"product_tag","embeddable":true,"href":"https:\/\/balinyurdu.com\/index.php?rest_route=%2Fwp%2Fv2%2Fproduct_tag&post=8339"}],"curies":[{"name":"wp","href":"https:\/\/api.w.org\/{rel}","templated":true}]}}