{"id":8341,"date":"2025-07-20T20:54:34","date_gmt":"2025-07-20T17:54:34","guid":{"rendered":"https:\/\/balinyurdu.com\/?post_type=product&#038;p=8341"},"modified":"2025-08-02T21:49:41","modified_gmt":"2025-08-02T18:49:41","slug":"ham-bal-970-gr","status":"publish","type":"product","link":"https:\/\/balinyurdu.com\/?product=ham-bal-970-gr","title":{"rendered":"HAM BAL 970 GR"},"content":{"rendered":"<h3 data-start=\"139\" data-end=\"200\"><strong data-start=\"143\" data-end=\"200\">Bal\u0131n Yurdu Ham Bal\u0131: Do\u011fall\u0131\u011f\u0131n ve Sa\u011fl\u0131\u011f\u0131n Saf Hali<\/strong><\/h3>\n<p data-start=\"202\" data-end=\"724\"><strong data-start=\"202\" data-end=\"217\">Bal\u0131n Yurdu<\/strong>, do\u011fan\u0131n en saf ve do\u011fal hediyelerini sizlere sunma misyonuyla hareket ederken, <strong data-start=\"298\" data-end=\"308\">Balk\u0131z<\/strong>\u2019\u0131n zarif temsiliyle <strong data-start=\"329\" data-end=\"340\">Ham Bal<\/strong>\u2019\u0131n \u015fifal\u0131 ve do\u011fal g\u00fcc\u00fcn\u00fc sofralar\u0131n\u0131za ta\u015f\u0131yor. <strong data-start=\"390\" data-end=\"401\">Ham Bal<\/strong>, i\u015flenmemi\u015f, saf ve taze haliyle do\u011fadan en do\u011fal \u015fekilde elde edilen bal t\u00fcr\u00fcd\u00fcr. <strong data-start=\"485\" data-end=\"500\">Bal\u0131n Yurdu<\/strong>, bu e\u015fsiz bal\u0131 hi\u00e7bir katk\u0131 maddesi eklemeden, tamamen do\u011fall\u0131\u011f\u0131n\u0131 koruyarak sizlere sunuyor. <strong data-start=\"595\" data-end=\"605\">Balk\u0131z<\/strong>, <strong data-start=\"607\" data-end=\"622\">Bal\u0131n Yurdu<\/strong> markas\u0131n\u0131n g\u00f6rsel y\u00fcz\u00fc olarak, <strong data-start=\"654\" data-end=\"665\">Ham Bal<\/strong>\u2019\u0131n safl\u0131\u011f\u0131n\u0131 ve do\u011fall\u0131\u011f\u0131n\u0131 zarif bir \u015fekilde temsil eder.<\/p>\n<h3 data-start=\"726\" data-end=\"766\"><strong data-start=\"730\" data-end=\"766\">Ham Bal: Do\u011fan\u0131n En Saf Arma\u011fan\u0131<\/strong><\/h3>\n<p data-start=\"768\" data-end=\"1168\"><strong data-start=\"768\" data-end=\"779\">Ham Bal<\/strong>, ar\u0131lar\u0131n nektar\u0131 toplad\u0131\u011f\u0131 \u00e7i\u00e7eklerden elde edilen bal\u0131n, hi\u00e7bir i\u015flem g\u00f6rmeden do\u011fal haliyle korunmu\u015f versiyonudur. \u0130\u00e7erdi\u011fi vitaminler, mineraller ve enzimler ile tam anlam\u0131yla bir do\u011fa mucizesidir. <strong data-start=\"982\" data-end=\"997\">Bal\u0131n Yurdu<\/strong>, <strong data-start=\"999\" data-end=\"1010\">Ham Bal<\/strong>\u2019\u0131 ar\u0131lar\u0131n en kaliteli nektarlar\u0131yla ve en saf haliyle sizlere sunar. <strong data-start=\"1081\" data-end=\"1091\">Balk\u0131z<\/strong>, bu do\u011fal bal\u0131n safl\u0131\u011f\u0131n\u0131, \u015fifal\u0131 etkilerini ve sa\u011fl\u0131k yararlar\u0131n\u0131 simgeler.<\/p>\n<h3 data-start=\"1170\" data-end=\"1205\"><strong data-start=\"1174\" data-end=\"1205\">Neden Bal\u0131n Yurdu Ham Bal\u0131?<\/strong><\/h3>\n<p data-start=\"1207\" data-end=\"1514\">\ud83c\udf6f <strong data-start=\"1210\" data-end=\"1230\">Tam Do\u011fal ve Saf<\/strong><br data-start=\"1230\" data-end=\"1233\" \/><strong data-start=\"1233\" data-end=\"1244\">Ham Bal<\/strong>, hi\u00e7bir \u0131s\u0131l i\u015fleme tabi tutulmadan, do\u011frudan do\u011fadan gelen nektar\u0131n i\u015flenmesiyle elde edilir. Bu sayede bal\u0131n besin de\u011ferleri ve \u015fifal\u0131 bile\u015fenleri tamamen korunur. <strong data-start=\"1411\" data-end=\"1421\">Balk\u0131z<\/strong>, <strong data-start=\"1423\" data-end=\"1438\">Bal\u0131n Yurdu<\/strong>\u2019nun g\u00f6rsel y\u00fcz\u00fc olarak, bu safl\u0131\u011f\u0131 ve do\u011fall\u0131\u011f\u0131 zarif bir \u015fekilde simgeler.<\/p>\n<p data-start=\"1516\" data-end=\"1906\">\ud83c\udf3f <strong data-start=\"1519\" data-end=\"1562\">Zengin Besin \u0130\u00e7eri\u011fi ve \u015eifal\u0131 Faydalar<\/strong><br data-start=\"1562\" data-end=\"1565\" \/><strong data-start=\"1565\" data-end=\"1576\">Ham Bal<\/strong>, do\u011fal enzimler, vitaminler ve mineraller bak\u0131m\u0131ndan olduk\u00e7a zengindir. Do\u011fal antibakteriyel \u00f6zelliklere sahip olan bu bal, ba\u011f\u0131\u015f\u0131kl\u0131k sistemini g\u00fc\u00e7lendirir, v\u00fccudu ar\u0131nd\u0131r\u0131r ve cilt sa\u011fl\u0131\u011f\u0131n\u0131 iyile\u015ftirir. <strong data-start=\"1783\" data-end=\"1793\">Balk\u0131z<\/strong>, bu \u015fifal\u0131 etkileri zarif bir \u015fekilde temsil eder, her bir kavanozda do\u011fan\u0131n saf g\u00fcc\u00fcn\u00fc bulaca\u011f\u0131n\u0131z\u0131 garantiler.<\/p>\n<p data-start=\"1908\" data-end=\"2195\">\ud83c\udf43 <strong data-start=\"1911\" data-end=\"1941\">Enerji ve Canl\u0131l\u0131k Kayna\u011f\u0131<\/strong><br data-start=\"1941\" data-end=\"1944\" \/><strong data-start=\"1944\" data-end=\"1955\">Ham Bal<\/strong>, v\u00fccudun ihtiyac\u0131 olan do\u011fal enerjiyi sa\u011flar. \u0130\u00e7eri\u011findeki do\u011fal \u015fekerler sayesinde h\u0131zl\u0131 bir enerji kayna\u011f\u0131 sunar ve zihinsel canl\u0131l\u0131\u011f\u0131 art\u0131r\u0131r. <strong data-start=\"2102\" data-end=\"2112\">Balk\u0131z<\/strong>, bu enerjiyi ve canl\u0131l\u0131\u011f\u0131 simgeler, do\u011fan\u0131n sundu\u011fu taze g\u00fcc\u00fc sofralar\u0131n\u0131za ta\u015f\u0131r.<\/p>\n<h3 data-start=\"2197\" data-end=\"2228\"><strong data-start=\"2201\" data-end=\"2228\">Ham Bal\u0131\u2019n\u0131n Faydalar\u0131:<\/strong><\/h3>\n<ul data-start=\"2229\" data-end=\"2897\">\n<li data-start=\"2229\" data-end=\"2362\">\n<p data-start=\"2231\" data-end=\"2362\"><strong data-start=\"2231\" data-end=\"2268\">Ba\u011f\u0131\u015f\u0131kl\u0131k Sistemini G\u00fc\u00e7lendirir:<\/strong> Ham bal, do\u011fal antibakteriyel ve antioksidan \u00f6zellikleriyle ba\u011f\u0131\u015f\u0131kl\u0131k sisteminizi destekler.<\/p>\n<\/li>\n<li data-start=\"2363\" data-end=\"2473\">\n<p data-start=\"2365\" data-end=\"2473\"><strong data-start=\"2365\" data-end=\"2395\">Sindirim Sistemi Dostudur:<\/strong> Sindirimi kolayla\u015ft\u0131r\u0131r, mideyi rahatlat\u0131r ve ba\u011f\u0131rsak sa\u011fl\u0131\u011f\u0131n\u0131 iyile\u015ftirir.<\/p>\n<\/li>\n<li data-start=\"2474\" data-end=\"2573\">\n<p data-start=\"2476\" data-end=\"2573\"><strong data-start=\"2476\" data-end=\"2500\">Y\u00fcksek Enerji Verir:<\/strong> \u0130\u00e7eri\u011findeki do\u011fal \u015fekerler ve vitaminlerle enerji seviyenizi y\u00fckseltir.<\/p>\n<\/li>\n<li data-start=\"2574\" data-end=\"2691\">\n<p data-start=\"2576\" data-end=\"2691\"><strong data-start=\"2576\" data-end=\"2605\">Cilt Sa\u011fl\u0131\u011f\u0131n\u0131 Destekler:<\/strong> Ham bal, cildi nemlendirir, iltihaplanmay\u0131 azalt\u0131r ve cilt yenilenmesini te\u015fvik eder.<\/p>\n<\/li>\n<li data-start=\"2692\" data-end=\"2780\">\n<p data-start=\"2694\" data-end=\"2780\"><strong data-start=\"2694\" data-end=\"2720\">Detoks Etkisi Yarat\u0131r:<\/strong> V\u00fccuttaki toksinleri temizler ve genel sa\u011fl\u0131\u011f\u0131 iyile\u015ftirir.<\/p>\n<\/li>\n<li data-start=\"2781\" data-end=\"2897\">\n<p data-start=\"2783\" data-end=\"2897\"><strong data-start=\"2783\" data-end=\"2814\">Zihinsel Canl\u0131l\u0131k ve Huzur:<\/strong> Sakinle\u015ftirici etkisi sayesinde zihinsel rahatlama sa\u011flar ve genel huzuru art\u0131r\u0131r.<\/p>\n<\/li>\n<\/ul>\n<h3 data-start=\"2899\" data-end=\"2945\"><strong data-start=\"2903\" data-end=\"2945\">Balk\u0131z ile Do\u011fan\u0131n Saf G\u00fcc\u00fcn\u00fc Ke\u015ffedin<\/strong><\/h3>\n<p data-start=\"2947\" data-end=\"3276\"><strong data-start=\"2947\" data-end=\"2957\">Balk\u0131z<\/strong>, <strong data-start=\"2959\" data-end=\"2974\">Bal\u0131n Yurdu<\/strong> markas\u0131n\u0131n zarif y\u00fcz\u00fc olarak, <strong data-start=\"3005\" data-end=\"3016\">Ham Bal<\/strong>\u2019\u0131n do\u011fall\u0131\u011f\u0131n\u0131 ve \u015fifal\u0131 etkilerini simgeler. <strong data-start=\"3063\" data-end=\"3078\">Bal\u0131n Yurdu<\/strong>, <strong data-start=\"3080\" data-end=\"3091\">Ham Bal<\/strong>\u2019\u0131 do\u011fan\u0131n en saf haliyle sizlere sunar. <strong data-start=\"3132\" data-end=\"3142\">Balk\u0131z<\/strong>, bu do\u011fal bal\u0131n t\u00fcm faydalar\u0131n\u0131 ve safl\u0131\u011f\u0131n\u0131 zarif bir \u015fekilde temsil eder, her kavanozda do\u011fan\u0131n sundu\u011fu \u015fifay\u0131 ke\u015ffetmenizi sa\u011flar.<\/p>\n<h3 data-start=\"3278\" data-end=\"3312\"><strong data-start=\"3282\" data-end=\"3312\">Ham Bal ile Sa\u011fl\u0131kl\u0131 Ya\u015fam<\/strong><\/h3>\n<p data-start=\"3314\" data-end=\"3669\"><strong data-start=\"3314\" data-end=\"3338\">Bal\u0131n Yurdu Ham Bal\u0131<\/strong>, hem bedensel hem de ruhsal sa\u011fl\u0131\u011f\u0131n\u0131z\u0131 destekleyen do\u011fal bir kaynakt\u0131r. <strong data-start=\"3412\" data-end=\"3423\">Ham Bal<\/strong>, ba\u011f\u0131\u015f\u0131kl\u0131\u011f\u0131n\u0131z\u0131 g\u00fc\u00e7lendirir, enerji verir, sindirim sa\u011fl\u0131\u011f\u0131n\u0131z\u0131 iyile\u015ftirir ve cilt sa\u011fl\u0131\u011f\u0131n\u0131z\u0131 destekler. <strong data-start=\"3532\" data-end=\"3542\">Balk\u0131z<\/strong>, <strong data-start=\"3544\" data-end=\"3559\">Bal\u0131n Yurdu<\/strong>\u2019nun do\u011fall\u0131\u011f\u0131n\u0131 ve kalitesini simgeleyen zarif y\u00fcz\u00fc olarak, bu do\u011fal bal\u0131n faydalar\u0131n\u0131 sizlere aktarmaktad\u0131r.<\/p>\n<hr data-start=\"3671\" data-end=\"3674\" \/>\n<p data-start=\"3676\" data-end=\"3916\"><strong data-start=\"3676\" data-end=\"3691\">Bal\u0131n Yurdu<\/strong> olarak, <strong data-start=\"3700\" data-end=\"3711\">Ham Bal<\/strong>\u2019\u0131 do\u011fan\u0131n sundu\u011fu en saf ve en \u015fifal\u0131 haliyle sizlere sunuyoruz. <strong data-start=\"3777\" data-end=\"3787\">Balk\u0131z<\/strong> ile do\u011fan\u0131n bu e\u015fsiz arma\u011fan\u0131n\u0131 ke\u015ffedin, sa\u011fl\u0131\u011f\u0131n\u0131z\u0131 do\u011fal yollarla destekleyin ve her an\u0131n\u0131z\u0131 do\u011fan\u0131n saf g\u00fcc\u00fcyle ta\u00e7land\u0131r\u0131n!<\/p>\n","protected":false},"excerpt":{"rendered":"<p>Bal\u0131n Yurdu Ham Bal\u0131: Do\u011fall\u0131\u011f\u0131n ve Sa\u011fl\u0131\u011f\u0131n Saf Hali Bal\u0131n Yurdu, do\u011fan\u0131n en saf ve do\u011fal hediyelerini sizlere sunma misyonuyla hareket ederken, Balk\u0131z\u2019\u0131n zarif temsiliyle Ham Bal\u2019\u0131n \u015fifal\u0131 ve do\u011fal g\u00fcc\u00fcn\u00fc sofralar\u0131n\u0131za ta\u015f\u0131yor. Ham Bal, i\u015flenmemi\u015f, saf ve taze haliyle do\u011fadan en do\u011fal \u015fekilde elde edilen bal t\u00fcr\u00fcd\u00fcr. Bal\u0131n Yurdu, bu e\u015fsiz bal\u0131 hi\u00e7bir katk\u0131 [&hellip;]<\/p>\n","protected":false},"featured_media":8406,"comment_status":"open","ping_status":"closed","template":"","meta":[],"product_cat":[15],"product_tag":[],"class_list":{"0":"post-8341","1":"product","2":"type-product","3":"status-publish","4":"has-post-thumbnail","6":"product_cat-genel","8":"first","9":"instock","10":"sale","11":"taxable","12":"shipping-taxable","13":"purchasable","14":"product-type-simple"},"_links":{"self":[{"href":"https:\/\/balinyurdu.com\/index.php?rest_route=\/wp\/v2\/product\/8341","targetHints":{"allow":["GET"]}}],"collection":[{"href":"https:\/\/balinyurdu.com\/index.php?rest_route=\/wp\/v2\/product"}],"about":[{"href":"https:\/\/balinyurdu.com\/index.php?rest_route=\/wp\/v2\/types\/product"}],"replies":[{"embeddable":true,"href":"https:\/\/balinyurdu.com\/index.php?rest_route=%2Fwp%2Fv2%2Fcomments&post=8341"}],"wp:featuredmedia":[{"embeddable":true,"href":"https:\/\/balinyurdu.com\/index.php?rest_route=\/wp\/v2\/media\/8406"}],"wp:attachment":[{"href":"https:\/\/balinyurdu.com\/index.php?rest_route=%2Fwp%2Fv2%2Fmedia&parent=8341"}],"wp:term":[{"taxonomy":"product_cat","embeddable":true,"href":"https:\/\/balinyurdu.com\/index.php?rest_route=%2Fwp%2Fv2%2Fproduct_cat&post=8341"},{"taxonomy":"product_tag","embeddable":true,"href":"https:\/\/balinyurdu.com\/index.php?rest_route=%2Fwp%2Fv2%2Fproduct_tag&post=8341"}],"curies":[{"name":"wp","href":"https:\/\/api.w.org\/{rel}","templated":true}]}}