{"id":8346,"date":"2025-07-20T21:06:25","date_gmt":"2025-07-20T18:06:25","guid":{"rendered":"https:\/\/balinyurdu.com\/?post_type=product&#038;p=8346"},"modified":"2025-08-02T21:57:14","modified_gmt":"2025-08-02T18:57:14","slug":"corekotu-cicek-bali-850-gr","status":"publish","type":"product","link":"https:\/\/balinyurdu.com\/?product=corekotu-cicek-bali-850-gr","title":{"rendered":"\u00c7\u00d6REKOTU \u00c7\u0130\u00c7EK BALI 860 GR"},"content":{"rendered":"<h3 data-start=\"151\" data-end=\"214\"><strong data-start=\"155\" data-end=\"214\">Bal\u0131n Yurdu \u00c7\u00f6rekotu \u00c7i\u00e7ek Bal\u0131: Do\u011fan\u0131n M\u00fckemmel Uyumu<\/strong><\/h3>\n<p data-start=\"216\" data-end=\"806\"><strong data-start=\"216\" data-end=\"231\">Bal\u0131n Yurdu<\/strong>, do\u011fan\u0131n saf ve \u015fifal\u0131 tatlar\u0131n\u0131 sizlerle bulu\u015ftururken, <strong data-start=\"289\" data-end=\"299\">Balk\u0131z<\/strong>\u2019\u0131n zarif temsiliyle <strong data-start=\"320\" data-end=\"343\">\u00c7\u00f6rekotu \u00c7i\u00e7ek Bal\u0131<\/strong>\u2019n\u0131n e\u015fsiz do\u011fall\u0131\u011f\u0131n\u0131 ve sa\u011fl\u0131k etkilerini sofralar\u0131n\u0131za ta\u015f\u0131yor. <strong data-start=\"410\" data-end=\"433\">\u00c7\u00f6rekotu \u00c7i\u00e7ek Bal\u0131<\/strong>, \u00e7\u00f6rekotu bitkisinin nadir \u00e7i\u00e7eklerinden elde edilen, do\u011fan\u0131n en faydal\u0131 ve besleyici ballar\u0131ndan biridir. <strong data-start=\"541\" data-end=\"556\">Bal\u0131n Yurdu<\/strong>, bu benzersiz bal\u0131 hi\u00e7bir katk\u0131 maddesi kullanmadan, tamamen do\u011fall\u0131\u011f\u0131n\u0131 koruyarak sizlere sunuyor. <strong data-start=\"657\" data-end=\"667\">Balk\u0131z<\/strong>, <strong data-start=\"669\" data-end=\"684\">Bal\u0131n Yurdu<\/strong> markas\u0131n\u0131n g\u00f6rsel y\u00fcz\u00fc olarak, bu \u00f6zel bal\u0131n safl\u0131\u011f\u0131n\u0131, do\u011fal faydalar\u0131n\u0131 ve sa\u011fl\u0131k g\u00fcc\u00fcn\u00fc zarif bir \u015fekilde temsil eder.<\/p>\n<h3 data-start=\"808\" data-end=\"869\"><strong data-start=\"812\" data-end=\"869\">\u00c7\u00f6rekotu \u00c7i\u00e7ek Bal\u0131: Sa\u011fl\u0131k ve Lezzetin Saf Birle\u015fimi<\/strong><\/h3>\n<p data-start=\"871\" data-end=\"1344\"><strong data-start=\"871\" data-end=\"894\">\u00c7\u00f6rekotu \u00c7i\u00e7ek Bal\u0131<\/strong>, do\u011fan\u0131n sundu\u011fu en \u00f6zel nektarlardan biri olan \u00e7\u00f6rekotu \u00e7i\u00e7eklerinden elde edilir. \u00c7\u00f6rekotu, y\u00fczy\u0131llard\u0131r \u015fifal\u0131 \u00f6zellikleriyle bilinen bir bitkidir ve bu bal\u0131n i\u00e7eri\u011fi de ayn\u0131 \u015fekilde \u015fifa doludur. <strong data-start=\"1095\" data-end=\"1110\">Bal\u0131n Yurdu<\/strong>, <strong data-start=\"1112\" data-end=\"1135\">\u00c7\u00f6rekotu \u00c7i\u00e7ek Bal\u0131<\/strong>\u2019n\u0131 tamamen saf ve katk\u0131 maddesiz bir \u015fekilde sunarak, do\u011fan\u0131n sundu\u011fu \u015fifay\u0131 sizlere ta\u015f\u0131yor. <strong data-start=\"1230\" data-end=\"1240\">Balk\u0131z<\/strong>, <strong data-start=\"1242\" data-end=\"1257\">Bal\u0131n Yurdu<\/strong>\u2019nun zarif y\u00fcz\u00fc olarak, bu bal\u0131n do\u011fall\u0131\u011f\u0131n\u0131 ve faydalar\u0131n\u0131 zarif bir \u015fekilde simgeler.<\/p>\n<h3 data-start=\"1346\" data-end=\"1392\"><strong data-start=\"1350\" data-end=\"1392\">Neden Bal\u0131n Yurdu \u00c7\u00f6rekotu \u00c7i\u00e7ek Bal\u0131?<\/strong><\/h3>\n<p data-start=\"1394\" data-end=\"1679\">\ud83c\udf6f <strong data-start=\"1397\" data-end=\"1417\">Tam Do\u011fal ve Saf<\/strong><br data-start=\"1417\" data-end=\"1420\" \/><strong data-start=\"1420\" data-end=\"1443\">\u00c7\u00f6rekotu \u00c7i\u00e7ek Bal\u0131<\/strong>, tamamen do\u011fal bir bald\u0131r ve hi\u00e7bir i\u015fleme tabi tutulmaz. Ar\u0131lar, \u00e7\u00f6rekotu \u00e7i\u00e7eklerinin nektar\u0131n\u0131 toplayarak bu bal\u0131 \u00fcretir. <strong data-start=\"1569\" data-end=\"1579\">Balk\u0131z<\/strong>, <strong data-start=\"1581\" data-end=\"1596\">Bal\u0131n Yurdu<\/strong> markas\u0131n\u0131n g\u00f6rsel y\u00fcz\u00fc olarak, bu safl\u0131\u011f\u0131 ve do\u011fall\u0131\u011f\u0131 zarif bir \u015fekilde simgeler.<\/p>\n<p data-start=\"1681\" data-end=\"2040\">\ud83c\udf3f <strong data-start=\"1684\" data-end=\"1704\">\u015eifa Dolu \u0130\u00e7erik<\/strong><br data-start=\"1704\" data-end=\"1707\" \/><strong data-start=\"1707\" data-end=\"1730\">\u00c7\u00f6rekotu \u00c7i\u00e7ek Bal\u0131<\/strong>, \u00e7\u00f6rekotunun g\u00fc\u00e7l\u00fc \u015fifal\u0131 \u00f6zelliklerini i\u00e7erir. \u0130\u00e7eri\u011finde bolca omega-3 ya\u011f asitleri, protein, vitamin ve mineraller bulunur. Bu \u00f6zellikleri sayesinde ba\u011f\u0131\u015f\u0131kl\u0131\u011f\u0131 g\u00fc\u00e7lendirir, sindirimi destekler ve v\u00fccudu ar\u0131nd\u0131r\u0131r. <strong data-start=\"1949\" data-end=\"1959\">Balk\u0131z<\/strong>, bu faydalar\u0131 zarif bir \u015fekilde temsil eder, do\u011fan\u0131n g\u00fcc\u00fcn\u00fc sofralar\u0131n\u0131za ta\u015f\u0131r.<\/p>\n<p data-start=\"2042\" data-end=\"2372\">\ud83c\udf43 <strong data-start=\"2045\" data-end=\"2065\">Benzersiz Lezzet<\/strong><br data-start=\"2065\" data-end=\"2068\" \/><strong data-start=\"2068\" data-end=\"2091\">\u00c7\u00f6rekotu \u00c7i\u00e7ek Bal\u0131<\/strong>, kendine \u00f6zg\u00fc, hafif ac\u0131ms\u0131 ama tatl\u0131 bir lezzet profiline sahiptir. Efsanevi \u00e7\u00f6rekotu \u00e7i\u00e7eklerinin \u00f6z\u00fcnden gelen bu bal, ayn\u0131 zamanda yo\u011fun bir aroma sunar. <strong data-start=\"2250\" data-end=\"2260\">Balk\u0131z<\/strong>, bu bal\u0131n kendine has lezzetini simgeler, her kavanozda do\u011fan\u0131n taze ve saf g\u00fcc\u00fcn\u00fc hissettiren bir tat b\u0131rak\u0131r.<\/p>\n<h3 data-start=\"2374\" data-end=\"2416\"><strong data-start=\"2378\" data-end=\"2416\">\u00c7\u00f6rekotu \u00c7i\u00e7ek Bal\u0131\u2019n\u0131n Faydalar\u0131:<\/strong><\/h3>\n<ul data-start=\"2417\" data-end=\"3077\">\n<li data-start=\"2417\" data-end=\"2523\">\n<p data-start=\"2419\" data-end=\"2523\"><strong data-start=\"2419\" data-end=\"2451\">Ba\u011f\u0131\u015f\u0131kl\u0131k Sistemi Dostudur:<\/strong> \u00c7\u00f6rekotu, ba\u011f\u0131\u015f\u0131kl\u0131k sistemini g\u00fc\u00e7lendirir ve hastal\u0131klara kar\u015f\u0131 korur.<\/p>\n<\/li>\n<li data-start=\"2524\" data-end=\"2649\">\n<p data-start=\"2526\" data-end=\"2649\"><strong data-start=\"2526\" data-end=\"2561\">Sindirim Sa\u011fl\u0131\u011f\u0131n\u0131 \u0130yile\u015ftirir:<\/strong> \u00c7\u00f6rekotu bal\u0131, sindirimi d\u00fczenler, mideyi rahatlat\u0131r ve ba\u011f\u0131rsak sa\u011fl\u0131\u011f\u0131n\u0131 iyile\u015ftirir.<\/p>\n<\/li>\n<li data-start=\"2650\" data-end=\"2759\">\n<p data-start=\"2652\" data-end=\"2759\"><strong data-start=\"2652\" data-end=\"2675\">Antioksidan Etkisi:<\/strong> V\u00fccudu serbest radikallere kar\u015f\u0131 korur, h\u00fccreleri yeniler ve ya\u015flanmay\u0131 yava\u015flat\u0131r.<\/p>\n<\/li>\n<li data-start=\"2760\" data-end=\"2863\">\n<p data-start=\"2762\" data-end=\"2863\"><strong data-start=\"2762\" data-end=\"2791\">Cilt Sa\u011fl\u0131\u011f\u0131n\u0131 Destekler:<\/strong> Cildi besler, iltihaplar\u0131 azalt\u0131r ve cildin do\u011fal parlakl\u0131\u011f\u0131n\u0131 art\u0131r\u0131r.<\/p>\n<\/li>\n<li data-start=\"2864\" data-end=\"2988\">\n<p data-start=\"2866\" data-end=\"2988\"><strong data-start=\"2866\" data-end=\"2890\">A\u011fr\u0131lar\u0131 Hafifletir:<\/strong> \u00c7\u00f6rekotunun do\u011fal a\u011fr\u0131 kesici etkileri, ba\u015f a\u011fr\u0131s\u0131 ve kas a\u011fr\u0131lar\u0131 gibi sorunlar\u0131 hafifletebilir.<\/p>\n<\/li>\n<li data-start=\"2989\" data-end=\"3077\">\n<p data-start=\"2991\" data-end=\"3077\"><strong data-start=\"2991\" data-end=\"3017\">Detoks Etkisi Yarat\u0131r:<\/strong> V\u00fccuttaki toksinleri temizler ve genel sa\u011fl\u0131\u011f\u0131 iyile\u015ftirir.<\/p>\n<\/li>\n<\/ul>\n<h3 data-start=\"3079\" data-end=\"3128\"><strong data-start=\"3083\" data-end=\"3128\">Balk\u0131z ile Do\u011fan\u0131n \u015eifal\u0131 G\u00fcc\u00fcn\u00fc Ke\u015ffedin<\/strong><\/h3>\n<p data-start=\"3130\" data-end=\"3514\"><strong data-start=\"3130\" data-end=\"3140\">Balk\u0131z<\/strong>, <strong data-start=\"3142\" data-end=\"3157\">Bal\u0131n Yurdu<\/strong> markas\u0131n\u0131n zarif y\u00fcz\u00fc olarak, <strong data-start=\"3188\" data-end=\"3211\">\u00c7\u00f6rekotu \u00c7i\u00e7ek Bal\u0131<\/strong>\u2019n\u0131n do\u011fall\u0131\u011f\u0131n\u0131 ve \u015fifal\u0131 etkilerini simgeler. <strong data-start=\"3259\" data-end=\"3274\">Bal\u0131n Yurdu<\/strong>, <strong data-start=\"3276\" data-end=\"3299\">\u00c7\u00f6rekotu \u00c7i\u00e7ek Bal\u0131<\/strong>\u2019n\u0131, do\u011fan\u0131n sundu\u011fu en saf ve en g\u00fc\u00e7l\u00fc haliyle sizlere sunar. <strong data-start=\"3362\" data-end=\"3372\">Balk\u0131z<\/strong>, bu bal\u0131n sa\u011fl\u0131k a\u00e7\u0131s\u0131ndan sundu\u011fu t\u00fcm faydalar\u0131 zarif bir \u015fekilde temsil eder, her bir kavanozda do\u011fan\u0131n sundu\u011fu \u015fifay\u0131 ke\u015ffetmenizi sa\u011flar.<\/p>\n<h3 data-start=\"3516\" data-end=\"3562\"><strong data-start=\"3520\" data-end=\"3562\">\u00c7\u00f6rekotu \u00c7i\u00e7ek Bal\u0131 ile Sa\u011fl\u0131kl\u0131 Ya\u015fam<\/strong><\/h3>\n<p data-start=\"3564\" data-end=\"3877\"><strong data-start=\"3564\" data-end=\"3599\">Bal\u0131n Yurdu \u00c7\u00f6rekotu \u00c7i\u00e7ek Bal\u0131<\/strong>, do\u011fan\u0131n \u015fifa dolu mucizelerinden biridir. Ba\u011f\u0131\u015f\u0131kl\u0131\u011f\u0131n\u0131z\u0131 g\u00fc\u00e7lendirir, sindirim sa\u011fl\u0131\u011f\u0131n\u0131z\u0131 iyile\u015ftirir, cildinizi besler ve enerjinizi art\u0131r\u0131r. <strong data-start=\"3746\" data-end=\"3756\">Balk\u0131z<\/strong>, <strong data-start=\"3758\" data-end=\"3773\">Bal\u0131n Yurdu<\/strong>\u2019nun kalitesini ve do\u011fall\u0131\u011f\u0131n\u0131 simgeleyen zarif y\u00fcz\u00fc olarak, bu do\u011fal bal\u0131n faydalar\u0131n\u0131 sizlere aktar\u0131r.<\/p>\n<hr data-start=\"3879\" data-end=\"3882\" \/>\n<p data-start=\"3884\" data-end=\"4137\"><strong data-start=\"3884\" data-end=\"3899\">Bal\u0131n Yurdu<\/strong> olarak, <strong data-start=\"3908\" data-end=\"3931\">\u00c7\u00f6rekotu \u00c7i\u00e7ek Bal\u0131<\/strong>\u2019n\u0131 do\u011fan\u0131n sundu\u011fu en saf ve en \u015fifal\u0131 haliyle sizlere sunuyoruz. <strong data-start=\"3998\" data-end=\"4008\">Balk\u0131z<\/strong> ile do\u011fan\u0131n bu e\u015fsiz arma\u011fan\u0131n\u0131 ke\u015ffedin, sa\u011fl\u0131\u011f\u0131n\u0131z\u0131 do\u011fal yollarla destekleyin ve her an\u0131n\u0131z\u0131 do\u011fan\u0131n saf g\u00fcc\u00fcyle ta\u00e7land\u0131r\u0131n!<\/p>\n","protected":false},"excerpt":{"rendered":"<p>Bal\u0131n Yurdu \u00c7\u00f6rekotu \u00c7i\u00e7ek Bal\u0131: Do\u011fan\u0131n M\u00fckemmel Uyumu Bal\u0131n Yurdu, do\u011fan\u0131n saf ve \u015fifal\u0131 tatlar\u0131n\u0131 sizlerle bulu\u015ftururken, Balk\u0131z\u2019\u0131n zarif temsiliyle \u00c7\u00f6rekotu \u00c7i\u00e7ek Bal\u0131\u2019n\u0131n e\u015fsiz do\u011fall\u0131\u011f\u0131n\u0131 ve sa\u011fl\u0131k etkilerini sofralar\u0131n\u0131za ta\u015f\u0131yor. \u00c7\u00f6rekotu \u00c7i\u00e7ek Bal\u0131, \u00e7\u00f6rekotu bitkisinin nadir \u00e7i\u00e7eklerinden elde edilen, do\u011fan\u0131n en faydal\u0131 ve besleyici ballar\u0131ndan biridir. Bal\u0131n Yurdu, bu benzersiz bal\u0131 hi\u00e7bir katk\u0131 maddesi kullanmadan, [&hellip;]<\/p>\n","protected":false},"featured_media":8348,"comment_status":"open","ping_status":"closed","template":"","meta":[],"product_cat":[15,106],"product_tag":[],"class_list":{"0":"post-8346","1":"product","2":"type-product","3":"status-publish","4":"has-post-thumbnail","6":"product_brand-balinyurdu","7":"product_cat-genel","8":"product_cat-ozelballar","10":"first","11":"instock","12":"sale","13":"taxable","14":"shipping-taxable","15":"purchasable","16":"product-type-simple"},"_links":{"self":[{"href":"https:\/\/balinyurdu.com\/index.php?rest_route=\/wp\/v2\/product\/8346","targetHints":{"allow":["GET"]}}],"collection":[{"href":"https:\/\/balinyurdu.com\/index.php?rest_route=\/wp\/v2\/product"}],"about":[{"href":"https:\/\/balinyurdu.com\/index.php?rest_route=\/wp\/v2\/types\/product"}],"replies":[{"embeddable":true,"href":"https:\/\/balinyurdu.com\/index.php?rest_route=%2Fwp%2Fv2%2Fcomments&post=8346"}],"wp:featuredmedia":[{"embeddable":true,"href":"https:\/\/balinyurdu.com\/index.php?rest_route=\/wp\/v2\/media\/8348"}],"wp:attachment":[{"href":"https:\/\/balinyurdu.com\/index.php?rest_route=%2Fwp%2Fv2%2Fmedia&parent=8346"}],"wp:term":[{"taxonomy":"product_cat","embeddable":true,"href":"https:\/\/balinyurdu.com\/index.php?rest_route=%2Fwp%2Fv2%2Fproduct_cat&post=8346"},{"taxonomy":"product_tag","embeddable":true,"href":"https:\/\/balinyurdu.com\/index.php?rest_route=%2Fwp%2Fv2%2Fproduct_tag&post=8346"}],"curies":[{"name":"wp","href":"https:\/\/api.w.org\/{rel}","templated":true}]}}