{"id":8401,"date":"2025-07-27T19:47:13","date_gmt":"2025-07-27T16:47:13","guid":{"rendered":"https:\/\/balinyurdu.com\/?post_type=product&#038;p=8401"},"modified":"2025-08-02T21:52:37","modified_gmt":"2025-08-02T18:52:37","slug":"kestane-bali-450-gr","status":"publish","type":"product","link":"https:\/\/balinyurdu.com\/?product=kestane-bali-450-gr","title":{"rendered":"KAZDA\u011eLARI KESTANE BALI 450 GR"},"content":{"rendered":"<h3 data-start=\"155\" data-end=\"224\"><strong data-start=\"159\" data-end=\"224\">Bal\u0131n Yurdu Kazda\u011flar\u0131 Kestane Bal\u0131: Do\u011fan\u0131n Efsanevi Lezzeti<\/strong><\/h3>\n<p data-start=\"226\" data-end=\"742\"><strong data-start=\"226\" data-end=\"241\">Bal\u0131n Yurdu<\/strong>, do\u011fan\u0131n en saf ve e\u015fsiz tatlar\u0131n\u0131 sizlere sunmak i\u00e7in var.\u00a0<strong data-start=\"302\" data-end=\"312\">Balk\u0131z<\/strong>,\u00a0<strong data-start=\"314\" data-end=\"329\">Bal\u0131n Yurdu<\/strong>\u00a0markas\u0131n\u0131n g\u00f6rsel y\u00fcz\u00fc olarak,\u00a0<strong data-start=\"361\" data-end=\"388\">Kazda\u011flar\u0131 Kestane Bal\u0131<\/strong>\u2019n\u0131n do\u011fall\u0131\u011f\u0131n\u0131, lezzetini ve \u015fifal\u0131 etkilerini zarif bir \u015fekilde temsil eder.\u00a0<strong data-start=\"468\" data-end=\"495\">Kazda\u011flar\u0131 Kestane Bal\u0131<\/strong>, bu b\u00f6lgenin zengin do\u011fas\u0131nda yeti\u015fen kestane a\u011fa\u00e7lar\u0131n\u0131n \u00e7i\u00e7eklerinden ar\u0131lar taraf\u0131ndan toplanan nektarla \u00fcretilir. Kendine has ac\u0131ms\u0131 ve yo\u011fun aromas\u0131yla, sa\u011fl\u0131k a\u00e7\u0131s\u0131ndan pek \u00e7ok fayda sunan bu bal, do\u011fan\u0131n en de\u011ferli arma\u011fanlar\u0131ndan biridir.<\/p>\n<h3 data-start=\"744\" data-end=\"807\"><strong data-start=\"748\" data-end=\"807\">Kazda\u011flar\u0131 Kestane Bal\u0131: Do\u011fan\u0131n G\u00fcc\u00fc ve Sa\u011fl\u0131k Kayna\u011f\u0131<\/strong><\/h3>\n<p data-start=\"809\" data-end=\"1279\"><strong data-start=\"809\" data-end=\"823\">Kazda\u011flar\u0131<\/strong>, T\u00fcrkiye\u2019nin en saf ve zengin do\u011fal alanlar\u0131ndan biridir. Bu b\u00f6lgenin kestane a\u011fa\u00e7lar\u0131, ar\u0131lar i\u00e7in m\u00fckemmel bir kaynak olu\u015fturur ve\u00a0<strong data-start=\"957\" data-end=\"984\">Kazda\u011flar\u0131 Kestane Bal\u0131<\/strong>, bu do\u011fal zenginliklerin bir yans\u0131mas\u0131d\u0131r.\u00a0<strong data-start=\"1028\" data-end=\"1043\">Bal\u0131n Yurdu<\/strong>\u00a0olarak, bu e\u015fsiz bal\u0131 saf haliyle ve katk\u0131 maddesi olmadan sizlere sunuyoruz.\u00a0<strong data-start=\"1122\" data-end=\"1132\">Balk\u0131z<\/strong>, bu do\u011fal \u00fcr\u00fcn\u00fcn \u015fifas\u0131n\u0131 ve g\u00fcc\u00fcn\u00fc zarif bir \u015fekilde temsil ederken,\u00a0<strong data-start=\"1203\" data-end=\"1218\">Bal\u0131n Yurdu<\/strong>\u00a0markas\u0131n\u0131n do\u011fall\u0131k ve kaliteye olan ba\u011fl\u0131l\u0131\u011f\u0131n\u0131 simgeliyor.<\/p>\n<h3 data-start=\"1281\" data-end=\"1331\"><strong data-start=\"1285\" data-end=\"1331\">Neden Bal\u0131n Yurdu Kazda\u011flar\u0131 Kestane Bal\u0131?<\/strong><\/h3>\n<p data-start=\"1333\" data-end=\"1665\">\ud83c\udf6f\u00a0<strong data-start=\"1336\" data-end=\"1356\">Tam Do\u011fal ve Saf<\/strong><br data-start=\"1356\" data-end=\"1359\" \/><strong data-start=\"1359\" data-end=\"1386\">Kazda\u011flar\u0131 Kestane Bal\u0131<\/strong>,\u00a0<strong data-start=\"1388\" data-end=\"1403\">Bal\u0131n Yurdu<\/strong>\u00a0fark\u0131yla tamamen do\u011fal ve katk\u0131s\u0131z olarak sunulmaktad\u0131r. Hi\u00e7bir i\u015fleme tabi tutulmaz, bu da bal\u0131n t\u00fcm vitamin ve mineral de\u011ferlerinin korunmas\u0131n\u0131 sa\u011flar.\u00a0<strong data-start=\"1558\" data-end=\"1568\">Balk\u0131z<\/strong>, bu safl\u0131\u011f\u0131 ve do\u011fall\u0131\u011f\u0131 simgeler, her kavanozda do\u011fan\u0131n en de\u011ferli arma\u011fan\u0131n\u0131 bulman\u0131z\u0131 sa\u011flar.<\/p>\n<p data-start=\"1667\" data-end=\"2103\">\ud83c\udf3f\u00a0<strong data-start=\"1670\" data-end=\"1705\">Zengin \u0130\u00e7erik ve G\u00fc\u00e7l\u00fc Faydalar<\/strong><br data-start=\"1705\" data-end=\"1708\" \/><strong data-start=\"1708\" data-end=\"1724\">Kestane Bal\u0131<\/strong>, sahip oldu\u011fu benzersiz mineral ve vitamin i\u00e7eri\u011fiyle sa\u011fl\u0131\u011f\u0131n\u0131z\u0131 destekler. Bu bal, demir, magnezyum, kalsiyum ve potasyum gibi \u00f6nemli besin \u00f6\u011feleriyle doludur. Ayr\u0131ca, kestane bal\u0131, g\u00fc\u00e7l\u00fc\u00a0<strong data-start=\"1915\" data-end=\"1933\">antibakteriyel<\/strong>\u00a0\u00f6zelliklere sahip olup ba\u011f\u0131\u015f\u0131kl\u0131k sisteminizi g\u00fc\u00e7lendirir ve v\u00fccudunuzun do\u011fal savunma mekanizmalar\u0131n\u0131 destekler.\u00a0<strong data-start=\"2048\" data-end=\"2058\">Balk\u0131z<\/strong>, bu \u015fifal\u0131 bal\u0131n zarif ve etkili simgesidir.<\/p>\n<p data-start=\"2105\" data-end=\"2416\">\ud83c\udf43\u00a0<strong data-start=\"2108\" data-end=\"2138\">Y\u00fcksek Antibakteriyel Etki<\/strong><br data-start=\"2138\" data-end=\"2141\" \/><strong data-start=\"2141\" data-end=\"2168\">Kazda\u011flar\u0131 Kestane Bal\u0131<\/strong>, do\u011fal antibakteriyel \u00f6zelliklere sahip oldu\u011fu i\u00e7in enfeksiyonlarla m\u00fccadelede \u00f6nemli bir rol oynar.\u00a0<strong data-start=\"2270\" data-end=\"2280\">Balk\u0131z<\/strong>,\u00a0<strong data-start=\"2282\" data-end=\"2297\">Bal\u0131n Yurdu<\/strong>\u2019nun sa\u011fl\u0131kl\u0131 ve do\u011fal bal sunma misyonunu en saf \u015fekilde temsil ederken, bu g\u00fc\u00e7l\u00fc antibakteriyel etkiyi sizlere sunar.<\/p>\n<h3 data-start=\"2418\" data-end=\"2464\"><strong data-start=\"2422\" data-end=\"2464\">Kazda\u011flar\u0131 Kestane Bal\u0131\u2019n\u0131n Faydalar\u0131:<\/strong><\/h3>\n<ul data-start=\"2465\" data-end=\"2972\">\n<li data-start=\"2465\" data-end=\"2578\">\n<p data-start=\"2467\" data-end=\"2578\"><strong data-start=\"2467\" data-end=\"2504\">Ba\u011f\u0131\u015f\u0131kl\u0131k Sistemini G\u00fc\u00e7lendirir:<\/strong>\u00a0Antibakteriyel \u00f6zellikleri sayesinde v\u00fccudunuzu hastal\u0131klara kar\u015f\u0131 korur.<\/p>\n<\/li>\n<li data-start=\"2579\" data-end=\"2680\">\n<p data-start=\"2581\" data-end=\"2680\"><strong data-start=\"2581\" data-end=\"2608\">Zengin Mineral \u0130\u00e7eri\u011fi:<\/strong>\u00a0Demir, magnezyum, potasyum ve kalsiyum gibi minerallerle v\u00fccudu besler.<\/p>\n<\/li>\n<li data-start=\"2681\" data-end=\"2793\">\n<p data-start=\"2683\" data-end=\"2793\"><strong data-start=\"2683\" data-end=\"2716\">Sindirim Sa\u011fl\u0131\u011f\u0131n\u0131 Destekler:<\/strong>\u00a0Mideyi yat\u0131\u015ft\u0131r\u0131r, sindirimi d\u00fczenler ve kab\u0131zl\u0131k gibi sorunlar\u0131 hafifletir.<\/p>\n<\/li>\n<li data-start=\"2794\" data-end=\"2872\">\n<p data-start=\"2796\" data-end=\"2872\"><strong data-start=\"2796\" data-end=\"2813\">Enerji Verir:<\/strong>\u00a0Y\u00fcksek do\u011fal \u015feker i\u00e7eri\u011fi ile v\u00fccuda h\u0131zl\u0131 enerji sa\u011flar.<\/p>\n<\/li>\n<li data-start=\"2873\" data-end=\"2972\">\n<p data-start=\"2875\" data-end=\"2972\"><strong data-start=\"2875\" data-end=\"2898\">Antioksidan Etkisi:<\/strong>\u00a0V\u00fccudu serbest radikallere kar\u015f\u0131 korur ve h\u00fccresel yenilenmeyi destekler.<\/p>\n<\/li>\n<\/ul>\n<h3 data-start=\"2974\" data-end=\"3012\"><strong data-start=\"2978\" data-end=\"3012\">Balk\u0131z ile Do\u011fan\u0131n \u015eifal\u0131 G\u00fcc\u00fc<\/strong><\/h3>\n<p data-start=\"3014\" data-end=\"3380\"><strong data-start=\"3014\" data-end=\"3024\">Balk\u0131z<\/strong>,\u00a0<strong data-start=\"3026\" data-end=\"3041\">Bal\u0131n Yurdu<\/strong>\u00a0markas\u0131n\u0131n g\u00f6rsel y\u00fcz\u00fc olarak,\u00a0<strong data-start=\"3073\" data-end=\"3100\">Kazda\u011flar\u0131 Kestane Bal\u0131<\/strong>\u2019n\u0131n t\u00fcm \u015fifal\u0131 etkilerini zarif bir \u015fekilde simgeler.\u00a0<strong data-start=\"3155\" data-end=\"3194\">Bal\u0131n Yurdu Kazda\u011flar\u0131 Kestane Bal\u0131<\/strong>, do\u011fan\u0131n g\u00fcc\u00fcn\u00fc ve sa\u011fl\u0131kl\u0131 lezzetini sofralar\u0131n\u0131za getirirken,\u00a0<strong data-start=\"3259\" data-end=\"3269\">Balk\u0131z<\/strong>\u00a0da bu do\u011fal bal\u0131n en saf halini sizlere sunar. Her bir damlas\u0131, do\u011fan\u0131n sundu\u011fu en zengin i\u00e7eriklerle doludur.<\/p>\n<p data-start=\"3382\" data-end=\"3613\"><strong data-start=\"3382\" data-end=\"3392\">Balk\u0131z<\/strong>,\u00a0<strong data-start=\"3394\" data-end=\"3409\">Bal\u0131n Yurdu<\/strong>\u2019nun do\u011fal ve katk\u0131s\u0131z bal sunma felsefesini en zarif \u015fekilde temsil eder.\u00a0<strong data-start=\"3484\" data-end=\"3511\">Kazda\u011flar\u0131 Kestane Bal\u0131<\/strong>, lezzeti ve sa\u011fl\u0131\u011fa faydalar\u0131yla v\u00fccudunuzu besler, ba\u011f\u0131\u015f\u0131kl\u0131\u011f\u0131n\u0131z\u0131 g\u00fc\u00e7lendirir ve size enerji verir.<\/p>\n<h3 data-start=\"3615\" data-end=\"3665\"><strong data-start=\"3619\" data-end=\"3665\">Kazda\u011flar\u0131 Kestane Bal\u0131 ile Sa\u011fl\u0131kl\u0131 Ya\u015fam<\/strong><\/h3>\n<p data-start=\"3667\" data-end=\"4008\"><strong data-start=\"3667\" data-end=\"3706\">Bal\u0131n Yurdu Kazda\u011flar\u0131 Kestane Bal\u0131<\/strong>, do\u011fan\u0131n en saf ve \u015fifal\u0131 bal t\u00fcrlerinden biridir.\u00a0<strong data-start=\"3758\" data-end=\"3768\">Balk\u0131z<\/strong>,\u00a0<strong data-start=\"3770\" data-end=\"3785\">Bal\u0131n Yurdu<\/strong>\u2019nun kalitesini, do\u011fall\u0131\u011f\u0131n\u0131 ve sa\u011fl\u0131kla olan ba\u011f\u0131n\u0131 simgeler.\u00a0<strong data-start=\"3848\" data-end=\"3875\">Kazda\u011flar\u0131 Kestane Bal\u0131<\/strong>, her bir damlas\u0131nda do\u011fan\u0131n t\u00fcm \u015fifal\u0131 \u00f6zelliklerini bar\u0131nd\u0131r\u0131r. Bu do\u011fal bal, hem lezzetli hem de sa\u011fl\u0131kl\u0131 ya\u015fam\u0131n\u0131za katk\u0131 sa\u011flar.<\/p>\n","protected":false},"excerpt":{"rendered":"<p>Bal\u0131n Yurdu Kazda\u011flar\u0131 Kestane Bal\u0131: Do\u011fan\u0131n Efsanevi Lezzeti Bal\u0131n Yurdu, do\u011fan\u0131n en saf ve e\u015fsiz tatlar\u0131n\u0131 sizlere sunmak i\u00e7in var.\u00a0Balk\u0131z,\u00a0Bal\u0131n Yurdu\u00a0markas\u0131n\u0131n g\u00f6rsel y\u00fcz\u00fc olarak,\u00a0Kazda\u011flar\u0131 Kestane Bal\u0131\u2019n\u0131n do\u011fall\u0131\u011f\u0131n\u0131, lezzetini ve \u015fifal\u0131 etkilerini zarif bir \u015fekilde temsil eder.\u00a0Kazda\u011flar\u0131 Kestane Bal\u0131, bu b\u00f6lgenin zengin do\u011fas\u0131nda yeti\u015fen kestane a\u011fa\u00e7lar\u0131n\u0131n \u00e7i\u00e7eklerinden ar\u0131lar taraf\u0131ndan toplanan nektarla \u00fcretilir. Kendine has ac\u0131ms\u0131 ve [&hellip;]<\/p>\n","protected":false},"featured_media":8402,"comment_status":"open","ping_status":"closed","template":"","meta":[],"product_cat":[15,110,106],"product_tag":[],"class_list":{"0":"post-8401","1":"product","2":"type-product","3":"status-publish","4":"has-post-thumbnail","6":"product_cat-genel","7":"product_cat-denemeboyballar","8":"product_cat-ozelballar","10":"first","11":"instock","12":"sale","13":"taxable","14":"shipping-taxable","15":"purchasable","16":"product-type-simple"},"_links":{"self":[{"href":"https:\/\/balinyurdu.com\/index.php?rest_route=\/wp\/v2\/product\/8401","targetHints":{"allow":["GET"]}}],"collection":[{"href":"https:\/\/balinyurdu.com\/index.php?rest_route=\/wp\/v2\/product"}],"about":[{"href":"https:\/\/balinyurdu.com\/index.php?rest_route=\/wp\/v2\/types\/product"}],"replies":[{"embeddable":true,"href":"https:\/\/balinyurdu.com\/index.php?rest_route=%2Fwp%2Fv2%2Fcomments&post=8401"}],"wp:featuredmedia":[{"embeddable":true,"href":"https:\/\/balinyurdu.com\/index.php?rest_route=\/wp\/v2\/media\/8402"}],"wp:attachment":[{"href":"https:\/\/balinyurdu.com\/index.php?rest_route=%2Fwp%2Fv2%2Fmedia&parent=8401"}],"wp:term":[{"taxonomy":"product_cat","embeddable":true,"href":"https:\/\/balinyurdu.com\/index.php?rest_route=%2Fwp%2Fv2%2Fproduct_cat&post=8401"},{"taxonomy":"product_tag","embeddable":true,"href":"https:\/\/balinyurdu.com\/index.php?rest_route=%2Fwp%2Fv2%2Fproduct_tag&post=8401"}],"curies":[{"name":"wp","href":"https:\/\/api.w.org\/{rel}","templated":true}]}}