{"id":8460,"date":"2025-07-30T10:25:17","date_gmt":"2025-07-30T07:25:17","guid":{"rendered":"https:\/\/balinyurdu.com\/?post_type=product&#038;p=8460"},"modified":"2025-08-09T17:50:47","modified_gmt":"2025-08-09T14:50:47","slug":"bingol-suzme-cicek-bali-25kg","status":"publish","type":"product","link":"https:\/\/balinyurdu.com\/?product=bingol-suzme-cicek-bali-25kg","title":{"rendered":"B\u0130NG\u00d6L S\u00dcZME \u00c7\u0130\u00c7EK BALI 25KG"},"content":{"rendered":"<h1 style=\"text-align: left;\"><\/h1>\n","protected":false},"excerpt":{"rendered":"","protected":false},"featured_media":8461,"comment_status":"open","ping_status":"closed","template":"","meta":[],"product_cat":[15,64,107],"product_tag":[],"class_list":{"0":"post-8460","1":"product","2":"type-product","3":"status-publish","4":"has-post-thumbnail","6":"product_brand-balinyurdu","7":"product_cat-genel","8":"product_cat-bingol-yoresi-urunleri","9":"product_cat-toptanbalsatisi","11":"first","12":"instock","13":"sale","14":"taxable","15":"shipping-taxable","16":"purchasable","17":"product-type-simple"},"_links":{"self":[{"href":"https:\/\/balinyurdu.com\/index.php?rest_route=\/wp\/v2\/product\/8460","targetHints":{"allow":["GET"]}}],"collection":[{"href":"https:\/\/balinyurdu.com\/index.php?rest_route=\/wp\/v2\/product"}],"about":[{"href":"https:\/\/balinyurdu.com\/index.php?rest_route=\/wp\/v2\/types\/product"}],"replies":[{"embeddable":true,"href":"https:\/\/balinyurdu.com\/index.php?rest_route=%2Fwp%2Fv2%2Fcomments&post=8460"}],"wp:featuredmedia":[{"embeddable":true,"href":"https:\/\/balinyurdu.com\/index.php?rest_route=\/wp\/v2\/media\/8461"}],"wp:attachment":[{"href":"https:\/\/balinyurdu.com\/index.php?rest_route=%2Fwp%2Fv2%2Fmedia&parent=8460"}],"wp:term":[{"taxonomy":"product_cat","embeddable":true,"href":"https:\/\/balinyurdu.com\/index.php?rest_route=%2Fwp%2Fv2%2Fproduct_cat&post=8460"},{"taxonomy":"product_tag","embeddable":true,"href":"https:\/\/balinyurdu.com\/index.php?rest_route=%2Fwp%2Fv2%2Fproduct_tag&post=8460"}],"curies":[{"name":"wp","href":"https:\/\/api.w.org\/{rel}","templated":true}]}}