{"id":8467,"date":"2025-08-02T22:09:34","date_gmt":"2025-08-02T19:09:34","guid":{"rendered":"https:\/\/balinyurdu.com\/?post_type=product&#038;p=8467"},"modified":"2025-08-02T22:09:36","modified_gmt":"2025-08-02T19:09:36","slug":"kazdaglari-mese-bali-450-gr","status":"publish","type":"product","link":"https:\/\/balinyurdu.com\/?product=kazdaglari-mese-bali-450-gr","title":{"rendered":"KAZDA\u011eLARI ME\u015eE BALI 450 GR"},"content":{"rendered":"<h3 data-start=\"141\" data-end=\"197\"><strong data-start=\"145\" data-end=\"197\">Bal\u0131n Yurdu Me\u015fe Bal\u0131: Do\u011fan\u0131n En G\u00fc\u00e7l\u00fc Arma\u011fan\u0131<\/strong><\/h3>\n<p data-start=\"199\" data-end=\"577\"><strong data-start=\"199\" data-end=\"214\">Bal\u0131n Yurdu<\/strong>, do\u011fan\u0131n sundu\u011fu en saf ve kaliteli \u00fcr\u00fcnleri sizlere ula\u015ft\u0131rman\u0131n gururunu ta\u015f\u0131rken,\u00a0<strong data-start=\"300\" data-end=\"310\">Balk\u0131z<\/strong>\u2018\u0131n zarif temsiliyle\u00a0<strong data-start=\"331\" data-end=\"344\">Me\u015fe Bal\u0131<\/strong>\u2019n\u0131n e\u015fsiz do\u011fall\u0131\u011f\u0131n\u0131, lezzetini ve \u015fifas\u0131n\u0131 sofralar\u0131n\u0131za ta\u015f\u0131yor.\u00a0<strong data-start=\"413\" data-end=\"426\">Me\u015fe Bal\u0131<\/strong>, me\u015fe a\u011fa\u00e7lar\u0131n\u0131n salg\u0131lar\u0131ndan ar\u0131lar\u0131n toplad\u0131\u011f\u0131 nektar ile \u00fcretilir ve bu \u00f6zel bal, sahip oldu\u011fu e\u015fsiz \u00f6zelliklerle sa\u011fl\u0131\u011f\u0131n\u0131za b\u00fcy\u00fck katk\u0131 sa\u011flar.<\/p>\n<h3 data-start=\"579\" data-end=\"630\"><strong data-start=\"583\" data-end=\"630\">Me\u015fe Bal\u0131: G\u00fc\u00e7l\u00fc ve \u015eifal\u0131 Do\u011fal Bir Hazine<\/strong><\/h3>\n<p data-start=\"632\" data-end=\"1045\"><strong data-start=\"632\" data-end=\"645\">Me\u015fe Bal\u0131<\/strong>, yaln\u0131zca me\u015fe a\u011fa\u00e7lar\u0131n\u0131n \u00fczerinde ya\u015fayan b\u00f6ceklerin salg\u0131lad\u0131\u011f\u0131 nektarlardan elde edilir. Bu t\u00fcr bal, zengin mineral i\u00e7eri\u011fi ve koyu rengiyle bilinir.\u00a0<strong data-start=\"800\" data-end=\"825\">Bal\u0131n Yurdu Me\u015fe Bal\u0131<\/strong>,\u00a0<strong data-start=\"827\" data-end=\"837\">Balk\u0131z<\/strong>\u2019\u0131n temsil etti\u011fi safl\u0131\u011f\u0131 ve do\u011fall\u0131\u011f\u0131 simgelerken, do\u011fan\u0131n t\u00fcm g\u00fcc\u00fcn\u00fc ve \u015fifas\u0131n\u0131 sofralar\u0131n\u0131za ta\u015f\u0131r. Me\u015fe bal\u0131, i\u00e7erdi\u011fi do\u011fal besin maddeleri ile v\u00fccudunuzu besler ve sa\u011fl\u0131k a\u00e7\u0131s\u0131ndan bir\u00e7ok fayda sa\u011flar.<\/p>\n<h3 data-start=\"1047\" data-end=\"1083\"><strong data-start=\"1051\" data-end=\"1083\">Neden Bal\u0131n Yurdu Me\u015fe Bal\u0131?<\/strong><\/h3>\n<p data-start=\"1085\" data-end=\"1372\">\ud83c\udf6f\u00a0<strong data-start=\"1088\" data-end=\"1104\">Do\u011fal ve Saf<\/strong><br data-start=\"1104\" data-end=\"1107\" \/><strong data-start=\"1107\" data-end=\"1132\">Bal\u0131n Yurdu Me\u015fe Bal\u0131<\/strong>, hi\u00e7bir katk\u0131 maddesi ve i\u015flem g\u00f6rmeden tamamen do\u011fadan gelir. Ar\u0131lar, me\u015fe a\u011fa\u00e7lar\u0131n\u0131n salg\u0131lar\u0131ndan nektar toplayarak bu bal\u0131 \u00fcretir.\u00a0<strong data-start=\"1269\" data-end=\"1279\">Balk\u0131z<\/strong>, bu do\u011fall\u0131\u011f\u0131 ve safl\u0131\u011f\u0131 simgeliyor ve her bir kavanozda do\u011fan\u0131n saf g\u00fcc\u00fcn\u00fc sizlere sunuyor.<\/p>\n<p data-start=\"1374\" data-end=\"1717\">\ud83c\udf3f\u00a0<strong data-start=\"1377\" data-end=\"1414\">Zengin \u0130\u00e7erik ve Sa\u011fl\u0131k Faydalar\u0131<\/strong><br data-start=\"1414\" data-end=\"1417\" \/><strong data-start=\"1417\" data-end=\"1430\">Me\u015fe Bal\u0131<\/strong>, zengin bir mineral kayna\u011f\u0131d\u0131r. Demir, kalsiyum, magnezyum ve potasyum gibi v\u00fccudumuz i\u00e7in gerekli mineralleri i\u00e7erir. Ayr\u0131ca, do\u011fal bir antibakteriyel etkiye sahiptir. Bu \u00f6zellikleriyle ba\u011f\u0131\u015f\u0131kl\u0131k sistemini g\u00fc\u00e7lendirir, sindirim sistemini d\u00fczenler ve v\u00fccudun genel sa\u011fl\u0131\u011f\u0131n\u0131 destekler.<\/p>\n<p data-start=\"1719\" data-end=\"2002\">\ud83c\udf43\u00a0<strong data-start=\"1722\" data-end=\"1760\">V\u00fccudu G\u00fc\u00e7lendirir ve Enerji Verir<\/strong><br data-start=\"1760\" data-end=\"1763\" \/><strong data-start=\"1763\" data-end=\"1776\">Me\u015fe Bal\u0131<\/strong>, i\u00e7eri\u011findeki do\u011fal \u015fekerler sayesinde enerji verici bir \u00f6zelli\u011fe sahiptir. Ayn\u0131 zamanda\u00a0<strong data-start=\"1866\" data-end=\"1881\">antioksidan<\/strong>\u00a0bile\u015fenleri sayesinde v\u00fccudun daha g\u00fc\u00e7l\u00fc olmas\u0131na yard\u0131mc\u0131 olur.\u00a0<strong data-start=\"1947\" data-end=\"1957\">Balk\u0131z<\/strong>, bu \u015fifal\u0131 bal\u0131n zarif ve etkili simgesidir.<\/p>\n<h3 data-start=\"2004\" data-end=\"2036\"><strong data-start=\"2008\" data-end=\"2036\">Me\u015fe Bal\u0131\u2019n\u0131n Faydalar\u0131:<\/strong><\/h3>\n<ul data-start=\"2037\" data-end=\"2471\">\n<li data-start=\"2037\" data-end=\"2141\">\n<p data-start=\"2039\" data-end=\"2141\"><strong data-start=\"2039\" data-end=\"2076\">Ba\u011f\u0131\u015f\u0131kl\u0131k Sistemini G\u00fc\u00e7lendirir:<\/strong>\u00a0Antibakteriyel \u00f6zellikleri sayesinde enfeksiyonlara kar\u015f\u0131 korur.<\/p>\n<\/li>\n<li data-start=\"2142\" data-end=\"2216\">\n<p data-start=\"2144\" data-end=\"2216\"><strong data-start=\"2144\" data-end=\"2177\">Sindirim Sa\u011fl\u0131\u011f\u0131n\u0131 Destekler:<\/strong>\u00a0Mideyi yat\u0131\u015ft\u0131r\u0131r, sindirimi d\u00fczenler.<\/p>\n<\/li>\n<li data-start=\"2217\" data-end=\"2302\">\n<p data-start=\"2219\" data-end=\"2302\"><strong data-start=\"2219\" data-end=\"2236\">Enerji Verir:<\/strong>\u00a0Do\u011fal \u015feker i\u00e7erdi\u011fi i\u00e7in v\u00fccuda h\u0131zl\u0131 bir enerji kayna\u011f\u0131 sa\u011flar.<\/p>\n<\/li>\n<li data-start=\"2303\" data-end=\"2394\">\n<p data-start=\"2305\" data-end=\"2394\"><strong data-start=\"2305\" data-end=\"2332\">Zengin Mineral \u0130\u00e7eri\u011fi:<\/strong>\u00a0V\u00fccuda gerekli mineralleri sa\u011flar, genel sa\u011fl\u0131\u011f\u0131 iyile\u015ftirir.<\/p>\n<\/li>\n<li data-start=\"2395\" data-end=\"2471\">\n<p data-start=\"2397\" data-end=\"2471\"><strong data-start=\"2397\" data-end=\"2420\">Antioksidan Etkisi:<\/strong>\u00a0Serbest radikalleri yok eder ve v\u00fccudu gen\u00e7 tutar.<\/p>\n<\/li>\n<\/ul>\n<h3 data-start=\"2473\" data-end=\"2511\"><strong data-start=\"2477\" data-end=\"2511\">Balk\u0131z ile Do\u011fan\u0131n \u015eifal\u0131 G\u00fcc\u00fc<\/strong><\/h3>\n<p data-start=\"2513\" data-end=\"2841\"><strong data-start=\"2513\" data-end=\"2523\">Balk\u0131z<\/strong>,\u00a0<strong data-start=\"2525\" data-end=\"2540\">Bal\u0131n Yurdu<\/strong>\u00a0markas\u0131n\u0131n g\u00f6rsel y\u00fcz\u00fc olarak,\u00a0<strong data-start=\"2572\" data-end=\"2585\">Me\u015fe Bal\u0131<\/strong>\u2019n\u0131n do\u011fall\u0131\u011f\u0131n\u0131 ve \u015fifal\u0131 etkilerini zarif bir \u015fekilde temsil eder.\u00a0<strong data-start=\"2654\" data-end=\"2679\">Bal\u0131n Yurdu Me\u015fe Bal\u0131<\/strong>, tamamen saf ve katk\u0131s\u0131zd\u0131r ve do\u011fan\u0131n en g\u00fc\u00e7l\u00fc arma\u011fanlar\u0131ndan biridir. Her bir kavanozda, do\u011fan\u0131n size sundu\u011fu t\u00fcm sa\u011fl\u0131k ve lezzet de\u011ferlerini bulabilirsiniz.<\/p>\n<p data-start=\"2843\" data-end=\"3083\"><strong data-start=\"2843\" data-end=\"2853\">Balk\u0131z<\/strong>,\u00a0<strong data-start=\"2855\" data-end=\"2870\">Bal\u0131n Yurdu<\/strong>\u2018nun kaliteyi ve do\u011fall\u0131\u011f\u0131 simgeleyen temsili olarak, bu e\u015fsiz bal\u0131n t\u00fcm faydalar\u0131n\u0131 sizlere sunar. Me\u015fe Bal\u0131, sadece sa\u011fl\u0131\u011f\u0131n\u0131z\u0131 desteklemekle kalmaz, ayn\u0131 zamanda do\u011fan\u0131n g\u00fcc\u00fcn\u00fc ve safl\u0131\u011f\u0131n\u0131 sofralar\u0131n\u0131za ta\u015f\u0131r.<\/p>\n<h3 data-start=\"3085\" data-end=\"3125\"><strong data-start=\"3089\" data-end=\"3125\">Me\u015fe Bal\u0131 ile Sa\u011fl\u0131kl\u0131 Bir Ya\u015fam<\/strong><\/h3>\n<p data-start=\"3127\" data-end=\"3430\"><strong data-start=\"3127\" data-end=\"3152\">Bal\u0131n Yurdu Me\u015fe Bal\u0131<\/strong>, her damlas\u0131nda do\u011fan\u0131n en saf ve en \u015fifal\u0131 \u00f6zelliklerini bar\u0131nd\u0131r\u0131r.\u00a0<strong data-start=\"3223\" data-end=\"3233\">Balk\u0131z<\/strong>,\u00a0<strong data-start=\"3235\" data-end=\"3250\">Bal\u0131n Yurdu<\/strong>\u2019nun kaliteyi ve do\u011fay\u0131 temsil eden y\u00fcz\u00fc olarak,\u00a0<strong data-start=\"3299\" data-end=\"3312\">Me\u015fe Bal\u0131<\/strong>\u2019n\u0131n t\u00fcm sa\u011fl\u0131k faydalar\u0131n\u0131 sizlere sunuyor. Bu do\u011fal bal, v\u00fccudunuzu besler, enerjinizi art\u0131r\u0131r ve sa\u011fl\u0131\u011f\u0131n\u0131z\u0131 korur.<\/p>\n<hr data-start=\"3432\" data-end=\"3435\" \/>\n<p data-start=\"3437\" data-end=\"3684\"><strong data-start=\"3437\" data-end=\"3452\">Bal\u0131n Yurdu<\/strong>\u00a0olarak,\u00a0<strong data-start=\"3461\" data-end=\"3474\">Me\u015fe Bal\u0131<\/strong>\u2019n\u0131 do\u011fan\u0131n sundu\u011fu en saf ve en g\u00fc\u00e7l\u00fc haliyle sizlere sunuyoruz.\u00a0<strong data-start=\"3540\" data-end=\"3550\">Balk\u0131z<\/strong>\u00a0ile sa\u011fl\u0131\u011f\u0131n\u0131z\u0131 destekleyin, do\u011fan\u0131n bu e\u015fsiz arma\u011fan\u0131n\u0131n faydalar\u0131ndan yararlan\u0131n ve her an\u0131n\u0131z\u0131 sa\u011fl\u0131kl\u0131 bir dokunu\u015fla ta\u00e7land\u0131r\u0131n.<\/p>\n","protected":false},"excerpt":{"rendered":"<p>Bal\u0131n Yurdu Me\u015fe Bal\u0131: Do\u011fan\u0131n En G\u00fc\u00e7l\u00fc Arma\u011fan\u0131 Bal\u0131n Yurdu, do\u011fan\u0131n sundu\u011fu en saf ve kaliteli \u00fcr\u00fcnleri sizlere ula\u015ft\u0131rman\u0131n gururunu ta\u015f\u0131rken,\u00a0Balk\u0131z\u2018\u0131n zarif temsiliyle\u00a0Me\u015fe Bal\u0131\u2019n\u0131n e\u015fsiz do\u011fall\u0131\u011f\u0131n\u0131, lezzetini ve \u015fifas\u0131n\u0131 sofralar\u0131n\u0131za ta\u015f\u0131yor.\u00a0Me\u015fe Bal\u0131, me\u015fe a\u011fa\u00e7lar\u0131n\u0131n salg\u0131lar\u0131ndan ar\u0131lar\u0131n toplad\u0131\u011f\u0131 nektar ile \u00fcretilir ve bu \u00f6zel bal, sahip oldu\u011fu e\u015fsiz \u00f6zelliklerle sa\u011fl\u0131\u011f\u0131n\u0131za b\u00fcy\u00fck katk\u0131 sa\u011flar. Me\u015fe Bal\u0131: G\u00fc\u00e7l\u00fc [&hellip;]<\/p>\n","protected":false},"featured_media":8328,"comment_status":"open","ping_status":"closed","template":"","meta":[],"product_cat":[15,110,66,106],"product_tag":[],"class_list":{"0":"post-8467","1":"product","2":"type-product","3":"status-publish","4":"has-post-thumbnail","6":"product_brand-balinyurdu","7":"product_cat-genel","8":"product_cat-denemeboyballar","9":"product_cat-kazdaglari-yoresel-ballari","10":"product_cat-ozelballar","12":"first","13":"instock","14":"sale","15":"taxable","16":"shipping-taxable","17":"purchasable","18":"product-type-simple"},"_links":{"self":[{"href":"https:\/\/balinyurdu.com\/index.php?rest_route=\/wp\/v2\/product\/8467","targetHints":{"allow":["GET"]}}],"collection":[{"href":"https:\/\/balinyurdu.com\/index.php?rest_route=\/wp\/v2\/product"}],"about":[{"href":"https:\/\/balinyurdu.com\/index.php?rest_route=\/wp\/v2\/types\/product"}],"replies":[{"embeddable":true,"href":"https:\/\/balinyurdu.com\/index.php?rest_route=%2Fwp%2Fv2%2Fcomments&post=8467"}],"wp:featuredmedia":[{"embeddable":true,"href":"https:\/\/balinyurdu.com\/index.php?rest_route=\/wp\/v2\/media\/8328"}],"wp:attachment":[{"href":"https:\/\/balinyurdu.com\/index.php?rest_route=%2Fwp%2Fv2%2Fmedia&parent=8467"}],"wp:term":[{"taxonomy":"product_cat","embeddable":true,"href":"https:\/\/balinyurdu.com\/index.php?rest_route=%2Fwp%2Fv2%2Fproduct_cat&post=8467"},{"taxonomy":"product_tag","embeddable":true,"href":"https:\/\/balinyurdu.com\/index.php?rest_route=%2Fwp%2Fv2%2Fproduct_tag&post=8467"}],"curies":[{"name":"wp","href":"https:\/\/api.w.org\/{rel}","templated":true}]}}