{"id":8468,"date":"2025-08-02T22:13:50","date_gmt":"2025-08-02T19:13:50","guid":{"rendered":"https:\/\/balinyurdu.com\/?post_type=product&#038;p=8468"},"modified":"2025-08-02T22:13:52","modified_gmt":"2025-08-02T19:13:52","slug":"kazdaglari-siyah-bal-450-gr","status":"publish","type":"product","link":"https:\/\/balinyurdu.com\/?product=kazdaglari-siyah-bal-450-gr","title":{"rendered":"KAZDA\u011eLARI S\u0130YAH BAL 450 GR"},"content":{"rendered":"<p><strong>Kazda\u011flar\u0131\u2019n\u0131n Kara Hazinesi:<\/strong>\u00a0Siyah Bal\u0131n \u00dcretim Yolculu\u011fu<\/p>\n<p>Kazda\u011flar\u0131, zengin floras\u0131, tertemiz havas\u0131 ve bol oksijenli ormanlar\u0131yla T\u00fcrkiye\u2019nin en \u00f6zel ekolojik b\u00f6lgelerinden biridir. \u0130\u015fte bu e\u015fsiz do\u011fan\u0131n kalbinde, sadece belli d\u00f6nemlerde ve \u00e7ok s\u0131n\u0131rl\u0131 miktarda \u00fcretilen, siyah bal do\u011far.<\/p>\n<p><strong>Siyah Bal Nedir?<\/strong><\/p>\n<p>Siyah bal, koyu rengi, yo\u011fun k\u0131vam\u0131 ve g\u00fc\u00e7l\u00fc aromas\u0131yla bilinen, i\u00e7eri\u011fi a\u00e7\u0131s\u0131ndan zengin ve etkisiyle dikkat \u00e7eken \u00f6zel bir bal t\u00fcr\u00fcd\u00fcr. Rengini, Kazda\u011flar\u0131\u2019nda yeti\u015fen nadir otsu ve odunsu bitkilerden, \u00f6zellikle de baz\u0131 endemik nektar kaynaklar\u0131ndan al\u0131r. Bu bal, \u00e7i\u00e7ek bal\u0131 gibi yayg\u0131n de\u011fildir; daha \u00e7ok y\u00fcksek rak\u0131m ve g\u00f6lgede kalan b\u00f6lgelerdeki ar\u0131 kovanlar\u0131ndan elde edilir.<\/p>\n","protected":false},"excerpt":{"rendered":"<p>Kazda\u011flar\u0131\u2019n\u0131n Kara Hazinesi:\u00a0Siyah Bal\u0131n \u00dcretim Yolculu\u011fu Kazda\u011flar\u0131, zengin floras\u0131, tertemiz havas\u0131 ve bol oksijenli ormanlar\u0131yla T\u00fcrkiye\u2019nin en \u00f6zel ekolojik b\u00f6lgelerinden biridir. \u0130\u015fte bu e\u015fsiz do\u011fan\u0131n kalbinde, sadece belli d\u00f6nemlerde ve \u00e7ok s\u0131n\u0131rl\u0131 miktarda \u00fcretilen, siyah bal do\u011far. Siyah Bal Nedir? Siyah bal, koyu rengi, yo\u011fun k\u0131vam\u0131 ve g\u00fc\u00e7l\u00fc aromas\u0131yla bilinen, i\u00e7eri\u011fi a\u00e7\u0131s\u0131ndan zengin ve etkisiyle [&hellip;]<\/p>\n","protected":false},"featured_media":8302,"comment_status":"open","ping_status":"closed","template":"","meta":[],"product_cat":[15,110,66,106],"product_tag":[],"class_list":{"0":"post-8468","1":"product","2":"type-product","3":"status-publish","4":"has-post-thumbnail","6":"product_brand-balinyurdu","7":"product_cat-genel","8":"product_cat-denemeboyballar","9":"product_cat-kazdaglari-yoresel-ballari","10":"product_cat-ozelballar","12":"first","13":"instock","14":"sale","15":"taxable","16":"shipping-taxable","17":"purchasable","18":"product-type-simple"},"_links":{"self":[{"href":"https:\/\/balinyurdu.com\/index.php?rest_route=\/wp\/v2\/product\/8468","targetHints":{"allow":["GET"]}}],"collection":[{"href":"https:\/\/balinyurdu.com\/index.php?rest_route=\/wp\/v2\/product"}],"about":[{"href":"https:\/\/balinyurdu.com\/index.php?rest_route=\/wp\/v2\/types\/product"}],"replies":[{"embeddable":true,"href":"https:\/\/balinyurdu.com\/index.php?rest_route=%2Fwp%2Fv2%2Fcomments&post=8468"}],"wp:featuredmedia":[{"embeddable":true,"href":"https:\/\/balinyurdu.com\/index.php?rest_route=\/wp\/v2\/media\/8302"}],"wp:attachment":[{"href":"https:\/\/balinyurdu.com\/index.php?rest_route=%2Fwp%2Fv2%2Fmedia&parent=8468"}],"wp:term":[{"taxonomy":"product_cat","embeddable":true,"href":"https:\/\/balinyurdu.com\/index.php?rest_route=%2Fwp%2Fv2%2Fproduct_cat&post=8468"},{"taxonomy":"product_tag","embeddable":true,"href":"https:\/\/balinyurdu.com\/index.php?rest_route=%2Fwp%2Fv2%2Fproduct_tag&post=8468"}],"curies":[{"name":"wp","href":"https:\/\/api.w.org\/{rel}","templated":true}]}}