{"id":8473,"date":"2025-08-03T01:02:25","date_gmt":"2025-08-02T22:02:25","guid":{"rendered":"https:\/\/balinyurdu.com\/?post_type=product&#038;p=8473"},"modified":"2025-08-03T01:02:26","modified_gmt":"2025-08-02T22:02:26","slug":"bitlis-karakovan-petek-bal-1-kg","status":"publish","type":"product","link":"https:\/\/balinyurdu.com\/?product=bitlis-karakovan-petek-bal-1-kg","title":{"rendered":"B\u0130TL\u0130S KARAKOVAN PETEK BAL 1 KG"},"content":{"rendered":"<p>BALINYURDU &#8220;Balk\u0131z&#8221; Bitlis Karakovan Bal\u0131: Do\u011fan\u0131n \u015eifa Kayna\u011f\u0131 Sofran\u0131zda!<\/p>\n<p>Do\u011fan\u0131n c\u00f6mertli\u011fi, ar\u0131lar\u0131n mucizevi eme\u011fi ve Bitlis&#8217;in e\u015fsiz floras\u0131 bir araya geldi: BALINYURDU &#8220;Balk\u0131z&#8221; Bitlis Karakovan Bal\u0131!<\/p>\n<p>&nbsp;<\/p>\n<p>BALINYURDU olarak, sizlere do\u011fall\u0131\u011f\u0131n ve lezzetin zirvesini sunmaktan gurur duyuyoruz. &#8220;Balk\u0131z&#8221; ad\u0131n\u0131 verdi\u011fimiz bu \u00f6zel karakovan bal\u0131, Bitlis&#8217;in y\u00fcksek rak\u0131ml\u0131 yaylalar\u0131ndan, el de\u011fmemi\u015f \u00e7i\u00e7eklerden beslenen ar\u0131lar\u0131m\u0131z taraf\u0131ndan \u00f6zenle \u00fcretiliyor. Her bir damlas\u0131nda do\u011fan\u0131n \u015fifas\u0131n\u0131 ve e\u015fsiz aromas\u0131n\u0131 bar\u0131nd\u0131ran bu bal, sofralar\u0131n\u0131za sa\u011fl\u0131k ve lezzet katacak.<\/p>\n<p>&nbsp;<\/p>\n<p>Neden &#8220;Balk\u0131z&#8221; Bitlis Karakovan Bal\u0131?<\/p>\n<p>Do\u011fal ve Katk\u0131s\u0131z: &#8220;Balk\u0131z&#8221; bal\u0131m\u0131z, hi\u00e7bir katk\u0131 maddesi i\u00e7ermeyen, tamamen do\u011fal bir \u00fcr\u00fcnd\u00fcr. Ar\u0131lar\u0131m\u0131z\u0131n kendi \u00fcrettikleri peteklerde, geleneksel karakovan y\u00f6ntemiyle elde edilir. Bu sayede bal\u0131n t\u00fcm besin de\u011ferleri ve enzimler korunur.<\/p>\n<p>&nbsp;<\/p>\n<p>Bitlis&#8217;in E\u015fsiz Floras\u0131: Bitlis&#8217;in zengin ve \u00e7e\u015fitli bitki \u00f6rt\u00fcs\u00fc, &#8220;Balk\u0131z&#8221; bal\u0131na benzersiz bir lezzet ve aroma kat\u0131yor. Y\u00fcksek rak\u0131ml\u0131 yaylalarda a\u00e7an binbir \u00e7e\u015fit \u00e7i\u00e7ek, ar\u0131lar\u0131m\u0131z\u0131n bal\u0131na e\u015fsiz bir karakter kazand\u0131r\u0131yor.<\/p>\n<p>&nbsp;<\/p>\n<p>\u015eifa Kayna\u011f\u0131: Karakovan bal\u0131, antioksidanlar, vitaminler, mineraller ve enzimler a\u00e7\u0131s\u0131ndan zengin bir do\u011fal \u015fifa deposudur. Ba\u011f\u0131\u015f\u0131kl\u0131k sisteminizi g\u00fc\u00e7lendirmeye, enerji seviyenizi y\u00fckseltmeye ve genel sa\u011fl\u0131\u011f\u0131n\u0131za katk\u0131da bulunmaya yard\u0131mc\u0131 olur.<\/p>\n<p>&nbsp;<\/p>\n<p>Geleneksel \u00dcretim: &#8220;Balk\u0131z&#8221; bal\u0131m\u0131z, y\u0131llard\u0131r s\u00fcregelen geleneksel karakovan bal\u0131 \u00fcretim y\u00f6ntemleriyle elde ediliyor. Bu y\u00f6ntem, bal\u0131n do\u011fall\u0131\u011f\u0131n\u0131 ve kalitesini en \u00fcst d\u00fczeyde tutmam\u0131z\u0131 sa\u011fl\u0131yor.<\/p>\n<p>&nbsp;<\/p>\n<p>&#8220;Balk\u0131z&#8221; Bitlis Karakovan Bal\u0131 ile kahvalt\u0131lar\u0131n\u0131za lezzet kat\u0131n, tatl\u0131lar\u0131n\u0131z\u0131 \u015fenlendirin veya sade haliyle \u015fifa niyetine t\u00fcketin. Her ka\u015f\u0131kta Bitlis&#8217;in tertemiz do\u011fas\u0131n\u0131 ve ar\u0131lar\u0131m\u0131z\u0131n emektar ruhunu hissedeceksiniz.<\/p>\n<p>&nbsp;<\/p>\n<p>BALINYURDU markas\u0131n\u0131n marka y\u00fcz\u00fc Balk\u0131z. Bitlis karakovan bal\u0131 i\u00e7in tan\u0131t\u0131m yaz\u0131s\u0131 yaz<\/p>\n<p>&nbsp;<\/p>\n<p>&nbsp;<\/p>\n<p>&nbsp;<\/p>\n<p>BALINYURDU &#8220;Balk\u0131z&#8221; Bitlis Karakovan Bal\u0131: Do\u011fan\u0131n \u015eifa Kayna\u011f\u0131 Sofran\u0131zda!<\/p>\n<p>Do\u011fan\u0131n c\u00f6mertli\u011fi, ar\u0131lar\u0131n mucizevi eme\u011fi ve Bitlis&#8217;in e\u015fsiz floras\u0131 bir araya geldi: BALINYURDU &#8220;Balk\u0131z&#8221; Bitlis Karakovan Bal\u0131!<\/p>\n<p>&nbsp;<\/p>\n<p>BALINYURDU olarak, sizlere do\u011fall\u0131\u011f\u0131n ve lezzetin zirvesini sunmaktan gurur duyuyoruz. &#8220;Balk\u0131z&#8221; ad\u0131n\u0131 verdi\u011fimiz bu \u00f6zel karakovan bal\u0131, Bitlis&#8217;in y\u00fcksek rak\u0131ml\u0131 yaylalar\u0131ndan, el de\u011fmemi\u015f \u00e7i\u00e7eklerden beslenen ar\u0131lar\u0131m\u0131z taraf\u0131ndan \u00f6zenle \u00fcretiliyor. Her bir damlas\u0131nda do\u011fan\u0131n \u015fifas\u0131n\u0131 ve e\u015fsiz aromas\u0131n\u0131 bar\u0131nd\u0131ran bu bal, sofralar\u0131n\u0131za sa\u011fl\u0131k ve lezzet katacak.<\/p>\n<p>&nbsp;<\/p>\n<p>Neden &#8220;Balk\u0131z&#8221; Bitlis Karakovan Bal\u0131?<\/p>\n<p>Do\u011fal ve Katk\u0131s\u0131z: &#8220;Balk\u0131z&#8221; bal\u0131m\u0131z, hi\u00e7bir katk\u0131 maddesi i\u00e7ermeyen, tamamen do\u011fal bir \u00fcr\u00fcnd\u00fcr. Ar\u0131lar\u0131m\u0131z\u0131n kendi \u00fcrettikleri peteklerde, geleneksel karakovan y\u00f6ntemiyle elde edilir. Bu sayede bal\u0131n t\u00fcm besin de\u011ferleri ve enzimler korunur.<\/p>\n<p>&nbsp;<\/p>\n<p>Bitlis&#8217;in E\u015fsiz Floras\u0131: Bitlis&#8217;in zengin ve \u00e7e\u015fitli bitki \u00f6rt\u00fcs\u00fc, &#8220;Balk\u0131z&#8221; bal\u0131na benzersiz bir lezzet ve aroma kat\u0131yor. Y\u00fcksek rak\u0131ml\u0131 yaylalarda a\u00e7an binbir \u00e7e\u015fit \u00e7i\u00e7ek, ar\u0131lar\u0131m\u0131z\u0131n bal\u0131na e\u015fsiz bir karakter kazand\u0131r\u0131yor.<\/p>\n<p>&nbsp;<\/p>\n<p style=\"text-align: center;\">\u015eifa Kayna\u011f\u0131: Karakovan bal\u0131, antioksidanlar, vitaminler, mineraller ve enzimler a\u00e7\u0131s\u0131ndan zengin bir do\u011fal \u015fifa deposudur. Ba\u011f\u0131\u015f\u0131kl\u0131k sisteminiz BALINYURDU &#8220;Balk\u0131z&#8221; Bitlis Karakovan Bal\u0131: Do\u011fan\u0131n \u015eifa Kayna\u011f\u0131 Sofran\u0131zda!<\/p>\n<p>Do\u011fan\u0131n c\u00f6mertli\u011fi, ar\u0131lar\u0131n mucizevi eme\u011fi ve Bitlis&#8217;in e\u015fsiz floras\u0131 bir araya geldi: BALINYURDU &#8220;Balk\u0131z&#8221; Bitlis Karakovan Bal\u0131!<\/p>\n<p>&nbsp;<\/p>\n<p>BALINYURDU olarak, sizlere do\u011fall\u0131\u011f\u0131n ve lezzetin zirvesini sunmaktan gurur duyuyoruz. &#8220;Balk\u0131z&#8221; ad\u0131n\u0131 verdi\u011fimiz bu \u00f6zel karakovan bal\u0131, Bitlis&#8217;in y\u00fcksek rak\u0131ml\u0131 yaylalar\u0131ndan, el de\u011fmemi\u015f \u00e7i\u00e7eklerden beslenen ar\u0131lar\u0131m\u0131z taraf\u0131ndan \u00f6zenle \u00fcretiliyor. Her bir damlas\u0131nda do\u011fan\u0131n \u015fifas\u0131n\u0131 ve e\u015fsiz aromas\u0131n\u0131 bar\u0131nd\u0131ran bu bal, sofralar\u0131n\u0131za sa\u011fl\u0131k ve lezzet katacak.<\/p>\n<p>&nbsp;<\/p>\n<p>Neden &#8220;Balk\u0131z&#8221; Bitlis Karakovan Bal\u0131?<\/p>\n<p>Do\u011fal ve Katk\u0131s\u0131z: &#8220;Balk\u0131z&#8221; bal\u0131m\u0131z, hi\u00e7bir katk\u0131 maddesi i\u00e7ermeyen, tamamen do\u011fal bir \u00fcr\u00fcnd\u00fcr. Ar\u0131lar\u0131m\u0131z\u0131n kendi \u00fcrettikleri peteklerde, geleneksel karakovan y\u00f6ntemiyle elde edilir. Bu sayede bal\u0131n t\u00fcm besin de\u011ferleri ve enzimler korunur.<\/p>\n<p>&nbsp;<\/p>\n<p>Bitlis&#8217;in E\u015fsiz Floras\u0131: Bitlis&#8217;in zengin ve \u00e7e\u015fitli bitki \u00f6rt\u00fcs\u00fc, &#8220;Balk\u0131z&#8221; bal\u0131na benzersiz bir lezzet ve aroma kat\u0131yor. Y\u00fcksek rak\u0131ml\u0131 yaylalarda a\u00e7an binbir \u00e7e\u015fit \u00e7i\u00e7ek, ar\u0131lar\u0131m\u0131z\u0131n bal\u0131na e\u015fsiz bir karakter kazand\u0131r\u0131yor.<\/p>\n<p>&nbsp;<\/p>\n<p>\u015eifa Kayna\u011f\u0131: Karakovan bal\u0131, antioksidanlar, vitaminler, mineraller ve enzimler a\u00e7\u0131s\u0131ndan zengin bir do\u011fal \u015fifa deposudur. Ba\u011f\u0131\u015f\u0131kl\u0131k sisteminiz BALINYURDU Bitlis Karakovan Bal\u0131: Do\u011fan\u0131n \u015eifa Kayna\u011f\u0131 Sofran\u0131zda!<\/p>\n<p>Do\u011fan\u0131n c\u00f6mertli\u011fi, ar\u0131lar\u0131n mucizevi eme\u011fi ve Bitlis&#8217;in e\u015fsiz floras\u0131 bir araya geldi: BALINYURDU Bitlis Karakovan Bal\u0131!<\/p>\n<p>&nbsp;<\/p>\n<p>BALINYURDU olarak, sizlere do\u011fall\u0131\u011f\u0131n ve lezzetin zirvesini sunmaktan gurur duyuyoruz. Bu \u00f6zel karakovan bal\u0131, Bitlis&#8217;in y\u00fcksek rak\u0131ml\u0131 yaylalar\u0131ndan, el de\u011fmemi\u015f \u00e7i\u00e7eklerden beslenen ar\u0131lar\u0131m\u0131z taraf\u0131ndan \u00f6zenle \u00fcretiliyor. Her bir damlas\u0131nda do\u011fan\u0131n \u015fifas\u0131n\u0131 ve e\u015fsiz aromas\u0131n\u0131 bar\u0131nd\u0131ran bu bal, sofralar\u0131n\u0131za sa\u011fl\u0131k ve lezzet katacak.<\/p>\n<p>&nbsp;<\/p>\n<p>Neden BALINYURDU Bitlis Karakovan Bal\u0131?<\/p>\n<p>Do\u011fal ve Katk\u0131s\u0131z: BALINYURDU bal\u0131m\u0131z, hi\u00e7bir katk\u0131 maddesi i\u00e7ermeyen, tamamen do\u011fal bir \u00fcr\u00fcnd\u00fcr. Ar\u0131lar\u0131m\u0131z\u0131n kendi \u00fcrettikleri peteklerde, geleneksel karakovan y\u00f6ntemiyle elde edilir. Bu sayede bal\u0131n t\u00fcm besin de\u011ferleri ve enzimler korunur.<\/p>\n<p>&nbsp;<\/p>\n<p>Bitlis&#8217;in E\u015fsiz Floras\u0131: Bitlis&#8217;in zengin ve \u00e7e\u015fitli bitki \u00f6rt\u00fcs\u00fc, BALINYURDU bal\u0131na benzersiz bir lezzet ve aroma kat\u0131yor. Y\u00fcksek rak\u0131ml\u0131 yaylalarda a\u00e7an binbir \u00e7e\u015fit \u00e7i\u00e7ek, ar\u0131lar\u0131m\u0131z\u0131n bal\u0131na e\u015fsiz bir karakter kazand\u0131r\u0131yor.<\/p>\n<p>&nbsp;<\/p>\n<p>\u015eifa Kayna\u011f\u0131: Karakovan bal\u0131, antioksidanlar, vitaminler, mineraller ve enzimler a\u00e7\u0131s\u0131ndan zengin bir do\u011fal \u015fifa deposudur. Ba\u011f\u0131\u015f\u0131kl\u0131k sisteminizi g\u00fc\u00e7lendirmeye, enerji seviyenizi y\u00fckseltmeye ve genel sa\u011fl\u0131\u011f\u0131n\u0131za katk\u0131da bulunmaya yard\u0131mc\u0131 olur.<\/p>\n<p>&nbsp;<\/p>\n<p>Geleneksel \u00dcretim: BALINYURDU bal\u0131m\u0131z, y\u0131llard\u0131r s\u00fcregelen geleneksel karakovan bal\u0131 \u00fcretim y\u00f6ntemleriyle elde ediliyor. Bu y\u00f6ntem, bal\u0131n do\u011fall\u0131\u011f\u0131n\u0131 ve kalitesini en \u00fcst d\u00fczeyde tutmam\u0131z\u0131 sa\u011fl\u0131yor.<\/p>\n<p>&nbsp;<\/p>\n<p>BALINYURDU Bitlis Karakovan Bal\u0131 ile kahvalt\u0131lar\u0131n\u0131za lezzet kat\u0131n, tatl\u0131lar\u0131n\u0131z\u0131 \u015fenlendirin veya sade haliyle \u015fifa niyetine t\u00fcketin. Her ka\u015f\u0131kta Bitlis&#8217;in tertemiz do\u011fas\u0131n\u0131 ve ar\u0131lar\u0131m\u0131z\u0131n emektar ruhunu hissedeceksiniz.<\/p>\n","protected":false},"excerpt":{"rendered":"<p>BALINYURDU &#8220;Balk\u0131z&#8221; Bitlis Karakovan Bal\u0131: Do\u011fan\u0131n \u015eifa Kayna\u011f\u0131 Sofran\u0131zda! Do\u011fan\u0131n c\u00f6mertli\u011fi, ar\u0131lar\u0131n mucizevi eme\u011fi ve Bitlis&#8217;in e\u015fsiz floras\u0131 bir araya geldi: BALINYURDU &#8220;Balk\u0131z&#8221; Bitlis Karakovan Bal\u0131! &nbsp; BALINYURDU olarak, sizlere do\u011fall\u0131\u011f\u0131n ve lezzetin zirvesini sunmaktan gurur duyuyoruz. &#8220;Balk\u0131z&#8221; ad\u0131n\u0131 verdi\u011fimiz bu \u00f6zel karakovan bal\u0131, Bitlis&#8217;in y\u00fcksek rak\u0131ml\u0131 yaylalar\u0131ndan, el de\u011fmemi\u015f \u00e7i\u00e7eklerden beslenen ar\u0131lar\u0131m\u0131z taraf\u0131ndan \u00f6zenle [&hellip;]<\/p>\n","protected":false},"featured_media":8474,"comment_status":"open","ping_status":"closed","template":"","meta":[],"product_cat":[15,114],"product_tag":[],"class_list":{"0":"post-8473","1":"product","2":"type-product","3":"status-publish","4":"has-post-thumbnail","6":"product_brand-balinyurdu","7":"product_cat-genel","8":"product_cat-bitlis-yoresi-dogal-ballari","10":"first","11":"instock","12":"sale","13":"taxable","14":"shipping-taxable","15":"purchasable","16":"product-type-simple"},"_links":{"self":[{"href":"https:\/\/balinyurdu.com\/index.php?rest_route=\/wp\/v2\/product\/8473","targetHints":{"allow":["GET"]}}],"collection":[{"href":"https:\/\/balinyurdu.com\/index.php?rest_route=\/wp\/v2\/product"}],"about":[{"href":"https:\/\/balinyurdu.com\/index.php?rest_route=\/wp\/v2\/types\/product"}],"replies":[{"embeddable":true,"href":"https:\/\/balinyurdu.com\/index.php?rest_route=%2Fwp%2Fv2%2Fcomments&post=8473"}],"wp:featuredmedia":[{"embeddable":true,"href":"https:\/\/balinyurdu.com\/index.php?rest_route=\/wp\/v2\/media\/8474"}],"wp:attachment":[{"href":"https:\/\/balinyurdu.com\/index.php?rest_route=%2Fwp%2Fv2%2Fmedia&parent=8473"}],"wp:term":[{"taxonomy":"product_cat","embeddable":true,"href":"https:\/\/balinyurdu.com\/index.php?rest_route=%2Fwp%2Fv2%2Fproduct_cat&post=8473"},{"taxonomy":"product_tag","embeddable":true,"href":"https:\/\/balinyurdu.com\/index.php?rest_route=%2Fwp%2Fv2%2Fproduct_tag&post=8473"}],"curies":[{"name":"wp","href":"https:\/\/api.w.org\/{rel}","templated":true}]}}