{"id":8478,"date":"2025-08-05T10:35:35","date_gmt":"2025-08-05T07:35:35","guid":{"rendered":"https:\/\/balinyurdu.com\/?post_type=product&#038;p=8478"},"modified":"2025-08-05T10:35:36","modified_gmt":"2025-08-05T07:35:36","slug":"ordu-kestane-bali-1-kg","status":"publish","type":"product","link":"https:\/\/balinyurdu.com\/?product=ordu-kestane-bali-1-kg","title":{"rendered":"ORDU KESTANE BALI 1 KG"},"content":{"rendered":"<p>\ud83c\udf6f <strong>Bal\u0131nyurdu Ordu Kestane Bal\u0131 \u2013 Do\u011fan\u0131n G\u00fc\u00e7l\u00fc Lezzeti \ud83c\udf30\ud83d\udc1d<\/strong><\/p>\n<p>&nbsp;<\/p>\n<p>Karadeniz\u2019in bereketli topraklar\u0131nda, ormanlarla \u00e7evrili Ordu yaylalar\u0131nda yeti\u015fen kestane a\u011fa\u00e7lar\u0131ndan elde edilen bu \u00f6zel bal, Bal\u0131nyurdu g\u00fcvencesiyle sofran\u0131za geliyor.<\/p>\n<p>&nbsp;<\/p>\n<p>Koyu rengi, yo\u011fun aromas\u0131 ve hafif buruk tad\u0131yla Ordu kestane bal\u0131; sadece lezzetiyle de\u011fil, g\u00fc\u00e7l\u00fc antioksidan \u00f6zelli\u011fiyle de fark yarat\u0131r. Kestane \u00e7i\u00e7eklerinin k\u0131sa \u00f6m\u00fcrl\u00fc, nadir \u00e7i\u00e7eklenme d\u00f6neminden gelen bu bal; y\u0131l\u0131n sadece belli zamanlar\u0131nda, s\u0131n\u0131rl\u0131 miktarda \u00fcretilebilen k\u0131ymetli bir do\u011fa arma\u011fan\u0131d\u0131r.<\/p>\n<p>&nbsp;<\/p>\n<p>\ud83d\udee1 Ba\u011f\u0131\u015f\u0131kl\u0131k destekleyici etkisiyle bilinir.<\/p>\n<p>\ud83c\udf3f \u015eeker oran\u0131 d\u00fc\u015f\u00fckt\u00fcr, glisemik indeksi d\u00fc\u015f\u00fckt\u00fcr.<\/p>\n<p>\ud83d\udcaa Enerji verir, yorgunluk hissini azaltmaya yard\u0131mc\u0131d\u0131r.<\/p>\n<p>&nbsp;<\/p>\n<p>Bal\u0131nyurdu olarak, katk\u0131s\u0131z ve \u0131s\u0131t\u0131lmadan \u015fi\u015felenmi\u015f ger\u00e7ek kestane bal\u0131n\u0131 sizlerle bulu\u015fturuyoruz. Ar\u0131c\u0131m\u0131zdan do\u011frudan sofran\u0131za, hi\u00e7bir ek i\u015flem olmadan ula\u015ft\u0131r\u0131lan bu \u00f6zel \u00fcr\u00fcn, hem \u015fifa hem de lezzet arayanlar\u0131n vazge\u00e7ilmezi olacak.<\/p>\n<p>&nbsp;<\/p>\n<p>\ud83c\udfaf Ger\u00e7ek kestane bal\u0131n\u0131n buruk tad\u0131, sahtesinden ay\u0131ran en belirgin<\/p>\n<p>\u00f6zelliktir.<\/p>\n","protected":false},"excerpt":{"rendered":"<p>\ud83c\udf6f Bal\u0131nyurdu Ordu Kestane Bal\u0131 \u2013 Do\u011fan\u0131n G\u00fc\u00e7l\u00fc Lezzeti \ud83c\udf30\ud83d\udc1d &nbsp; Karadeniz\u2019in bereketli topraklar\u0131nda, ormanlarla \u00e7evrili Ordu yaylalar\u0131nda yeti\u015fen kestane a\u011fa\u00e7lar\u0131ndan elde edilen bu \u00f6zel bal, Bal\u0131nyurdu g\u00fcvencesiyle sofran\u0131za geliyor. &nbsp; Koyu rengi, yo\u011fun aromas\u0131 ve hafif buruk tad\u0131yla Ordu kestane bal\u0131; sadece lezzetiyle de\u011fil, g\u00fc\u00e7l\u00fc antioksidan \u00f6zelli\u011fiyle de fark yarat\u0131r. Kestane \u00e7i\u00e7eklerinin k\u0131sa \u00f6m\u00fcrl\u00fc, [&hellip;]<\/p>\n","protected":false},"featured_media":8479,"comment_status":"open","ping_status":"closed","template":"","meta":[],"product_cat":[15,115,106],"product_tag":[],"class_list":{"0":"post-8478","1":"product","2":"type-product","3":"status-publish","4":"has-post-thumbnail","6":"product_brand-balinyurdu","7":"product_cat-genel","8":"product_cat-ordu-yoresi-dogal-ballar","9":"product_cat-ozelballar","11":"first","12":"instock","13":"sale","14":"taxable","15":"shipping-taxable","16":"purchasable","17":"product-type-simple"},"_links":{"self":[{"href":"https:\/\/balinyurdu.com\/index.php?rest_route=\/wp\/v2\/product\/8478","targetHints":{"allow":["GET"]}}],"collection":[{"href":"https:\/\/balinyurdu.com\/index.php?rest_route=\/wp\/v2\/product"}],"about":[{"href":"https:\/\/balinyurdu.com\/index.php?rest_route=\/wp\/v2\/types\/product"}],"replies":[{"embeddable":true,"href":"https:\/\/balinyurdu.com\/index.php?rest_route=%2Fwp%2Fv2%2Fcomments&post=8478"}],"wp:featuredmedia":[{"embeddable":true,"href":"https:\/\/balinyurdu.com\/index.php?rest_route=\/wp\/v2\/media\/8479"}],"wp:attachment":[{"href":"https:\/\/balinyurdu.com\/index.php?rest_route=%2Fwp%2Fv2%2Fmedia&parent=8478"}],"wp:term":[{"taxonomy":"product_cat","embeddable":true,"href":"https:\/\/balinyurdu.com\/index.php?rest_route=%2Fwp%2Fv2%2Fproduct_cat&post=8478"},{"taxonomy":"product_tag","embeddable":true,"href":"https:\/\/balinyurdu.com\/index.php?rest_route=%2Fwp%2Fv2%2Fproduct_tag&post=8478"}],"curies":[{"name":"wp","href":"https:\/\/api.w.org\/{rel}","templated":true}]}}