{"id":8484,"date":"2025-08-09T16:15:22","date_gmt":"2025-08-09T13:15:22","guid":{"rendered":"https:\/\/balinyurdu.com\/?post_type=product&#038;p=8484"},"modified":"2025-08-09T16:23:31","modified_gmt":"2025-08-09T13:23:31","slug":"pamuk-bali-225-gr","status":"publish","type":"product","link":"https:\/\/balinyurdu.com\/?product=pamuk-bali-225-gr","title":{"rendered":"MARMAR\u0130S PAMUK BALI 225 GR"},"content":{"rendered":"<p data-start=\"112\" data-end=\"171\">\ud83c\udf3f <strong data-start=\"115\" data-end=\"168\">Bal\u0131nyurdu Pamuk Bal\u0131 \u2013 Do\u011fall\u0131\u011f\u0131n En Tatl\u0131 Hali!<\/strong> \ud83c\udf3f<\/p>\n<p data-start=\"173\" data-end=\"434\">Do\u011fan\u0131n en \u00f6zel arma\u011fanlar\u0131ndan biri olan <strong data-start=\"215\" data-end=\"240\">Bal\u0131nyurdu Pamuk Bal\u0131<\/strong>, pamuk \u00e7i\u00e7eklerinin saf nektar\u0131ndan \u00f6zenle \u00fcretiliyor. Her damlas\u0131nda do\u011fall\u0131\u011f\u0131, her ka\u015f\u0131kta Ege\u2019nin tertemiz havas\u0131n\u0131 hissedece\u011finiz bu \u00f6zel bal, sofralar\u0131n\u0131za hem lezzet hem sa\u011fl\u0131k getiriyor.<\/p>\n<p data-start=\"436\" data-end=\"678\">Ve kar\u015f\u0131n\u0131zda: <strong data-start=\"451\" data-end=\"463\">Balk\u0131z\u0131!<\/strong><br \/>\nBal\u0131nyurdu\u2019nun ne\u015feli, enerjik ve do\u011faya \u00e2\u015f\u0131k y\u00fcz\u00fc\u2026 Balk\u0131z\u0131, binlerce \u00e7i\u00e7e\u011fin aras\u0131nda en nadide olan\u0131 se\u00e7er, en kaliteli bal\u0131 b\u00fcy\u00fck bir titizlikle sofralar\u0131n\u0131za ta\u015f\u0131r. Onun favorisi mi? Tabii ki <strong data-start=\"660\" data-end=\"675\">pamuk bal\u0131!<\/strong> \ud83d\udc1d<\/p>\n<p data-start=\"680\" data-end=\"990\">\ud83d\udc9b <strong data-start=\"683\" data-end=\"715\">Neden Bal\u0131nyurdu Pamuk Bal\u0131?<\/strong><br \/>\n\u2714 %100 do\u011fal ve katk\u0131s\u0131z<br data-start=\"740\" data-end=\"743\" \/>\u2714 Pamuk tarlalar\u0131ndan gelen benzersiz aromas\u0131yla hafif ve zarif bir tat<br data-start=\"814\" data-end=\"817\" \/>\u2714 Geleneksel y\u00f6ntemlerle elde edilir, laboratuvar analizleriyle kalite g\u00fcvencesi sa\u011flan\u0131r<br data-start=\"906\" data-end=\"909\" \/>\u2714 Kahvalt\u0131larda, tatl\u0131larda ya da bir ka\u015f\u0131k do\u011fall\u0131k arad\u0131\u011f\u0131n\u0131z her an yan\u0131n\u0131zda!<\/p>\n<p data-start=\"992\" data-end=\"1141\">\ud83c\udf38 Pamuk gibi yumu\u015fak, \u00e7i\u00e7ek gibi saf, Balk\u0131z\u0131 gibi do\u011fal!<br data-start=\"1050\" data-end=\"1053\" \/><strong data-start=\"1053\" data-end=\"1078\">Bal\u0131nyurdu Pamuk Bal\u0131<\/strong> ile tan\u0131\u015f\u0131n, do\u011fan\u0131n en tatl\u0131 y\u00fcz\u00fcyle hayat\u0131n\u0131za lezzet kat\u0131n.<\/p>\n","protected":false},"excerpt":{"rendered":"<p>\ud83c\udf3f Bal\u0131nyurdu Pamuk Bal\u0131 \u2013 Do\u011fall\u0131\u011f\u0131n En Tatl\u0131 Hali! \ud83c\udf3f Do\u011fan\u0131n en \u00f6zel arma\u011fanlar\u0131ndan biri olan Bal\u0131nyurdu Pamuk Bal\u0131, pamuk \u00e7i\u00e7eklerinin saf nektar\u0131ndan \u00f6zenle \u00fcretiliyor. Her damlas\u0131nda do\u011fall\u0131\u011f\u0131, her ka\u015f\u0131kta Ege\u2019nin tertemiz havas\u0131n\u0131 hissedece\u011finiz bu \u00f6zel bal, sofralar\u0131n\u0131za hem lezzet hem sa\u011fl\u0131k getiriyor. Ve kar\u015f\u0131n\u0131zda: Balk\u0131z\u0131! Bal\u0131nyurdu\u2019nun ne\u015feli, enerjik ve do\u011faya \u00e2\u015f\u0131k y\u00fcz\u00fc\u2026 Balk\u0131z\u0131, binlerce [&hellip;]<\/p>\n","protected":false},"featured_media":8483,"comment_status":"open","ping_status":"closed","template":"","meta":[],"product_cat":[15,116,117],"product_tag":[],"class_list":{"0":"post-8484","1":"product","2":"type-product","3":"status-publish","4":"has-post-thumbnail","6":"product_brand-balinyurdu","7":"product_cat-genel","8":"product_cat-marmaris-yoresi","9":"product_cat-minik-boy-ballar","11":"first","12":"instock","13":"sale","14":"taxable","15":"shipping-taxable","16":"purchasable","17":"product-type-simple"},"_links":{"self":[{"href":"https:\/\/balinyurdu.com\/index.php?rest_route=\/wp\/v2\/product\/8484","targetHints":{"allow":["GET"]}}],"collection":[{"href":"https:\/\/balinyurdu.com\/index.php?rest_route=\/wp\/v2\/product"}],"about":[{"href":"https:\/\/balinyurdu.com\/index.php?rest_route=\/wp\/v2\/types\/product"}],"replies":[{"embeddable":true,"href":"https:\/\/balinyurdu.com\/index.php?rest_route=%2Fwp%2Fv2%2Fcomments&post=8484"}],"wp:featuredmedia":[{"embeddable":true,"href":"https:\/\/balinyurdu.com\/index.php?rest_route=\/wp\/v2\/media\/8483"}],"wp:attachment":[{"href":"https:\/\/balinyurdu.com\/index.php?rest_route=%2Fwp%2Fv2%2Fmedia&parent=8484"}],"wp:term":[{"taxonomy":"product_cat","embeddable":true,"href":"https:\/\/balinyurdu.com\/index.php?rest_route=%2Fwp%2Fv2%2Fproduct_cat&post=8484"},{"taxonomy":"product_tag","embeddable":true,"href":"https:\/\/balinyurdu.com\/index.php?rest_route=%2Fwp%2Fv2%2Fproduct_tag&post=8484"}],"curies":[{"name":"wp","href":"https:\/\/api.w.org\/{rel}","templated":true}]}}