{"id":8494,"date":"2025-08-09T17:56:59","date_gmt":"2025-08-09T14:56:59","guid":{"rendered":"https:\/\/balinyurdu.com\/?post_type=product&#038;p=8494"},"modified":"2025-08-09T17:57:01","modified_gmt":"2025-08-09T14:57:01","slug":"marmaris-narenciye-bali-225-gr","status":"publish","type":"product","link":"https:\/\/balinyurdu.com\/?product=marmaris-narenciye-bali-225-gr","title":{"rendered":"MARMAR\u0130S NARENC\u0130YE BALI 225 GR"},"content":{"rendered":"<p data-start=\"150\" data-end=\"216\">\ud83c\udf4a <strong data-start=\"153\" data-end=\"213\">Bal\u0131nyurdu Narenciye Bal\u0131 \u2013 G\u00fcne\u015fin Tad\u0131n\u0131 Balda Yakala!<\/strong> \ud83c\udf4a<\/p>\n<p data-start=\"218\" data-end=\"375\">Turun\u00e7 \u00e7i\u00e7eklerinin mis gibi kokusu, Akdeniz\u2019in \u0131l\u0131k meltemiyle bulu\u015ftu\u2026 Ortaya taptaze, hafif ve ferahlat\u0131c\u0131 bir tat \u00e7\u0131kt\u0131:<br data-start=\"342\" data-end=\"345\" \/><strong data-start=\"345\" data-end=\"375\">Bal\u0131nyurdu Narenciye Bal\u0131!<\/strong><\/p>\n<p data-start=\"377\" data-end=\"593\">\ud83c\udf1e <strong data-start=\"380\" data-end=\"402\">Balk\u0131z\u0131 anlat\u0131yor:<\/strong><br data-start=\"402\" data-end=\"405\" \/>&#8220;Sabah\u0131n ilk \u0131\u015f\u0131klar\u0131nda narenciye bah\u00e7elerinde u\u00e7mak gibisi yok! O \u00e7i\u00e7eklerin taptaze kokusu, i\u015fte bu bal\u0131n s\u0131rr\u0131. Ferah m\u0131 ferah, i\u00e7 a\u00e7\u0131c\u0131 ve yumu\u015fac\u0131k\u2026 Benim yaz favorim kesinlikle bu!&#8221;<\/p>\n<p data-start=\"595\" data-end=\"919\">\ud83c\udf6f <strong data-start=\"598\" data-end=\"650\">Bal\u0131nyurdu Narenciye Bal\u0131 Neden Tercih Edilmeli?<\/strong><br data-start=\"650\" data-end=\"653\" \/>\u2714 Portakal, limon ve mandalina \u00e7i\u00e7eklerinden gelen hafif, meyvemsi aroma<br data-start=\"725\" data-end=\"728\" \/>\u2714 A\u00e7\u0131k renkli, ak\u0131\u015fkan ve yumu\u015fak dokulu<br data-start=\"768\" data-end=\"771\" \/>\u2714 \u00c7ocuklar ve bal t\u00fcketimine yeni ba\u015flayanlar i\u00e7in ideal<br data-start=\"827\" data-end=\"830\" \/>\u2714 %100 do\u011fal, katk\u0131s\u0131z ve analiz garantili<br data-start=\"872\" data-end=\"875\" \/>\u2714 Kahvalt\u0131lara ne\u015fe, tariflere tazelik katar<\/p>\n<p data-start=\"921\" data-end=\"1120\">\ud83c\udf3c Balk\u0131z\u0131\u2019n\u0131n kanatlar\u0131nda gelen Akdeniz g\u00fcne\u015fi \u015fimdi sofran\u0131zda!<br data-start=\"987\" data-end=\"990\" \/>Do\u011fall\u0131\u011f\u0131n, tazeli\u011fin ve hafifli\u011fin m\u00fckemmel birle\u015fimi: <strong data-start=\"1046\" data-end=\"1075\">Bal\u0131nyurdu Narenciye Bal\u0131<\/strong> ile her g\u00fcne g\u00fcne\u015f gibi bir ba\u015flang\u0131\u00e7 yap\u0131n.<\/p>\n","protected":false},"excerpt":{"rendered":"<p>\ud83c\udf4a Bal\u0131nyurdu Narenciye Bal\u0131 \u2013 G\u00fcne\u015fin Tad\u0131n\u0131 Balda Yakala! \ud83c\udf4a Turun\u00e7 \u00e7i\u00e7eklerinin mis gibi kokusu, Akdeniz\u2019in \u0131l\u0131k meltemiyle bulu\u015ftu\u2026 Ortaya taptaze, hafif ve ferahlat\u0131c\u0131 bir tat \u00e7\u0131kt\u0131:Bal\u0131nyurdu Narenciye Bal\u0131! \ud83c\udf1e Balk\u0131z\u0131 anlat\u0131yor:&#8220;Sabah\u0131n ilk \u0131\u015f\u0131klar\u0131nda narenciye bah\u00e7elerinde u\u00e7mak gibisi yok! O \u00e7i\u00e7eklerin taptaze kokusu, i\u015fte bu bal\u0131n s\u0131rr\u0131. Ferah m\u0131 ferah, i\u00e7 a\u00e7\u0131c\u0131 ve yumu\u015fac\u0131k\u2026 Benim [&hellip;]<\/p>\n","protected":false},"featured_media":8492,"comment_status":"open","ping_status":"closed","template":"","meta":[],"product_cat":[15,116,117],"product_tag":[],"class_list":{"0":"post-8494","1":"product","2":"type-product","3":"status-publish","4":"has-post-thumbnail","6":"product_brand-balinyurdu","7":"product_cat-genel","8":"product_cat-marmaris-yoresi","9":"product_cat-minik-boy-ballar","11":"first","12":"instock","13":"sale","14":"taxable","15":"shipping-taxable","16":"purchasable","17":"product-type-simple"},"_links":{"self":[{"href":"https:\/\/balinyurdu.com\/index.php?rest_route=\/wp\/v2\/product\/8494","targetHints":{"allow":["GET"]}}],"collection":[{"href":"https:\/\/balinyurdu.com\/index.php?rest_route=\/wp\/v2\/product"}],"about":[{"href":"https:\/\/balinyurdu.com\/index.php?rest_route=\/wp\/v2\/types\/product"}],"replies":[{"embeddable":true,"href":"https:\/\/balinyurdu.com\/index.php?rest_route=%2Fwp%2Fv2%2Fcomments&post=8494"}],"wp:featuredmedia":[{"embeddable":true,"href":"https:\/\/balinyurdu.com\/index.php?rest_route=\/wp\/v2\/media\/8492"}],"wp:attachment":[{"href":"https:\/\/balinyurdu.com\/index.php?rest_route=%2Fwp%2Fv2%2Fmedia&parent=8494"}],"wp:term":[{"taxonomy":"product_cat","embeddable":true,"href":"https:\/\/balinyurdu.com\/index.php?rest_route=%2Fwp%2Fv2%2Fproduct_cat&post=8494"},{"taxonomy":"product_tag","embeddable":true,"href":"https:\/\/balinyurdu.com\/index.php?rest_route=%2Fwp%2Fv2%2Fproduct_tag&post=8494"}],"curies":[{"name":"wp","href":"https:\/\/api.w.org\/{rel}","templated":true}]}}