{"id":8503,"date":"2025-08-09T18:47:20","date_gmt":"2025-08-09T15:47:20","guid":{"rendered":"https:\/\/balinyurdu.com\/?post_type=product&#038;p=8503"},"modified":"2025-08-09T18:47:21","modified_gmt":"2025-08-09T15:47:21","slug":"marmaris-rezene-bali-850-gr","status":"publish","type":"product","link":"https:\/\/balinyurdu.com\/?product=marmaris-rezene-bali-850-gr","title":{"rendered":"MARMAR\u0130S REZENE BALI 850 GR"},"content":{"rendered":"<p data-start=\"119\" data-end=\"179\"><strong data-start=\"119\" data-end=\"177\">\ud83c\udf3e BALINYURDU REZENE BALI \u2013 Do\u011fan\u0131n \u015eifal\u0131 Dokunu\u015fu \ud83c\udf3e<\/strong><\/p>\n<p data-start=\"181\" data-end=\"425\">Anadolu\u2019nun bereketli topraklar\u0131nda yeti\u015fen rezenenin \u015fifal\u0131 kokusu, ar\u0131lar\u0131m\u0131z\u0131n eme\u011fiyle e\u015fsiz bir bala d\u00f6n\u00fc\u015f\u00fcyor\u2026 Balinyurdu Rezene Bal\u0131, hafif anasonumsu aromas\u0131, yumu\u015fak i\u00e7imi ve do\u011fal \u015fifas\u0131yla sofralar\u0131n\u0131za hem lezzet hem sa\u011fl\u0131k ta\u015f\u0131r.<\/p>\n<p data-start=\"427\" data-end=\"696\">Marka y\u00fcz\u00fcm\u00fcz <strong data-start=\"441\" data-end=\"451\">Balk\u0131z<\/strong>, bu \u00f6zel bal\u0131 \u201cdo\u011fan\u0131n nazik hekimi\u201d olarak tan\u0131ml\u0131yor. \u00c7\u00fcnk\u00fc Balinyurdu, rezene tarlalar\u0131n\u0131n ortas\u0131nda, kimyasaldan uzak, tamamen do\u011fal \u00fcretim yapar. Her kavanozda do\u011faya duyulan sayg\u0131, eme\u011fin k\u0131ymeti ve sa\u011fl\u0131\u011f\u0131n\u0131za g\u00f6sterilen \u00f6zen sakl\u0131d\u0131r.<\/p>\n<p data-start=\"698\" data-end=\"911\">Rezene bal\u0131; sindirimi destekleyici, gaz ve \u015fi\u015fkinlik giderici, rahatlat\u0131c\u0131 \u00f6zellikleriyle bilinir. \u00d6zellikle bebekli anneler, uyku \u00f6ncesinde veya hafif rahats\u0131zl\u0131k anlar\u0131nda do\u011fal bir destek olarak tercih eder.<\/p>\n<p data-start=\"913\" data-end=\"1073\"><strong data-start=\"913\" data-end=\"939\">Balinyurdu Rezene Bal\u0131<\/strong> \u2014 \u015eifa, do\u011fall\u0131k ve tat bir arada.<br data-start=\"974\" data-end=\"977\" \/>\ud83c\udf3e <strong data-start=\"980\" data-end=\"1004\">Balk\u0131z\u2019\u0131n tavsiyesi:<\/strong> \u201cBir ka\u015f\u0131k rezene bal\u0131, midenize huzur, ruhunuza dinginlik katar.\u201d<\/p>\n","protected":false},"excerpt":{"rendered":"<p>\ud83c\udf3e BALINYURDU REZENE BALI \u2013 Do\u011fan\u0131n \u015eifal\u0131 Dokunu\u015fu \ud83c\udf3e Anadolu\u2019nun bereketli topraklar\u0131nda yeti\u015fen rezenenin \u015fifal\u0131 kokusu, ar\u0131lar\u0131m\u0131z\u0131n eme\u011fiyle e\u015fsiz bir bala d\u00f6n\u00fc\u015f\u00fcyor\u2026 Balinyurdu Rezene Bal\u0131, hafif anasonumsu aromas\u0131, yumu\u015fak i\u00e7imi ve do\u011fal \u015fifas\u0131yla sofralar\u0131n\u0131za hem lezzet hem sa\u011fl\u0131k ta\u015f\u0131r. Marka y\u00fcz\u00fcm\u00fcz Balk\u0131z, bu \u00f6zel bal\u0131 \u201cdo\u011fan\u0131n nazik hekimi\u201d olarak tan\u0131ml\u0131yor. \u00c7\u00fcnk\u00fc Balinyurdu, rezene tarlalar\u0131n\u0131n ortas\u0131nda, [&hellip;]<\/p>\n","protected":false},"featured_media":8504,"comment_status":"open","ping_status":"closed","template":"","meta":[],"product_cat":[15,116,106],"product_tag":[],"class_list":{"0":"post-8503","1":"product","2":"type-product","3":"status-publish","4":"has-post-thumbnail","6":"product_brand-balinyurdu","7":"product_cat-genel","8":"product_cat-marmaris-yoresi","9":"product_cat-ozelballar","11":"first","12":"instock","13":"sale","14":"taxable","15":"shipping-taxable","16":"purchasable","17":"product-type-simple"},"_links":{"self":[{"href":"https:\/\/balinyurdu.com\/index.php?rest_route=\/wp\/v2\/product\/8503","targetHints":{"allow":["GET"]}}],"collection":[{"href":"https:\/\/balinyurdu.com\/index.php?rest_route=\/wp\/v2\/product"}],"about":[{"href":"https:\/\/balinyurdu.com\/index.php?rest_route=\/wp\/v2\/types\/product"}],"replies":[{"embeddable":true,"href":"https:\/\/balinyurdu.com\/index.php?rest_route=%2Fwp%2Fv2%2Fcomments&post=8503"}],"wp:featuredmedia":[{"embeddable":true,"href":"https:\/\/balinyurdu.com\/index.php?rest_route=\/wp\/v2\/media\/8504"}],"wp:attachment":[{"href":"https:\/\/balinyurdu.com\/index.php?rest_route=%2Fwp%2Fv2%2Fmedia&parent=8503"}],"wp:term":[{"taxonomy":"product_cat","embeddable":true,"href":"https:\/\/balinyurdu.com\/index.php?rest_route=%2Fwp%2Fv2%2Fproduct_cat&post=8503"},{"taxonomy":"product_tag","embeddable":true,"href":"https:\/\/balinyurdu.com\/index.php?rest_route=%2Fwp%2Fv2%2Fproduct_tag&post=8503"}],"curies":[{"name":"wp","href":"https:\/\/api.w.org\/{rel}","templated":true}]}}